{"id":1561,"date":"2024-05-07T09:02:52","date_gmt":"2024-05-07T07:02:52","guid":{"rendered":"https:\/\/perghermilano.com\/?page_id=1561"},"modified":"2024-05-07T09:08:07","modified_gmt":"2024-05-07T07:08:07","slug":"avviso-legale","status":"publish","type":"page","link":"https:\/\/perghermilano.com\/en\/avviso-legale\/","title":{"rendered":"Legal notice"},"content":{"rendered":"<div data-elementor-type=\"wp-page\" data-elementor-id=\"1561\" class=\"elementor elementor-1561\" data-elementor-post-type=\"page\">\n\t\t\t\t\t\t<section class=\"elementor-section elementor-top-section elementor-element elementor-element-4ed0f4ce elementor-section-boxed elementor-section-height-default elementor-section-height-default\" data-id=\"4ed0f4ce\" data-element_type=\"section\" data-e-type=\"section\" data-settings=\"{&quot;background_background&quot;:&quot;classic&quot;}\">\n\t\t\t\t\t\t\t<div class=\"elementor-background-overlay\"><\/div>\n\t\t\t\t\t\t\t<div class=\"elementor-container elementor-column-gap-default\">\n\t\t\t\t\t<div class=\"elementor-column elementor-col-100 elementor-top-column elementor-element elementor-element-2ba2c3ea elementor-invisible\" data-id=\"2ba2c3ea\" data-element_type=\"column\" data-e-type=\"column\" data-settings=\"{&quot;animation&quot;:&quot;bounceInUp&quot;}\">\n\t\t\t<div class=\"elementor-widget-wrap elementor-element-populated\">\n\t\t\t\t\t\t<div class=\"elementor-element elementor-element-368e3cbb elementor-widget elementor-widget-heading\" data-id=\"368e3cbb\" data-element_type=\"widget\" data-e-type=\"widget\" data-widget_type=\"heading.default\">\n\t\t\t\t<div class=\"elementor-widget-container\">\n\t\t\t\t\t<h1 class=\"elementor-heading-title elementor-size-default\">Legal notice<\/h1>\t\t\t\t<\/div>\n\t\t\t\t<\/div>\n\t\t\t\t\t<\/div>\n\t\t<\/div>\n\t\t\t\t\t<\/div>\n\t\t<\/section>\n\t\t\t\t<section class=\"elementor-section elementor-top-section elementor-element elementor-element-65d7d935 elementor-section-boxed elementor-section-height-default elementor-section-height-default\" data-id=\"65d7d935\" data-element_type=\"section\" data-e-type=\"section\">\n\t\t\t\t\t\t<div class=\"elementor-container elementor-column-gap-default\">\n\t\t\t\t\t<div class=\"elementor-column elementor-col-100 elementor-top-column elementor-element elementor-element-14469853\" data-id=\"14469853\" data-element_type=\"column\" data-e-type=\"column\">\n\t\t\t<div class=\"elementor-widget-wrap elementor-element-populated\">\n\t\t\t\t\t\t<div class=\"elementor-element elementor-element-5bf57302 elementor-widget elementor-widget-text-editor\" data-id=\"5bf57302\" data-element_type=\"widget\" data-e-type=\"widget\" data-widget_type=\"text-editor.default\">\n\t\t\t\t<div class=\"elementor-widget-container\">\n\t\t\t\t\t\t\t\t\t<p>Pursuant to law 34\/2002, on information society services and electronic commerce, we inform you that this website is the property of Pergher Milano 1990 SL, (hereinafter \u201cTHE OWNER\u201d), with CIF: B72420482, with address in c. Carrer de Giufr\u00e9 el Pil\u00f3s 4; telephone 608 832 986.\u00a0<\/p><p>INTELLECTUAL AND INDUSTRIAL PROPERTY<\/p><p>The contents of this site, including texts, images and graphic designs, belong to the OWNER, or to third parties who have authorized their use. THE OWNER presents this content for informational and promotional purposes. THE OWNER authorizes its use exclusively for these purposes. Any use of these designs, images or texts must expressly cite their belonging to the OWNER, who reserves the right to take appropriate legal action to repair the damage caused by any act that violates its intellectual or industrial property rights.<\/p><p>\u00a0<\/p><p>DISCLAIMER<\/p><p>THE OWNER acts with the greatest possible diligence so that the data and information offered on its website are always up to date, although it does not guarantee or assume responsibility for the accuracy and updating of the contents of the website, reserving the right to modify them contents at any time. THE OWNER will not be responsible for the information that can be obtained through the links included in the website.<\/p><p>Commercial relationships with customers will be governed by the General Conditions which, if applicable, are established by the OWNER in a specific document for this purpose, or by specific agreements that may be agreed with customers.<\/p><p>\u00a0<\/p><p>TERMS OF USE<\/p><p>The use of this website implies full acceptance of the terms of this legal notice. Any conflicts related to this website will be governed exclusively by the law of the Spanish State. Each user of the website, regardless of the territorial jurisdiction from which access takes place, accepts the observance and respect of these clauses, expressly waiving any other jurisdiction that may apply.<\/p>\t\t\t\t\t\t\t\t<\/div>\n\t\t\t\t<\/div>\n\t\t\t\t\t<\/div>\n\t\t<\/div>\n\t\t\t\t\t<\/div>\n\t\t<\/section>\n\t\t\t\t<\/div>","protected":false},"excerpt":{"rendered":"<p>Pursuant to Law 34\/2002 on Information Society Services and Electronic Commerce, we inform you that this website is owned by Pergher Milano 1990 SL (hereinafter &quot;THE OWNER&quot;), with CIF: B72420482, and an address at Carrer de Giufr\u00e9 el Pil\u00f3s 4; telephone number 608 832 986. INTELLECTUAL AND INDUSTRIAL PROPERTY The contents\u2026&nbsp;<\/p>","protected":false},"author":1,"featured_media":0,"parent":0,"menu_order":0,"comment_status":"closed","ping_status":"closed","template":"page-templates\/template-pagebuilder-full-width.php","meta":{"neve_meta_sidebar":"","neve_meta_container":"","neve_meta_enable_content_width":"off","neve_meta_content_width":100,"neve_meta_title_alignment":"","neve_meta_author_avatar":"","neve_post_elements_order":"","neve_meta_disable_header":"","neve_meta_disable_footer":"","neve_meta_disable_title":"","_joinchat":[],"footnotes":""},"class_list":["post-1561","page","type-page","status-publish","hentry"],"yoast_head":"<!-- This site is optimized with the Yoast SEO plugin v27.4 - https:\/\/yoast.com\/product\/yoast-seo-wordpress\/ -->\n<title>Avviso legale - PERGHER MILANO<\/title>\n<meta name=\"robots\" content=\"index, follow, max-snippet:-1, max-image-preview:large, max-video-preview:-1\" \/>\n<link rel=\"canonical\" href=\"https:\/\/perghermilano.com\/en\/avviso-legale\/\" \/>\n<meta property=\"og:locale\" content=\"en_US\" \/>\n<meta property=\"og:type\" content=\"article\" \/>\n<meta property=\"og:title\" content=\"Avviso legale - PERGHER MILANO\" \/>\n<meta property=\"og:description\" content=\"Ai sensi della legge 34\/2002, sui servizi della societ\u00e0 dell&#8217;informazione e sul commercio elettronico, ti informiamo che questo sito web \u00e8 di propriet\u00e0 di Pergher Milano 1990 S.L, (di seguito \u201cIL PROPRIETARIO\u201d), con CIF: B72420482, con indirizzo in c. Carrer de Giufr\u00e9 el Pil\u00f3s 4; telefono 608 832 986.\u00a0 PROPRIET\u00c0 INTELLETTUALE E INDUSTRIALE I contenuti&hellip;&nbsp;\" \/>\n<meta property=\"og:url\" content=\"https:\/\/perghermilano.com\/en\/avviso-legale\/\" \/>\n<meta property=\"og:site_name\" content=\"PERGHER MILANO\" \/>\n<meta property=\"article:modified_time\" content=\"2024-05-07T07:08:07+00:00\" \/>\n<meta name=\"twitter:card\" content=\"summary_large_image\" \/>\n<meta name=\"twitter:label1\" content=\"Est. reading time\" \/>\n\t<meta name=\"twitter:data1\" content=\"2 minutes\" \/>\n<script type=\"application\/ld+json\" class=\"yoast-schema-graph\">{\"@context\":\"https:\\\/\\\/schema.org\",\"@graph\":[{\"@type\":\"WebPage\",\"@id\":\"https:\\\/\\\/perghermilano.com\\\/avviso-legale\\\/\",\"url\":\"https:\\\/\\\/perghermilano.com\\\/avviso-legale\\\/\",\"name\":\"Avviso legale - PERGHER MILANO\",\"isPartOf\":{\"@id\":\"https:\\\/\\\/perghermilano.com\\\/#website\"},\"datePublished\":\"2024-05-07T07:02:52+00:00\",\"dateModified\":\"2024-05-07T07:08:07+00:00\",\"breadcrumb\":{\"@id\":\"https:\\\/\\\/perghermilano.com\\\/avviso-legale\\\/#breadcrumb\"},\"inLanguage\":\"en-US\",\"potentialAction\":[{\"@type\":\"ReadAction\",\"target\":[\"https:\\\/\\\/perghermilano.com\\\/avviso-legale\\\/\"]}]},{\"@type\":\"BreadcrumbList\",\"@id\":\"https:\\\/\\\/perghermilano.com\\\/avviso-legale\\\/#breadcrumb\",\"itemListElement\":[{\"@type\":\"ListItem\",\"position\":1,\"name\":\"Inici\",\"item\":\"https:\\\/\\\/perghermilano.com\\\/\"},{\"@type\":\"ListItem\",\"position\":2,\"name\":\"Avviso legale\"}]},{\"@type\":\"WebSite\",\"@id\":\"https:\\\/\\\/perghermilano.com\\\/#website\",\"url\":\"https:\\\/\\\/perghermilano.com\\\/\",\"name\":\"PERGHER MILANO\",\"description\":\"Eleganza in ogni secondo, accessori che definiscono il tuo stile\",\"publisher\":{\"@id\":\"https:\\\/\\\/perghermilano.com\\\/#organization\"},\"potentialAction\":[{\"@type\":\"SearchAction\",\"target\":{\"@type\":\"EntryPoint\",\"urlTemplate\":\"https:\\\/\\\/perghermilano.com\\\/?s={search_term_string}\"},\"query-input\":{\"@type\":\"PropertyValueSpecification\",\"valueRequired\":true,\"valueName\":\"search_term_string\"}}],\"inLanguage\":\"en-US\"},{\"@type\":\"Organization\",\"@id\":\"https:\\\/\\\/perghermilano.com\\\/#organization\",\"name\":\"PERGHER MILANO\",\"url\":\"https:\\\/\\\/perghermilano.com\\\/\",\"logo\":{\"@type\":\"ImageObject\",\"inLanguage\":\"en-US\",\"@id\":\"https:\\\/\\\/perghermilano.com\\\/#\\\/schema\\\/logo\\\/image\\\/\",\"url\":\"https:\\\/\\\/perghermilano.com\\\/wp-content\\\/uploads\\\/2024\\\/03\\\/logoNeg@114.png\",\"contentUrl\":\"https:\\\/\\\/perghermilano.com\\\/wp-content\\\/uploads\\\/2024\\\/03\\\/logoNeg@114.png\",\"width\":528,\"height\":114,\"caption\":\"PERGHER MILANO\"},\"image\":{\"@id\":\"https:\\\/\\\/perghermilano.com\\\/#\\\/schema\\\/logo\\\/image\\\/\"}}]}<\/script>\n<!-- \/ Yoast SEO plugin. -->","yoast_head_json":{"title":"Avviso legale - PERGHER MILANO","robots":{"index":"index","follow":"follow","max-snippet":"max-snippet:-1","max-image-preview":"max-image-preview:large","max-video-preview":"max-video-preview:-1"},"canonical":"https:\/\/perghermilano.com\/en\/avviso-legale\/","og_locale":"en_US","og_type":"article","og_title":"Avviso legale - PERGHER MILANO","og_description":"Ai sensi della legge 34\/2002, sui servizi della societ\u00e0 dell&#8217;informazione e sul commercio elettronico, ti informiamo che questo sito web \u00e8 di propriet\u00e0 di Pergher Milano 1990 S.L, (di seguito \u201cIL PROPRIETARIO\u201d), con CIF: B72420482, con indirizzo in c. Carrer de Giufr\u00e9 el Pil\u00f3s 4; telefono 608 832 986.\u00a0 PROPRIET\u00c0 INTELLETTUALE E INDUSTRIALE I contenuti&hellip;&nbsp;","og_url":"https:\/\/perghermilano.com\/en\/avviso-legale\/","og_site_name":"PERGHER MILANO","article_modified_time":"2024-05-07T07:08:07+00:00","twitter_card":"summary_large_image","twitter_misc":{"Est. reading time":"2 minutes"},"schema":{"@context":"https:\/\/schema.org","@graph":[{"@type":"WebPage","@id":"https:\/\/perghermilano.com\/avviso-legale\/","url":"https:\/\/perghermilano.com\/avviso-legale\/","name":"Avviso legale - PERGHER MILANO","isPartOf":{"@id":"https:\/\/perghermilano.com\/#website"},"datePublished":"2024-05-07T07:02:52+00:00","dateModified":"2024-05-07T07:08:07+00:00","breadcrumb":{"@id":"https:\/\/perghermilano.com\/avviso-legale\/#breadcrumb"},"inLanguage":"en-US","potentialAction":[{"@type":"ReadAction","target":["https:\/\/perghermilano.com\/avviso-legale\/"]}]},{"@type":"BreadcrumbList","@id":"https:\/\/perghermilano.com\/avviso-legale\/#breadcrumb","itemListElement":[{"@type":"ListItem","position":1,"name":"Inici","item":"https:\/\/perghermilano.com\/"},{"@type":"ListItem","position":2,"name":"Avviso legale"}]},{"@type":"WebSite","@id":"https:\/\/perghermilano.com\/#website","url":"https:\/\/perghermilano.com\/","name":"PERGHER MILAN","description":"Elegance in every second, accessories that define your style","publisher":{"@id":"https:\/\/perghermilano.com\/#organization"},"potentialAction":[{"@type":"SearchAction","target":{"@type":"EntryPoint","urlTemplate":"https:\/\/perghermilano.com\/?s={search_term_string}"},"query-input":{"@type":"PropertyValueSpecification","valueRequired":true,"valueName":"search_term_string"}}],"inLanguage":"en-US"},{"@type":"Organization","@id":"https:\/\/perghermilano.com\/#organization","name":"PERGHER MILAN","url":"https:\/\/perghermilano.com\/","logo":{"@type":"ImageObject","inLanguage":"en-US","@id":"https:\/\/perghermilano.com\/#\/schema\/logo\/image\/","url":"https:\/\/perghermilano.com\/wp-content\/uploads\/2024\/03\/logoNeg@114.png","contentUrl":"https:\/\/perghermilano.com\/wp-content\/uploads\/2024\/03\/logoNeg@114.png","width":528,"height":114,"caption":"PERGHER MILANO"},"image":{"@id":"https:\/\/perghermilano.com\/#\/schema\/logo\/image\/"}}]}},"_links":{"self":[{"href":"https:\/\/perghermilano.com\/en\/wp-json\/wp\/v2\/pages\/1561","targetHints":{"allow":["GET"]}}],"collection":[{"href":"https:\/\/perghermilano.com\/en\/wp-json\/wp\/v2\/pages"}],"about":[{"href":"https:\/\/perghermilano.com\/en\/wp-json\/wp\/v2\/types\/page"}],"author":[{"embeddable":true,"href":"https:\/\/perghermilano.com\/en\/wp-json\/wp\/v2\/users\/1"}],"replies":[{"embeddable":true,"href":"https:\/\/perghermilano.com\/en\/wp-json\/wp\/v2\/comments?post=1561"}],"version-history":[{"count":5,"href":"https:\/\/perghermilano.com\/en\/wp-json\/wp\/v2\/pages\/1561\/revisions"}],"predecessor-version":[{"id":1567,"href":"https:\/\/perghermilano.com\/en\/wp-json\/wp\/v2\/pages\/1561\/revisions\/1567"}],"wp:attachment":[{"href":"https:\/\/perghermilano.com\/en\/wp-json\/wp\/v2\/media?parent=1561"}],"curies":[{"name":"wp","href":"https:\/\/api.w.org\/{rel}","templated":true}]}}