{"id":1595,"date":"2024-05-07T10:07:32","date_gmt":"2024-05-07T08:07:32","guid":{"rendered":"https:\/\/perghermilano.com\/?page_id=1595"},"modified":"2024-05-07T10:09:22","modified_gmt":"2024-05-07T08:09:22","slug":"dichiarazione-di-accessibilita","status":"publish","type":"page","link":"https:\/\/perghermilano.com\/en\/dichiarazione-di-accessibilita\/","title":{"rendered":"Accessibility statement"},"content":{"rendered":"<div data-elementor-type=\"wp-page\" data-elementor-id=\"1595\" class=\"elementor elementor-1595\" data-elementor-post-type=\"page\">\n\t\t\t\t\t\t<section class=\"elementor-section elementor-top-section elementor-element elementor-element-4ed0f4ce elementor-section-boxed elementor-section-height-default elementor-section-height-default\" data-id=\"4ed0f4ce\" data-element_type=\"section\" data-e-type=\"section\" data-settings=\"{&quot;background_background&quot;:&quot;classic&quot;}\">\n\t\t\t\t\t\t\t<div class=\"elementor-background-overlay\"><\/div>\n\t\t\t\t\t\t\t<div class=\"elementor-container elementor-column-gap-default\">\n\t\t\t\t\t<div class=\"elementor-column elementor-col-100 elementor-top-column elementor-element elementor-element-2ba2c3ea elementor-invisible\" data-id=\"2ba2c3ea\" data-element_type=\"column\" data-e-type=\"column\" data-settings=\"{&quot;animation&quot;:&quot;bounceInUp&quot;}\">\n\t\t\t<div class=\"elementor-widget-wrap elementor-element-populated\">\n\t\t\t\t\t\t<div class=\"elementor-element elementor-element-368e3cbb elementor-widget elementor-widget-heading\" data-id=\"368e3cbb\" data-element_type=\"widget\" data-e-type=\"widget\" data-widget_type=\"heading.default\">\n\t\t\t\t<div class=\"elementor-widget-container\">\n\t\t\t\t\t<h1 class=\"elementor-heading-title elementor-size-default\">Accessibility statement<\/h1>\t\t\t\t<\/div>\n\t\t\t\t<\/div>\n\t\t\t\t\t<\/div>\n\t\t<\/div>\n\t\t\t\t\t<\/div>\n\t\t<\/section>\n\t\t\t\t<section class=\"elementor-section elementor-top-section elementor-element elementor-element-65d7d935 elementor-section-boxed elementor-section-height-default elementor-section-height-default\" data-id=\"65d7d935\" data-element_type=\"section\" data-e-type=\"section\">\n\t\t\t\t\t\t<div class=\"elementor-container elementor-column-gap-default\">\n\t\t\t\t\t<div class=\"elementor-column elementor-col-100 elementor-top-column elementor-element elementor-element-14469853\" data-id=\"14469853\" data-element_type=\"column\" data-e-type=\"column\">\n\t\t\t<div class=\"elementor-widget-wrap elementor-element-populated\">\n\t\t\t\t\t\t<div class=\"elementor-element elementor-element-5bf57302 elementor-widget elementor-widget-text-editor\" data-id=\"5bf57302\" data-element_type=\"widget\" data-e-type=\"widget\" data-widget_type=\"text-editor.default\">\n\t\t\t\t<div class=\"elementor-widget-container\">\n\t\t\t\t\t\t\t\t\t<p>Artificial grass Pergher Milan. has committed to making its website accessible, in accordance with Royal Decree 1112\/2018, of 7 September, on the accessibility of websites and applications for mobile devices in the public sector.<\/p><p>This accessibility declaration applies to the website https:\/\/www.perghermilano.com\/<\/p><p>Compliance status<\/p><p>This website is developed in accordance with RD 1112\/2018<\/p><p>Preparing for the next accessibility statement<\/p><p>This statement was prepared on January 2, 2023.<\/p><p>The method used to prepare the declaration was that of self-assessment.<\/p><p>Observations and contacts<\/p><p>It is possible to make communications on accessibility requirements (article 10.2.a of RD 1112\/2018) such as, for example:<\/p><p>Report any possible violation on this site<br \/>Convey other difficulties accessing content<br \/>Ask any other questions or suggestions to improve the accessibility of the website<\/p><p>via the contact form on this site or via the telephone number (+34) 608 832 986.<\/p><p>You can present:<\/p><p>Complaint relating to compliance with the requirements of RD 1112\/2018 o<br \/>Request for accessible information relating to:<br \/>Contents excluded from the scope of application of RD 1112\/2018 as established by article 3, paragraph 4<br \/>Content exempt from compliance with accessibility requirements because it imposes a disproportionate burden<br \/>The Request for Accessible Information must clearly specify the facts, reasons and request that allow us to verify that it is a reasonable and legitimate request.<\/p><p>Complaints and claims relating to the accessible information will be submitted via the electronic headquarters (https:\/\/sede.red.gob.es\/procedimientos\/quejas-y-sugerencias) and will be received and processed by Red&#039;s Information Systems area. e.g.<\/p><p>Optional content<\/p><p>If you want to change the font size of the text in the main graphic browsers use the following menus:<\/p><p>Internet Explorer, Mozilla and Firefox: View &gt; Text Size<br \/>Opera: View &gt; Zoom<br \/>Safari: View &gt; Enlarge Text<br \/>Chrome: Check current page &gt; Text size<br \/>To resize everything on the page:<br \/>Ctrl + + to increase it<br \/>Ctrl + \u2013 to decrease it<br \/>Ctrl + 0 restores the original text size<br \/>If what you want is to override the style sheet or change the color of the text, you can consult the How to change the size or colors of the text WAI page, which can be read translated into Spanish in How to change the size or colors of the text?<\/p>\t\t\t\t\t\t\t\t<\/div>\n\t\t\t\t<\/div>\n\t\t\t\t\t<\/div>\n\t\t<\/div>\n\t\t\t\t\t<\/div>\n\t\t<\/section>\n\t\t\t\t<\/div>","protected":false},"excerpt":{"rendered":"<p>Artificial Grass Pergher Milano is committed to making its website accessible in accordance with Royal Decree 1112\/2018, dated September 7, on the accessibility of public sector websites and mobile applications. This accessibility statement applies to the website https:\/\/www.perghermilano.com\/. Compliance Status This website is\u2026&nbsp;<\/p>","protected":false},"author":1,"featured_media":0,"parent":0,"menu_order":0,"comment_status":"closed","ping_status":"closed","template":"page-templates\/template-pagebuilder-full-width.php","meta":{"neve_meta_sidebar":"","neve_meta_container":"","neve_meta_enable_content_width":"off","neve_meta_content_width":100,"neve_meta_title_alignment":"","neve_meta_author_avatar":"","neve_post_elements_order":"","neve_meta_disable_header":"","neve_meta_disable_footer":"","neve_meta_disable_title":"","_joinchat":[],"footnotes":""},"class_list":["post-1595","page","type-page","status-publish","hentry"],"yoast_head":"<!-- This site is optimized with the Yoast SEO plugin v27.4 - https:\/\/yoast.com\/product\/yoast-seo-wordpress\/ -->\n<title>Dichiarazione di accessibilit\u00e0 - PERGHER MILANO<\/title>\n<meta name=\"robots\" content=\"index, follow, max-snippet:-1, max-image-preview:large, max-video-preview:-1\" \/>\n<link rel=\"canonical\" href=\"https:\/\/perghermilano.com\/en\/dichiarazione-di-accessibilita\/\" \/>\n<meta property=\"og:locale\" content=\"en_US\" \/>\n<meta property=\"og:type\" content=\"article\" \/>\n<meta property=\"og:title\" content=\"Dichiarazione di accessibilit\u00e0 - PERGHER MILANO\" \/>\n<meta property=\"og:description\" content=\"Erba artificiale Pergher Milano. si \u00e8 impegnata a rendere accessibile il proprio sito web, in conformit\u00e0 con il Regio Decreto 1112\/2018, del 7 settembre, sull&#8217;accessibilit\u00e0 dei siti web e delle applicazioni per dispositivi mobili del settore pubblico. La presente dichiarazione di accessibilit\u00e0 si applica al sito web https:\/\/www.perghermilano.com\/ Stato di conformit\u00e0 Questo sito web \u00e8&hellip;&nbsp;\" \/>\n<meta property=\"og:url\" content=\"https:\/\/perghermilano.com\/en\/dichiarazione-di-accessibilita\/\" \/>\n<meta property=\"og:site_name\" content=\"PERGHER MILANO\" \/>\n<meta property=\"article:modified_time\" content=\"2024-05-07T08:09:22+00:00\" \/>\n<meta name=\"twitter:card\" content=\"summary_large_image\" \/>\n<meta name=\"twitter:label1\" content=\"Est. reading time\" \/>\n\t<meta name=\"twitter:data1\" content=\"2 minutes\" \/>\n<script type=\"application\/ld+json\" class=\"yoast-schema-graph\">{\"@context\":\"https:\\\/\\\/schema.org\",\"@graph\":[{\"@type\":\"WebPage\",\"@id\":\"https:\\\/\\\/perghermilano.com\\\/dichiarazione-di-accessibilita\\\/\",\"url\":\"https:\\\/\\\/perghermilano.com\\\/dichiarazione-di-accessibilita\\\/\",\"name\":\"Dichiarazione di accessibilit\u00e0 - PERGHER MILANO\",\"isPartOf\":{\"@id\":\"https:\\\/\\\/perghermilano.com\\\/#website\"},\"datePublished\":\"2024-05-07T08:07:32+00:00\",\"dateModified\":\"2024-05-07T08:09:22+00:00\",\"breadcrumb\":{\"@id\":\"https:\\\/\\\/perghermilano.com\\\/dichiarazione-di-accessibilita\\\/#breadcrumb\"},\"inLanguage\":\"en-US\",\"potentialAction\":[{\"@type\":\"ReadAction\",\"target\":[\"https:\\\/\\\/perghermilano.com\\\/dichiarazione-di-accessibilita\\\/\"]}]},{\"@type\":\"BreadcrumbList\",\"@id\":\"https:\\\/\\\/perghermilano.com\\\/dichiarazione-di-accessibilita\\\/#breadcrumb\",\"itemListElement\":[{\"@type\":\"ListItem\",\"position\":1,\"name\":\"Inici\",\"item\":\"https:\\\/\\\/perghermilano.com\\\/\"},{\"@type\":\"ListItem\",\"position\":2,\"name\":\"Dichiarazione di accessibilit\u00e0\"}]},{\"@type\":\"WebSite\",\"@id\":\"https:\\\/\\\/perghermilano.com\\\/#website\",\"url\":\"https:\\\/\\\/perghermilano.com\\\/\",\"name\":\"PERGHER MILANO\",\"description\":\"Eleganza in ogni secondo, accessori che definiscono il tuo stile\",\"publisher\":{\"@id\":\"https:\\\/\\\/perghermilano.com\\\/#organization\"},\"potentialAction\":[{\"@type\":\"SearchAction\",\"target\":{\"@type\":\"EntryPoint\",\"urlTemplate\":\"https:\\\/\\\/perghermilano.com\\\/?s={search_term_string}\"},\"query-input\":{\"@type\":\"PropertyValueSpecification\",\"valueRequired\":true,\"valueName\":\"search_term_string\"}}],\"inLanguage\":\"en-US\"},{\"@type\":\"Organization\",\"@id\":\"https:\\\/\\\/perghermilano.com\\\/#organization\",\"name\":\"PERGHER MILANO\",\"url\":\"https:\\\/\\\/perghermilano.com\\\/\",\"logo\":{\"@type\":\"ImageObject\",\"inLanguage\":\"en-US\",\"@id\":\"https:\\\/\\\/perghermilano.com\\\/#\\\/schema\\\/logo\\\/image\\\/\",\"url\":\"https:\\\/\\\/perghermilano.com\\\/wp-content\\\/uploads\\\/2024\\\/03\\\/logoNeg@114.png\",\"contentUrl\":\"https:\\\/\\\/perghermilano.com\\\/wp-content\\\/uploads\\\/2024\\\/03\\\/logoNeg@114.png\",\"width\":528,\"height\":114,\"caption\":\"PERGHER MILANO\"},\"image\":{\"@id\":\"https:\\\/\\\/perghermilano.com\\\/#\\\/schema\\\/logo\\\/image\\\/\"}}]}<\/script>\n<!-- \/ Yoast SEO plugin. -->","yoast_head_json":{"title":"Dichiarazione di accessibilit\u00e0 - PERGHER MILANO","robots":{"index":"index","follow":"follow","max-snippet":"max-snippet:-1","max-image-preview":"max-image-preview:large","max-video-preview":"max-video-preview:-1"},"canonical":"https:\/\/perghermilano.com\/en\/dichiarazione-di-accessibilita\/","og_locale":"en_US","og_type":"article","og_title":"Dichiarazione di accessibilit\u00e0 - PERGHER MILANO","og_description":"Erba artificiale Pergher Milano. si \u00e8 impegnata a rendere accessibile il proprio sito web, in conformit\u00e0 con il Regio Decreto 1112\/2018, del 7 settembre, sull&#8217;accessibilit\u00e0 dei siti web e delle applicazioni per dispositivi mobili del settore pubblico. La presente dichiarazione di accessibilit\u00e0 si applica al sito web https:\/\/www.perghermilano.com\/ Stato di conformit\u00e0 Questo sito web \u00e8&hellip;&nbsp;","og_url":"https:\/\/perghermilano.com\/en\/dichiarazione-di-accessibilita\/","og_site_name":"PERGHER MILANO","article_modified_time":"2024-05-07T08:09:22+00:00","twitter_card":"summary_large_image","twitter_misc":{"Est. reading time":"2 minutes"},"schema":{"@context":"https:\/\/schema.org","@graph":[{"@type":"WebPage","@id":"https:\/\/perghermilano.com\/dichiarazione-di-accessibilita\/","url":"https:\/\/perghermilano.com\/dichiarazione-di-accessibilita\/","name":"Dichiarazione di accessibilit\u00e0 - PERGHER MILANO","isPartOf":{"@id":"https:\/\/perghermilano.com\/#website"},"datePublished":"2024-05-07T08:07:32+00:00","dateModified":"2024-05-07T08:09:22+00:00","breadcrumb":{"@id":"https:\/\/perghermilano.com\/dichiarazione-di-accessibilita\/#breadcrumb"},"inLanguage":"en-US","potentialAction":[{"@type":"ReadAction","target":["https:\/\/perghermilano.com\/dichiarazione-di-accessibilita\/"]}]},{"@type":"BreadcrumbList","@id":"https:\/\/perghermilano.com\/dichiarazione-di-accessibilita\/#breadcrumb","itemListElement":[{"@type":"ListItem","position":1,"name":"Inici","item":"https:\/\/perghermilano.com\/"},{"@type":"ListItem","position":2,"name":"Dichiarazione di accessibilit\u00e0"}]},{"@type":"WebSite","@id":"https:\/\/perghermilano.com\/#website","url":"https:\/\/perghermilano.com\/","name":"PERGHER MILAN","description":"Elegance in every second, accessories that define your style","publisher":{"@id":"https:\/\/perghermilano.com\/#organization"},"potentialAction":[{"@type":"SearchAction","target":{"@type":"EntryPoint","urlTemplate":"https:\/\/perghermilano.com\/?s={search_term_string}"},"query-input":{"@type":"PropertyValueSpecification","valueRequired":true,"valueName":"search_term_string"}}],"inLanguage":"en-US"},{"@type":"Organization","@id":"https:\/\/perghermilano.com\/#organization","name":"PERGHER MILAN","url":"https:\/\/perghermilano.com\/","logo":{"@type":"ImageObject","inLanguage":"en-US","@id":"https:\/\/perghermilano.com\/#\/schema\/logo\/image\/","url":"https:\/\/perghermilano.com\/wp-content\/uploads\/2024\/03\/logoNeg@114.png","contentUrl":"https:\/\/perghermilano.com\/wp-content\/uploads\/2024\/03\/logoNeg@114.png","width":528,"height":114,"caption":"PERGHER MILANO"},"image":{"@id":"https:\/\/perghermilano.com\/#\/schema\/logo\/image\/"}}]}},"_links":{"self":[{"href":"https:\/\/perghermilano.com\/en\/wp-json\/wp\/v2\/pages\/1595","targetHints":{"allow":["GET"]}}],"collection":[{"href":"https:\/\/perghermilano.com\/en\/wp-json\/wp\/v2\/pages"}],"about":[{"href":"https:\/\/perghermilano.com\/en\/wp-json\/wp\/v2\/types\/page"}],"author":[{"embeddable":true,"href":"https:\/\/perghermilano.com\/en\/wp-json\/wp\/v2\/users\/1"}],"replies":[{"embeddable":true,"href":"https:\/\/perghermilano.com\/en\/wp-json\/wp\/v2\/comments?post=1595"}],"version-history":[{"count":4,"href":"https:\/\/perghermilano.com\/en\/wp-json\/wp\/v2\/pages\/1595\/revisions"}],"predecessor-version":[{"id":1599,"href":"https:\/\/perghermilano.com\/en\/wp-json\/wp\/v2\/pages\/1595\/revisions\/1599"}],"wp:attachment":[{"href":"https:\/\/perghermilano.com\/en\/wp-json\/wp\/v2\/media?parent=1595"}],"curies":[{"name":"wp","href":"https:\/\/api.w.org\/{rel}","templated":true}]}}