{"id":1621,"date":"2024-05-07T10:45:16","date_gmt":"2024-05-07T08:45:16","guid":{"rendered":"https:\/\/perghermilano.com\/?post_type=product&#038;p=1621"},"modified":"2024-05-28T11:07:06","modified_gmt":"2024-05-28T09:07:06","slug":"marmotta-classica-10-orologi","status":"publish","type":"product","link":"https:\/\/perghermilano.com\/en\/product\/marmotta-classica-10-orologi\/","title":{"rendered":"Classic box for 10 watches"},"content":{"rendered":"<p>Classic case for 10 watches in eco-leather. The clasp is made of stainless steel, the interior is made of velvet with oval cushions and dividers, also made of velvet, and the external back is made of silk. Also suitable for larger watches.<\/p>","protected":false},"excerpt":{"rendered":"<p>Classic case for 10 watches in eco-leather. The clasp is made of stainless steel, the interior is made of velvet with oval cushions and dividers, also made of velvet, and the external back is made of silk. Also suitable for larger watches.<\/p>","protected":false},"featured_media":1622,"template":"","meta":{"neve_meta_sidebar":"","neve_meta_container":"","neve_meta_enable_content_width":"off","neve_meta_content_width":100,"neve_meta_title_alignment":"","neve_meta_author_avatar":"","neve_post_elements_order":"","neve_meta_disable_header":"","neve_meta_disable_footer":"","neve_meta_disable_title":"","_joinchat":[]},"product_brand":[],"product_cat":[51,59],"product_tag":[],"class_list":{"0":"post-1621","1":"product","2":"type-product","3":"status-publish","4":"has-post-thumbnail","6":"product_cat-scatola","7":"product_cat-scatola-scatola","9":"first","10":"instock","11":"shipping-taxable","12":"purchasable","13":"product-type-simple"},"yoast_head":"<!-- This site is optimized with the Yoast SEO plugin v27.4 - https:\/\/yoast.com\/product\/yoast-seo-wordpress\/ -->\n<title>Scatola classica per 10 orologi - PERGHER MILANO<\/title>\n<meta name=\"robots\" content=\"index, follow, max-snippet:-1, max-image-preview:large, max-video-preview:-1\" \/>\n<link rel=\"canonical\" href=\"https:\/\/perghermilano.com\/en\/product\/marmotta-classica-10-orologi\/\" \/>\n<meta property=\"og:locale\" content=\"en_US\" \/>\n<meta property=\"og:type\" content=\"article\" \/>\n<meta property=\"og:title\" content=\"Scatola classica per 10 orologi - PERGHER MILANO\" \/>\n<meta property=\"og:description\" content=\"Custodia classica per 10 orologi in ecopelle. La chiusura \u00e8 in acciaio inossidabile, l&#8217;interno \u00e8 in velluto con cuscini ovali e divisori, anch&#8217;essi in velluto, e il retro esterno \u00e8 in seta. Adatto anche per orologi pi\u00f9 grandi.\" \/>\n<meta property=\"og:url\" content=\"https:\/\/perghermilano.com\/en\/product\/marmotta-classica-10-orologi\/\" \/>\n<meta property=\"og:site_name\" content=\"PERGHER MILANO\" \/>\n<meta property=\"article:modified_time\" content=\"2024-05-28T09:07:06+00:00\" \/>\n<meta property=\"og:image\" content=\"https:\/\/perghermilano.com\/wp-content\/uploads\/2024\/05\/Photoroom_20240507_101120.jpg\" \/>\n\t<meta property=\"og:image:width\" content=\"1800\" \/>\n\t<meta property=\"og:image:height\" content=\"2400\" \/>\n\t<meta property=\"og:image:type\" content=\"image\/jpeg\" \/>\n<meta name=\"twitter:card\" content=\"summary_large_image\" \/>\n<meta name=\"twitter:label1\" content=\"Est. reading time\" \/>\n\t<meta name=\"twitter:data1\" content=\"1 minute\" \/>\n<script type=\"application\/ld+json\" class=\"yoast-schema-graph\">{\"@context\":\"https:\\\/\\\/schema.org\",\"@graph\":[{\"@type\":\"WebPage\",\"@id\":\"https:\\\/\\\/perghermilano.com\\\/product\\\/marmotta-classica-10-orologi\\\/\",\"url\":\"https:\\\/\\\/perghermilano.com\\\/product\\\/marmotta-classica-10-orologi\\\/\",\"name\":\"Scatola classica per 10 orologi - PERGHER MILANO\",\"isPartOf\":{\"@id\":\"https:\\\/\\\/perghermilano.com\\\/#website\"},\"primaryImageOfPage\":{\"@id\":\"https:\\\/\\\/perghermilano.com\\\/product\\\/marmotta-classica-10-orologi\\\/#primaryimage\"},\"image\":{\"@id\":\"https:\\\/\\\/perghermilano.com\\\/product\\\/marmotta-classica-10-orologi\\\/#primaryimage\"},\"thumbnailUrl\":\"https:\\\/\\\/perghermilano.com\\\/wp-content\\\/uploads\\\/2024\\\/05\\\/Photoroom_20240507_101120.jpg\",\"datePublished\":\"2024-05-07T08:45:16+00:00\",\"dateModified\":\"2024-05-28T09:07:06+00:00\",\"breadcrumb\":{\"@id\":\"https:\\\/\\\/perghermilano.com\\\/product\\\/marmotta-classica-10-orologi\\\/#breadcrumb\"},\"inLanguage\":\"en-US\",\"potentialAction\":[{\"@type\":\"ReadAction\",\"target\":[\"https:\\\/\\\/perghermilano.com\\\/product\\\/marmotta-classica-10-orologi\\\/\"]}]},{\"@type\":\"ImageObject\",\"inLanguage\":\"en-US\",\"@id\":\"https:\\\/\\\/perghermilano.com\\\/product\\\/marmotta-classica-10-orologi\\\/#primaryimage\",\"url\":\"https:\\\/\\\/perghermilano.com\\\/wp-content\\\/uploads\\\/2024\\\/05\\\/Photoroom_20240507_101120.jpg\",\"contentUrl\":\"https:\\\/\\\/perghermilano.com\\\/wp-content\\\/uploads\\\/2024\\\/05\\\/Photoroom_20240507_101120.jpg\",\"width\":1800,\"height\":2400},{\"@type\":\"BreadcrumbList\",\"@id\":\"https:\\\/\\\/perghermilano.com\\\/product\\\/marmotta-classica-10-orologi\\\/#breadcrumb\",\"itemListElement\":[{\"@type\":\"ListItem\",\"position\":1,\"name\":\"Inici\",\"item\":\"https:\\\/\\\/perghermilano.com\\\/\"},{\"@type\":\"ListItem\",\"position\":2,\"name\":\"Prodotti\",\"item\":\"https:\\\/\\\/perghermilano.com\\\/shop\\\/\"},{\"@type\":\"ListItem\",\"position\":3,\"name\":\"Scatola classica per 10 orologi\"}]},{\"@type\":\"WebSite\",\"@id\":\"https:\\\/\\\/perghermilano.com\\\/#website\",\"url\":\"https:\\\/\\\/perghermilano.com\\\/\",\"name\":\"PERGHER MILANO\",\"description\":\"Eleganza in ogni secondo, accessori che definiscono il tuo stile\",\"publisher\":{\"@id\":\"https:\\\/\\\/perghermilano.com\\\/#organization\"},\"potentialAction\":[{\"@type\":\"SearchAction\",\"target\":{\"@type\":\"EntryPoint\",\"urlTemplate\":\"https:\\\/\\\/perghermilano.com\\\/?s={search_term_string}\"},\"query-input\":{\"@type\":\"PropertyValueSpecification\",\"valueRequired\":true,\"valueName\":\"search_term_string\"}}],\"inLanguage\":\"en-US\"},{\"@type\":\"Organization\",\"@id\":\"https:\\\/\\\/perghermilano.com\\\/#organization\",\"name\":\"PERGHER MILANO\",\"url\":\"https:\\\/\\\/perghermilano.com\\\/\",\"logo\":{\"@type\":\"ImageObject\",\"inLanguage\":\"en-US\",\"@id\":\"https:\\\/\\\/perghermilano.com\\\/#\\\/schema\\\/logo\\\/image\\\/\",\"url\":\"https:\\\/\\\/perghermilano.com\\\/wp-content\\\/uploads\\\/2024\\\/03\\\/logoNeg@114.png\",\"contentUrl\":\"https:\\\/\\\/perghermilano.com\\\/wp-content\\\/uploads\\\/2024\\\/03\\\/logoNeg@114.png\",\"width\":528,\"height\":114,\"caption\":\"PERGHER MILANO\"},\"image\":{\"@id\":\"https:\\\/\\\/perghermilano.com\\\/#\\\/schema\\\/logo\\\/image\\\/\"}}]}<\/script>\n<!-- \/ Yoast SEO plugin. -->","yoast_head_json":{"title":"Scatola classica per 10 orologi - PERGHER MILANO","robots":{"index":"index","follow":"follow","max-snippet":"max-snippet:-1","max-image-preview":"max-image-preview:large","max-video-preview":"max-video-preview:-1"},"canonical":"https:\/\/perghermilano.com\/en\/product\/marmotta-classica-10-orologi\/","og_locale":"en_US","og_type":"article","og_title":"Scatola classica per 10 orologi - PERGHER MILANO","og_description":"Custodia classica per 10 orologi in ecopelle. La chiusura \u00e8 in acciaio inossidabile, l&#8217;interno \u00e8 in velluto con cuscini ovali e divisori, anch&#8217;essi in velluto, e il retro esterno \u00e8 in seta. Adatto anche per orologi pi\u00f9 grandi.","og_url":"https:\/\/perghermilano.com\/en\/product\/marmotta-classica-10-orologi\/","og_site_name":"PERGHER MILANO","article_modified_time":"2024-05-28T09:07:06+00:00","og_image":[{"width":1800,"height":2400,"url":"https:\/\/perghermilano.com\/wp-content\/uploads\/2024\/05\/Photoroom_20240507_101120.jpg","type":"image\/jpeg"}],"twitter_card":"summary_large_image","twitter_misc":{"Est. reading time":"1 minute"},"schema":{"@context":"https:\/\/schema.org","@graph":[{"@type":"WebPage","@id":"https:\/\/perghermilano.com\/product\/marmotta-classica-10-orologi\/","url":"https:\/\/perghermilano.com\/product\/marmotta-classica-10-orologi\/","name":"Scatola classica per 10 orologi - PERGHER MILANO","isPartOf":{"@id":"https:\/\/perghermilano.com\/#website"},"primaryImageOfPage":{"@id":"https:\/\/perghermilano.com\/product\/marmotta-classica-10-orologi\/#primaryimage"},"image":{"@id":"https:\/\/perghermilano.com\/product\/marmotta-classica-10-orologi\/#primaryimage"},"thumbnailUrl":"https:\/\/perghermilano.com\/wp-content\/uploads\/2024\/05\/Photoroom_20240507_101120.jpg","datePublished":"2024-05-07T08:45:16+00:00","dateModified":"2024-05-28T09:07:06+00:00","breadcrumb":{"@id":"https:\/\/perghermilano.com\/product\/marmotta-classica-10-orologi\/#breadcrumb"},"inLanguage":"en-US","potentialAction":[{"@type":"ReadAction","target":["https:\/\/perghermilano.com\/product\/marmotta-classica-10-orologi\/"]}]},{"@type":"ImageObject","inLanguage":"en-US","@id":"https:\/\/perghermilano.com\/product\/marmotta-classica-10-orologi\/#primaryimage","url":"https:\/\/perghermilano.com\/wp-content\/uploads\/2024\/05\/Photoroom_20240507_101120.jpg","contentUrl":"https:\/\/perghermilano.com\/wp-content\/uploads\/2024\/05\/Photoroom_20240507_101120.jpg","width":1800,"height":2400},{"@type":"BreadcrumbList","@id":"https:\/\/perghermilano.com\/product\/marmotta-classica-10-orologi\/#breadcrumb","itemListElement":[{"@type":"ListItem","position":1,"name":"Inici","item":"https:\/\/perghermilano.com\/"},{"@type":"ListItem","position":2,"name":"Prodotti","item":"https:\/\/perghermilano.com\/shop\/"},{"@type":"ListItem","position":3,"name":"Scatola classica per 10 orologi"}]},{"@type":"WebSite","@id":"https:\/\/perghermilano.com\/#website","url":"https:\/\/perghermilano.com\/","name":"PERGHER MILAN","description":"Elegance in every second, accessories that define your style","publisher":{"@id":"https:\/\/perghermilano.com\/#organization"},"potentialAction":[{"@type":"SearchAction","target":{"@type":"EntryPoint","urlTemplate":"https:\/\/perghermilano.com\/?s={search_term_string}"},"query-input":{"@type":"PropertyValueSpecification","valueRequired":true,"valueName":"search_term_string"}}],"inLanguage":"en-US"},{"@type":"Organization","@id":"https:\/\/perghermilano.com\/#organization","name":"PERGHER MILAN","url":"https:\/\/perghermilano.com\/","logo":{"@type":"ImageObject","inLanguage":"en-US","@id":"https:\/\/perghermilano.com\/#\/schema\/logo\/image\/","url":"https:\/\/perghermilano.com\/wp-content\/uploads\/2024\/03\/logoNeg@114.png","contentUrl":"https:\/\/perghermilano.com\/wp-content\/uploads\/2024\/03\/logoNeg@114.png","width":528,"height":114,"caption":"PERGHER MILANO"},"image":{"@id":"https:\/\/perghermilano.com\/#\/schema\/logo\/image\/"}}]}},"_links":{"self":[{"href":"https:\/\/perghermilano.com\/en\/wp-json\/wp\/v2\/product\/1621","targetHints":{"allow":["GET"]}}],"collection":[{"href":"https:\/\/perghermilano.com\/en\/wp-json\/wp\/v2\/product"}],"about":[{"href":"https:\/\/perghermilano.com\/en\/wp-json\/wp\/v2\/types\/product"}],"wp:featuredmedia":[{"embeddable":true,"href":"https:\/\/perghermilano.com\/en\/wp-json\/wp\/v2\/media\/1622"}],"wp:attachment":[{"href":"https:\/\/perghermilano.com\/en\/wp-json\/wp\/v2\/media?parent=1621"}],"wp:term":[{"taxonomy":"product_brand","embeddable":true,"href":"https:\/\/perghermilano.com\/en\/wp-json\/wp\/v2\/product_brand?post=1621"},{"taxonomy":"product_cat","embeddable":true,"href":"https:\/\/perghermilano.com\/en\/wp-json\/wp\/v2\/product_cat?post=1621"},{"taxonomy":"product_tag","embeddable":true,"href":"https:\/\/perghermilano.com\/en\/wp-json\/wp\/v2\/product_tag?post=1621"}],"curies":[{"name":"wp","href":"https:\/\/api.w.org\/{rel}","templated":true}]}}