{"id":2330,"date":"2024-06-13T11:04:15","date_gmt":"2024-06-13T09:04:15","guid":{"rendered":"https:\/\/perghermilano.com\/?post_type=product&#038;p=2330"},"modified":"2024-06-13T11:16:04","modified_gmt":"2024-06-13T09:16:04","slug":"22-mm-vintage-camuflage","status":"publish","type":"product","link":"https:\/\/perghermilano.com\/en\/product\/22-mm-vintage-camuflage\/","title":{"rendered":"22MM. VINTAGE CAMOUFLAGE"},"content":{"rendered":"<p>Handcrafted strap with high quality camouflage and in limited quantity. Hand stitched. The leathers chosen are constantly evolving, therefore each piece is unique.<\/p>","protected":false},"excerpt":{"rendered":"<p>Handcrafted strap with high quality camouflage and in limited quantity. Hand stitched. The leathers chosen are constantly evolving, therefore each piece is unique.<\/p>","protected":false},"featured_media":2338,"template":"","meta":{"neve_meta_sidebar":"","neve_meta_container":"","neve_meta_enable_content_width":"off","neve_meta_content_width":100,"neve_meta_title_alignment":"","neve_meta_author_avatar":"","neve_post_elements_order":"","neve_meta_disable_header":"","neve_meta_disable_footer":"","neve_meta_disable_title":"","_joinchat":[]},"product_brand":[],"product_cat":[56,15],"product_tag":[],"class_list":{"0":"post-2330","1":"product","2":"type-product","3":"status-publish","4":"has-post-thumbnail","6":"product_cat-cinturini-vintage","7":"product_cat-uncategorized","9":"first","10":"instock","11":"shipping-taxable","12":"purchasable","13":"product-type-variable"},"yoast_head":"<!-- This site is optimized with the Yoast SEO plugin v27.4 - https:\/\/yoast.com\/product\/yoast-seo-wordpress\/ -->\n<title>22 MM. VINTAGE CAMUFLAGE - PERGHER MILANO<\/title>\n<meta name=\"robots\" content=\"index, follow, max-snippet:-1, max-image-preview:large, max-video-preview:-1\" \/>\n<link rel=\"canonical\" href=\"https:\/\/perghermilano.com\/en\/product\/22-mm-vintage-camuflage\/\" \/>\n<meta property=\"og:locale\" content=\"en_US\" \/>\n<meta property=\"og:type\" content=\"article\" \/>\n<meta property=\"og:title\" content=\"22 MM. VINTAGE CAMUFLAGE - PERGHER MILANO\" \/>\n<meta property=\"og:description\" content=\"Cinturino prodotto artigianalmente con camuflage di altissima qualit\u00e0 e in quantit\u00e0 limitata. Cucito a mano. I pellami scelti sono in continua evoluzione, pertanto ogni pezzo \u00e9 unico.\" \/>\n<meta property=\"og:url\" content=\"https:\/\/perghermilano.com\/en\/product\/22-mm-vintage-camuflage\/\" \/>\n<meta property=\"og:site_name\" content=\"PERGHER MILANO\" \/>\n<meta property=\"article:modified_time\" content=\"2024-06-13T09:16:04+00:00\" \/>\n<meta property=\"og:image\" content=\"https:\/\/perghermilano.com\/wp-content\/uploads\/2024\/06\/Photoroom_20240613_104536.jpg\" \/>\n\t<meta property=\"og:image:width\" content=\"1800\" \/>\n\t<meta property=\"og:image:height\" content=\"2400\" \/>\n\t<meta property=\"og:image:type\" content=\"image\/jpeg\" \/>\n<meta name=\"twitter:card\" content=\"summary_large_image\" \/>\n<meta name=\"twitter:label1\" content=\"Est. reading time\" \/>\n\t<meta name=\"twitter:data1\" content=\"1 minute\" \/>\n<script type=\"application\/ld+json\" class=\"yoast-schema-graph\">{\"@context\":\"https:\\\/\\\/schema.org\",\"@graph\":[{\"@type\":\"WebPage\",\"@id\":\"https:\\\/\\\/perghermilano.com\\\/product\\\/22-mm-vintage-camuflage\\\/\",\"url\":\"https:\\\/\\\/perghermilano.com\\\/product\\\/22-mm-vintage-camuflage\\\/\",\"name\":\"22 MM. VINTAGE CAMUFLAGE - PERGHER MILANO\",\"isPartOf\":{\"@id\":\"https:\\\/\\\/perghermilano.com\\\/#website\"},\"primaryImageOfPage\":{\"@id\":\"https:\\\/\\\/perghermilano.com\\\/product\\\/22-mm-vintage-camuflage\\\/#primaryimage\"},\"image\":{\"@id\":\"https:\\\/\\\/perghermilano.com\\\/product\\\/22-mm-vintage-camuflage\\\/#primaryimage\"},\"thumbnailUrl\":\"https:\\\/\\\/perghermilano.com\\\/wp-content\\\/uploads\\\/2024\\\/06\\\/Photoroom_20240613_104536.jpg\",\"datePublished\":\"2024-06-13T09:04:15+00:00\",\"dateModified\":\"2024-06-13T09:16:04+00:00\",\"breadcrumb\":{\"@id\":\"https:\\\/\\\/perghermilano.com\\\/product\\\/22-mm-vintage-camuflage\\\/#breadcrumb\"},\"inLanguage\":\"en-US\",\"potentialAction\":[{\"@type\":\"ReadAction\",\"target\":[\"https:\\\/\\\/perghermilano.com\\\/product\\\/22-mm-vintage-camuflage\\\/\"]}]},{\"@type\":\"ImageObject\",\"inLanguage\":\"en-US\",\"@id\":\"https:\\\/\\\/perghermilano.com\\\/product\\\/22-mm-vintage-camuflage\\\/#primaryimage\",\"url\":\"https:\\\/\\\/perghermilano.com\\\/wp-content\\\/uploads\\\/2024\\\/06\\\/Photoroom_20240613_104536.jpg\",\"contentUrl\":\"https:\\\/\\\/perghermilano.com\\\/wp-content\\\/uploads\\\/2024\\\/06\\\/Photoroom_20240613_104536.jpg\",\"width\":1800,\"height\":2400},{\"@type\":\"BreadcrumbList\",\"@id\":\"https:\\\/\\\/perghermilano.com\\\/product\\\/22-mm-vintage-camuflage\\\/#breadcrumb\",\"itemListElement\":[{\"@type\":\"ListItem\",\"position\":1,\"name\":\"Inici\",\"item\":\"https:\\\/\\\/perghermilano.com\\\/\"},{\"@type\":\"ListItem\",\"position\":2,\"name\":\"Prodotti\",\"item\":\"https:\\\/\\\/perghermilano.com\\\/shop\\\/\"},{\"@type\":\"ListItem\",\"position\":3,\"name\":\"22 MM. VINTAGE CAMUFLAGE\"}]},{\"@type\":\"WebSite\",\"@id\":\"https:\\\/\\\/perghermilano.com\\\/#website\",\"url\":\"https:\\\/\\\/perghermilano.com\\\/\",\"name\":\"PERGHER MILANO\",\"description\":\"Eleganza in ogni secondo, accessori che definiscono il tuo stile\",\"publisher\":{\"@id\":\"https:\\\/\\\/perghermilano.com\\\/#organization\"},\"potentialAction\":[{\"@type\":\"SearchAction\",\"target\":{\"@type\":\"EntryPoint\",\"urlTemplate\":\"https:\\\/\\\/perghermilano.com\\\/?s={search_term_string}\"},\"query-input\":{\"@type\":\"PropertyValueSpecification\",\"valueRequired\":true,\"valueName\":\"search_term_string\"}}],\"inLanguage\":\"en-US\"},{\"@type\":\"Organization\",\"@id\":\"https:\\\/\\\/perghermilano.com\\\/#organization\",\"name\":\"PERGHER MILANO\",\"url\":\"https:\\\/\\\/perghermilano.com\\\/\",\"logo\":{\"@type\":\"ImageObject\",\"inLanguage\":\"en-US\",\"@id\":\"https:\\\/\\\/perghermilano.com\\\/#\\\/schema\\\/logo\\\/image\\\/\",\"url\":\"https:\\\/\\\/perghermilano.com\\\/wp-content\\\/uploads\\\/2024\\\/03\\\/logoNeg@114.png\",\"contentUrl\":\"https:\\\/\\\/perghermilano.com\\\/wp-content\\\/uploads\\\/2024\\\/03\\\/logoNeg@114.png\",\"width\":528,\"height\":114,\"caption\":\"PERGHER MILANO\"},\"image\":{\"@id\":\"https:\\\/\\\/perghermilano.com\\\/#\\\/schema\\\/logo\\\/image\\\/\"}}]}<\/script>\n<!-- \/ Yoast SEO plugin. -->","yoast_head_json":{"title":"22 MM. VINTAGE CAMUFLAGE - PERGHER MILANO","robots":{"index":"index","follow":"follow","max-snippet":"max-snippet:-1","max-image-preview":"max-image-preview:large","max-video-preview":"max-video-preview:-1"},"canonical":"https:\/\/perghermilano.com\/en\/product\/22-mm-vintage-camuflage\/","og_locale":"en_US","og_type":"article","og_title":"22 MM. VINTAGE CAMUFLAGE - PERGHER MILANO","og_description":"Cinturino prodotto artigianalmente con camuflage di altissima qualit\u00e0 e in quantit\u00e0 limitata. Cucito a mano. I pellami scelti sono in continua evoluzione, pertanto ogni pezzo \u00e9 unico.","og_url":"https:\/\/perghermilano.com\/en\/product\/22-mm-vintage-camuflage\/","og_site_name":"PERGHER MILANO","article_modified_time":"2024-06-13T09:16:04+00:00","og_image":[{"width":1800,"height":2400,"url":"https:\/\/perghermilano.com\/wp-content\/uploads\/2024\/06\/Photoroom_20240613_104536.jpg","type":"image\/jpeg"}],"twitter_card":"summary_large_image","twitter_misc":{"Est. reading time":"1 minute"},"schema":{"@context":"https:\/\/schema.org","@graph":[{"@type":"WebPage","@id":"https:\/\/perghermilano.com\/product\/22-mm-vintage-camuflage\/","url":"https:\/\/perghermilano.com\/product\/22-mm-vintage-camuflage\/","name":"22 MM. VINTAGE CAMUFLAGE - PERGHER MILANO","isPartOf":{"@id":"https:\/\/perghermilano.com\/#website"},"primaryImageOfPage":{"@id":"https:\/\/perghermilano.com\/product\/22-mm-vintage-camuflage\/#primaryimage"},"image":{"@id":"https:\/\/perghermilano.com\/product\/22-mm-vintage-camuflage\/#primaryimage"},"thumbnailUrl":"https:\/\/perghermilano.com\/wp-content\/uploads\/2024\/06\/Photoroom_20240613_104536.jpg","datePublished":"2024-06-13T09:04:15+00:00","dateModified":"2024-06-13T09:16:04+00:00","breadcrumb":{"@id":"https:\/\/perghermilano.com\/product\/22-mm-vintage-camuflage\/#breadcrumb"},"inLanguage":"en-US","potentialAction":[{"@type":"ReadAction","target":["https:\/\/perghermilano.com\/product\/22-mm-vintage-camuflage\/"]}]},{"@type":"ImageObject","inLanguage":"en-US","@id":"https:\/\/perghermilano.com\/product\/22-mm-vintage-camuflage\/#primaryimage","url":"https:\/\/perghermilano.com\/wp-content\/uploads\/2024\/06\/Photoroom_20240613_104536.jpg","contentUrl":"https:\/\/perghermilano.com\/wp-content\/uploads\/2024\/06\/Photoroom_20240613_104536.jpg","width":1800,"height":2400},{"@type":"BreadcrumbList","@id":"https:\/\/perghermilano.com\/product\/22-mm-vintage-camuflage\/#breadcrumb","itemListElement":[{"@type":"ListItem","position":1,"name":"Inici","item":"https:\/\/perghermilano.com\/"},{"@type":"ListItem","position":2,"name":"Prodotti","item":"https:\/\/perghermilano.com\/shop\/"},{"@type":"ListItem","position":3,"name":"22 MM. VINTAGE CAMUFLAGE"}]},{"@type":"WebSite","@id":"https:\/\/perghermilano.com\/#website","url":"https:\/\/perghermilano.com\/","name":"PERGHER MILAN","description":"Elegance in every second, accessories that define your style","publisher":{"@id":"https:\/\/perghermilano.com\/#organization"},"potentialAction":[{"@type":"SearchAction","target":{"@type":"EntryPoint","urlTemplate":"https:\/\/perghermilano.com\/?s={search_term_string}"},"query-input":{"@type":"PropertyValueSpecification","valueRequired":true,"valueName":"search_term_string"}}],"inLanguage":"en-US"},{"@type":"Organization","@id":"https:\/\/perghermilano.com\/#organization","name":"PERGHER MILAN","url":"https:\/\/perghermilano.com\/","logo":{"@type":"ImageObject","inLanguage":"en-US","@id":"https:\/\/perghermilano.com\/#\/schema\/logo\/image\/","url":"https:\/\/perghermilano.com\/wp-content\/uploads\/2024\/03\/logoNeg@114.png","contentUrl":"https:\/\/perghermilano.com\/wp-content\/uploads\/2024\/03\/logoNeg@114.png","width":528,"height":114,"caption":"PERGHER MILANO"},"image":{"@id":"https:\/\/perghermilano.com\/#\/schema\/logo\/image\/"}}]}},"_links":{"self":[{"href":"https:\/\/perghermilano.com\/en\/wp-json\/wp\/v2\/product\/2330","targetHints":{"allow":["GET"]}}],"collection":[{"href":"https:\/\/perghermilano.com\/en\/wp-json\/wp\/v2\/product"}],"about":[{"href":"https:\/\/perghermilano.com\/en\/wp-json\/wp\/v2\/types\/product"}],"wp:featuredmedia":[{"embeddable":true,"href":"https:\/\/perghermilano.com\/en\/wp-json\/wp\/v2\/media\/2338"}],"wp:attachment":[{"href":"https:\/\/perghermilano.com\/en\/wp-json\/wp\/v2\/media?parent=2330"}],"wp:term":[{"taxonomy":"product_brand","embeddable":true,"href":"https:\/\/perghermilano.com\/en\/wp-json\/wp\/v2\/product_brand?post=2330"},{"taxonomy":"product_cat","embeddable":true,"href":"https:\/\/perghermilano.com\/en\/wp-json\/wp\/v2\/product_cat?post=2330"},{"taxonomy":"product_tag","embeddable":true,"href":"https:\/\/perghermilano.com\/en\/wp-json\/wp\/v2\/product_tag?post=2330"}],"curies":[{"name":"wp","href":"https:\/\/api.w.org\/{rel}","templated":true}]}}