{"id":1561,"date":"2024-05-07T09:02:52","date_gmt":"2024-05-07T07:02:52","guid":{"rendered":"https:\/\/perghermilano.com\/?page_id=1561"},"modified":"2024-05-07T09:08:07","modified_gmt":"2024-05-07T07:08:07","slug":"avviso-legale","status":"publish","type":"page","link":"https:\/\/perghermilano.com\/es\/avviso-legale\/","title":{"rendered":"Aviso Legal"},"content":{"rendered":"<div data-elementor-type=\"wp-page\" data-elementor-id=\"1561\" class=\"elementor elementor-1561\" data-elementor-post-type=\"page\">\n\t\t\t\t\t\t<section class=\"elementor-section elementor-top-section elementor-element elementor-element-4ed0f4ce elementor-section-boxed elementor-section-height-default elementor-section-height-default\" data-id=\"4ed0f4ce\" data-element_type=\"section\" data-e-type=\"section\" data-settings=\"{&quot;background_background&quot;:&quot;classic&quot;}\">\n\t\t\t\t\t\t\t<div class=\"elementor-background-overlay\"><\/div>\n\t\t\t\t\t\t\t<div class=\"elementor-container elementor-column-gap-default\">\n\t\t\t\t\t<div class=\"elementor-column elementor-col-100 elementor-top-column elementor-element elementor-element-2ba2c3ea elementor-invisible\" data-id=\"2ba2c3ea\" data-element_type=\"column\" data-e-type=\"column\" data-settings=\"{&quot;animation&quot;:&quot;bounceInUp&quot;}\">\n\t\t\t<div class=\"elementor-widget-wrap elementor-element-populated\">\n\t\t\t\t\t\t<div class=\"elementor-element elementor-element-368e3cbb elementor-widget elementor-widget-heading\" data-id=\"368e3cbb\" data-element_type=\"widget\" data-e-type=\"widget\" data-widget_type=\"heading.default\">\n\t\t\t\t<div class=\"elementor-widget-container\">\n\t\t\t\t\t<h1 class=\"elementor-heading-title elementor-size-default\">Aviso Legal<\/h1>\t\t\t\t<\/div>\n\t\t\t\t<\/div>\n\t\t\t\t\t<\/div>\n\t\t<\/div>\n\t\t\t\t\t<\/div>\n\t\t<\/section>\n\t\t\t\t<section class=\"elementor-section elementor-top-section elementor-element elementor-element-65d7d935 elementor-section-boxed elementor-section-height-default elementor-section-height-default\" data-id=\"65d7d935\" data-element_type=\"section\" data-e-type=\"section\">\n\t\t\t\t\t\t<div class=\"elementor-container elementor-column-gap-default\">\n\t\t\t\t\t<div class=\"elementor-column elementor-col-100 elementor-top-column elementor-element elementor-element-14469853\" data-id=\"14469853\" data-element_type=\"column\" data-e-type=\"column\">\n\t\t\t<div class=\"elementor-widget-wrap elementor-element-populated\">\n\t\t\t\t\t\t<div class=\"elementor-element elementor-element-5bf57302 elementor-widget elementor-widget-text-editor\" data-id=\"5bf57302\" data-element_type=\"widget\" data-e-type=\"widget\" data-widget_type=\"text-editor.default\">\n\t\t\t\t<div class=\"elementor-widget-container\">\n\t\t\t\t\t\t\t\t\t<p>De conformidad con la ley 34\/2002, de servicios de la sociedad de la informaci\u00f3n y de comercio electr\u00f3nico, le informamos que este sitio web es propiedad de Pergher Mil\u00e1n, 1990 S. L (en adelante &#034;EL TITULAR&#034;), con CIF: B72420482, con domicilio en c. Carrer de Giufr\u00e9 el Pil\u00f3s 4; tel\u00e9fono 608 832 986.\u00a0<\/p><p>PROPIEDAD INTELECTUAL E INDUSTRIAL<\/p><p>El contenido de este sitio, incluyendo los textos, im\u00e1genes y dise\u00f1os gr\u00e1ficos, pertenecen al PROPIETARIO, o a terceros que han autorizado su uso. EL PROPIETARIO tiene este contenido es para fines informativos y promocionales. EL PROPIETARIO autoriza el uso de s\u00f3lo para estos fines. Cualquier utilizaci\u00f3n de estos dise\u00f1os, im\u00e1genes o textos deber\u00e1 citar expresamente su pertenencia al PROPIETARIO, quien se reserva el derecho a iniciar las acciones legales apropiadas para la reparaci\u00f3n de los da\u00f1os causados por cualquier acto que vulnere los derechos de propiedad intelectual o derechos de propiedad industrial.<\/p><p>\u00a0<\/p><p>EXCLUSI\u00d3N DE RESPONSABILIDAD<\/p><p>EL PROPIETARIO act\u00faa con la m\u00e1xima diligencia posible, de modo que los datos y la informaci\u00f3n que ofrece en su sitio web est\u00e9 siempre actualizada, aunque no garantiza ni se responsabiliza por la exactitud y actualizaci\u00f3n de los contenidos de la web, y se reserva el derecho a modificar el contenido en cualquier momento. EL PROPIETARIO no ser\u00e1 responsable de la informaci\u00f3n que puede obtenerse a trav\u00e9s de enlaces incluidos en el sitio web.<\/p><p>Las relaciones comerciales con los clientes se regir\u00e1n por las Condiciones Generales que, en su caso, se establezcan por el TITULAR en un documento espec\u00edficamente para este prop\u00f3sito, o por los acuerdos espec\u00edficos que podr\u00edan ser acordados con el cliente.<\/p><p>\u00a0<\/p><p>T\u00c9RMINOS DE USO<\/p><p>El uso de este sitio web implica la plena aceptaci\u00f3n de los t\u00e9rminos de este aviso legal. Cualquier conflicto relacionado con este sitio web se regir\u00e1n exclusivamente por la ley del Estado espa\u00f1ol. Cada usuario de la web, independientemente de la jurisdicci\u00f3n territorial desde la cual el acceso se lleva a cabo, acepta el cumplimiento y respeto de estas cl\u00e1usulas, renunciando expresamente a cualquier otro fuero que pudiera aplicarse a usted.<\/p>\t\t\t\t\t\t\t\t<\/div>\n\t\t\t\t<\/div>\n\t\t\t\t\t<\/div>\n\t\t<\/div>\n\t\t\t\t\t<\/div>\n\t\t<\/section>\n\t\t\t\t<\/div>","protected":false},"excerpt":{"rendered":"<p>De conformidad con la Ley 34\/2002 de Servicios de la Sociedad de la Informaci\u00f3n y de Comercio Electr\u00f3nico, le informamos que este sitio web es propiedad de Pergher Milano 1990 SL (en adelante, \u00abEL PROPIETARIO\u00bb), con CIF: B72420482, y domicilio en Carrer de Giufr\u00e9 el Pil\u00f3s 4; tel\u00e9fono 608 832 986. PROPIEDAD INTELECTUAL E INDUSTRIAL. Los contenidos\u2026&nbsp;<\/p>","protected":false},"author":1,"featured_media":0,"parent":0,"menu_order":0,"comment_status":"closed","ping_status":"closed","template":"page-templates\/template-pagebuilder-full-width.php","meta":{"neve_meta_sidebar":"","neve_meta_container":"","neve_meta_enable_content_width":"off","neve_meta_content_width":100,"neve_meta_title_alignment":"","neve_meta_author_avatar":"","neve_post_elements_order":"","neve_meta_disable_header":"","neve_meta_disable_footer":"","neve_meta_disable_title":"","_joinchat":[],"footnotes":""},"class_list":["post-1561","page","type-page","status-publish","hentry"],"yoast_head":"<!-- This site is optimized with the Yoast SEO plugin v27.4 - https:\/\/yoast.com\/product\/yoast-seo-wordpress\/ -->\n<title>Avviso legale - PERGHER MILANO<\/title>\n<meta name=\"robots\" content=\"index, follow, max-snippet:-1, max-image-preview:large, max-video-preview:-1\" \/>\n<link rel=\"canonical\" href=\"https:\/\/perghermilano.com\/es\/avviso-legale\/\" \/>\n<meta property=\"og:locale\" content=\"es_ES\" \/>\n<meta property=\"og:type\" content=\"article\" \/>\n<meta property=\"og:title\" content=\"Avviso legale - PERGHER MILANO\" \/>\n<meta property=\"og:description\" content=\"Ai sensi della legge 34\/2002, sui servizi della societ\u00e0 dell&#8217;informazione e sul commercio elettronico, ti informiamo che questo sito web \u00e8 di propriet\u00e0 di Pergher Milano 1990 S.L, (di seguito \u201cIL PROPRIETARIO\u201d), con CIF: B72420482, con indirizzo in c. Carrer de Giufr\u00e9 el Pil\u00f3s 4; telefono 608 832 986.\u00a0 PROPRIET\u00c0 INTELLETTUALE E INDUSTRIALE I contenuti&hellip;&nbsp;\" \/>\n<meta property=\"og:url\" content=\"https:\/\/perghermilano.com\/es\/avviso-legale\/\" \/>\n<meta property=\"og:site_name\" content=\"PERGHER MILANO\" \/>\n<meta property=\"article:modified_time\" content=\"2024-05-07T07:08:07+00:00\" \/>\n<meta name=\"twitter:card\" content=\"summary_large_image\" \/>\n<meta name=\"twitter:label1\" content=\"Tiempo de lectura\" \/>\n\t<meta name=\"twitter:data1\" content=\"2 minutos\" \/>\n<script type=\"application\/ld+json\" class=\"yoast-schema-graph\">{\"@context\":\"https:\\\/\\\/schema.org\",\"@graph\":[{\"@type\":\"WebPage\",\"@id\":\"https:\\\/\\\/perghermilano.com\\\/avviso-legale\\\/\",\"url\":\"https:\\\/\\\/perghermilano.com\\\/avviso-legale\\\/\",\"name\":\"Avviso legale - PERGHER MILANO\",\"isPartOf\":{\"@id\":\"https:\\\/\\\/perghermilano.com\\\/#website\"},\"datePublished\":\"2024-05-07T07:02:52+00:00\",\"dateModified\":\"2024-05-07T07:08:07+00:00\",\"breadcrumb\":{\"@id\":\"https:\\\/\\\/perghermilano.com\\\/avviso-legale\\\/#breadcrumb\"},\"inLanguage\":\"es\",\"potentialAction\":[{\"@type\":\"ReadAction\",\"target\":[\"https:\\\/\\\/perghermilano.com\\\/avviso-legale\\\/\"]}]},{\"@type\":\"BreadcrumbList\",\"@id\":\"https:\\\/\\\/perghermilano.com\\\/avviso-legale\\\/#breadcrumb\",\"itemListElement\":[{\"@type\":\"ListItem\",\"position\":1,\"name\":\"Inici\",\"item\":\"https:\\\/\\\/perghermilano.com\\\/\"},{\"@type\":\"ListItem\",\"position\":2,\"name\":\"Avviso legale\"}]},{\"@type\":\"WebSite\",\"@id\":\"https:\\\/\\\/perghermilano.com\\\/#website\",\"url\":\"https:\\\/\\\/perghermilano.com\\\/\",\"name\":\"PERGHER MILANO\",\"description\":\"Eleganza in ogni secondo, accessori che definiscono il tuo stile\",\"publisher\":{\"@id\":\"https:\\\/\\\/perghermilano.com\\\/#organization\"},\"potentialAction\":[{\"@type\":\"SearchAction\",\"target\":{\"@type\":\"EntryPoint\",\"urlTemplate\":\"https:\\\/\\\/perghermilano.com\\\/?s={search_term_string}\"},\"query-input\":{\"@type\":\"PropertyValueSpecification\",\"valueRequired\":true,\"valueName\":\"search_term_string\"}}],\"inLanguage\":\"es\"},{\"@type\":\"Organization\",\"@id\":\"https:\\\/\\\/perghermilano.com\\\/#organization\",\"name\":\"PERGHER MILANO\",\"url\":\"https:\\\/\\\/perghermilano.com\\\/\",\"logo\":{\"@type\":\"ImageObject\",\"inLanguage\":\"es\",\"@id\":\"https:\\\/\\\/perghermilano.com\\\/#\\\/schema\\\/logo\\\/image\\\/\",\"url\":\"https:\\\/\\\/perghermilano.com\\\/wp-content\\\/uploads\\\/2024\\\/03\\\/logoNeg@114.png\",\"contentUrl\":\"https:\\\/\\\/perghermilano.com\\\/wp-content\\\/uploads\\\/2024\\\/03\\\/logoNeg@114.png\",\"width\":528,\"height\":114,\"caption\":\"PERGHER MILANO\"},\"image\":{\"@id\":\"https:\\\/\\\/perghermilano.com\\\/#\\\/schema\\\/logo\\\/image\\\/\"}}]}<\/script>\n<!-- \/ Yoast SEO plugin. -->","yoast_head_json":{"title":"Avviso legale - PERGHER MILANO","robots":{"index":"index","follow":"follow","max-snippet":"max-snippet:-1","max-image-preview":"max-image-preview:large","max-video-preview":"max-video-preview:-1"},"canonical":"https:\/\/perghermilano.com\/es\/avviso-legale\/","og_locale":"es_ES","og_type":"article","og_title":"Avviso legale - PERGHER MILANO","og_description":"Ai sensi della legge 34\/2002, sui servizi della societ\u00e0 dell&#8217;informazione e sul commercio elettronico, ti informiamo che questo sito web \u00e8 di propriet\u00e0 di Pergher Milano 1990 S.L, (di seguito \u201cIL PROPRIETARIO\u201d), con CIF: B72420482, con indirizzo in c. Carrer de Giufr\u00e9 el Pil\u00f3s 4; telefono 608 832 986.\u00a0 PROPRIET\u00c0 INTELLETTUALE E INDUSTRIALE I contenuti&hellip;&nbsp;","og_url":"https:\/\/perghermilano.com\/es\/avviso-legale\/","og_site_name":"PERGHER MILANO","article_modified_time":"2024-05-07T07:08:07+00:00","twitter_card":"summary_large_image","twitter_misc":{"Tiempo de lectura":"2 minutos"},"schema":{"@context":"https:\/\/schema.org","@graph":[{"@type":"WebPage","@id":"https:\/\/perghermilano.com\/avviso-legale\/","url":"https:\/\/perghermilano.com\/avviso-legale\/","name":"Avviso legale - PERGHER MILANO","isPartOf":{"@id":"https:\/\/perghermilano.com\/#website"},"datePublished":"2024-05-07T07:02:52+00:00","dateModified":"2024-05-07T07:08:07+00:00","breadcrumb":{"@id":"https:\/\/perghermilano.com\/avviso-legale\/#breadcrumb"},"inLanguage":"es","potentialAction":[{"@type":"ReadAction","target":["https:\/\/perghermilano.com\/avviso-legale\/"]}]},{"@type":"BreadcrumbList","@id":"https:\/\/perghermilano.com\/avviso-legale\/#breadcrumb","itemListElement":[{"@type":"ListItem","position":1,"name":"Inici","item":"https:\/\/perghermilano.com\/"},{"@type":"ListItem","position":2,"name":"Avviso legale"}]},{"@type":"WebSite","@id":"https:\/\/perghermilano.com\/#website","url":"https:\/\/perghermilano.com\/","name":"PERGHER MILANO","description":"Elegancia en cada segundo, accesorios que definen tu estilo","publisher":{"@id":"https:\/\/perghermilano.com\/#organization"},"potentialAction":[{"@type":"SearchAction","target":{"@type":"EntryPoint","urlTemplate":"https:\/\/perghermilano.com\/?s={search_term_string}"},"query-input":{"@type":"PropertyValueSpecification","valueRequired":true,"valueName":"search_term_string"}}],"inLanguage":"es"},{"@type":"Organization","@id":"https:\/\/perghermilano.com\/#organization","name":"PERGHER MILANO","url":"https:\/\/perghermilano.com\/","logo":{"@type":"ImageObject","inLanguage":"es","@id":"https:\/\/perghermilano.com\/#\/schema\/logo\/image\/","url":"https:\/\/perghermilano.com\/wp-content\/uploads\/2024\/03\/logoNeg@114.png","contentUrl":"https:\/\/perghermilano.com\/wp-content\/uploads\/2024\/03\/logoNeg@114.png","width":528,"height":114,"caption":"PERGHER MILANO"},"image":{"@id":"https:\/\/perghermilano.com\/#\/schema\/logo\/image\/"}}]}},"_links":{"self":[{"href":"https:\/\/perghermilano.com\/es\/wp-json\/wp\/v2\/pages\/1561","targetHints":{"allow":["GET"]}}],"collection":[{"href":"https:\/\/perghermilano.com\/es\/wp-json\/wp\/v2\/pages"}],"about":[{"href":"https:\/\/perghermilano.com\/es\/wp-json\/wp\/v2\/types\/page"}],"author":[{"embeddable":true,"href":"https:\/\/perghermilano.com\/es\/wp-json\/wp\/v2\/users\/1"}],"replies":[{"embeddable":true,"href":"https:\/\/perghermilano.com\/es\/wp-json\/wp\/v2\/comments?post=1561"}],"version-history":[{"count":5,"href":"https:\/\/perghermilano.com\/es\/wp-json\/wp\/v2\/pages\/1561\/revisions"}],"predecessor-version":[{"id":1567,"href":"https:\/\/perghermilano.com\/es\/wp-json\/wp\/v2\/pages\/1561\/revisions\/1567"}],"wp:attachment":[{"href":"https:\/\/perghermilano.com\/es\/wp-json\/wp\/v2\/media?parent=1561"}],"curies":[{"name":"wp","href":"https:\/\/api.w.org\/{rel}","templated":true}]}}