{"id":1568,"date":"2024-05-07T09:08:54","date_gmt":"2024-05-07T07:08:54","guid":{"rendered":"https:\/\/perghermilano.com\/?page_id=1568"},"modified":"2024-05-07T09:12:46","modified_gmt":"2024-05-07T07:12:46","slug":"politica-sui-cookie","status":"publish","type":"page","link":"https:\/\/perghermilano.com\/es\/politica-sui-cookie\/","title":{"rendered":"Pol\u00edtica de cookies"},"content":{"rendered":"<div data-elementor-type=\"wp-page\" data-elementor-id=\"1568\" class=\"elementor elementor-1568\" data-elementor-post-type=\"page\">\n\t\t\t\t\t\t<section class=\"elementor-section elementor-top-section elementor-element elementor-element-4ed0f4ce elementor-section-boxed elementor-section-height-default elementor-section-height-default\" data-id=\"4ed0f4ce\" data-element_type=\"section\" data-e-type=\"section\" data-settings=\"{&quot;background_background&quot;:&quot;classic&quot;}\">\n\t\t\t\t\t\t\t<div class=\"elementor-background-overlay\"><\/div>\n\t\t\t\t\t\t\t<div class=\"elementor-container elementor-column-gap-default\">\n\t\t\t\t\t<div class=\"elementor-column elementor-col-100 elementor-top-column elementor-element elementor-element-2ba2c3ea elementor-invisible\" data-id=\"2ba2c3ea\" data-element_type=\"column\" data-e-type=\"column\" data-settings=\"{&quot;animation&quot;:&quot;bounceInUp&quot;}\">\n\t\t\t<div class=\"elementor-widget-wrap elementor-element-populated\">\n\t\t\t\t\t\t<div class=\"elementor-element elementor-element-368e3cbb elementor-widget elementor-widget-heading\" data-id=\"368e3cbb\" data-element_type=\"widget\" data-e-type=\"widget\" data-widget_type=\"heading.default\">\n\t\t\t\t<div class=\"elementor-widget-container\">\n\t\t\t\t\t<h1 class=\"elementor-heading-title elementor-size-default\">Pol\u00edtica de cookies<\/h1>\t\t\t\t<\/div>\n\t\t\t\t<\/div>\n\t\t\t\t\t<\/div>\n\t\t<\/div>\n\t\t\t\t\t<\/div>\n\t\t<\/section>\n\t\t\t\t<section class=\"elementor-section elementor-top-section elementor-element elementor-element-65d7d935 elementor-section-boxed elementor-section-height-default elementor-section-height-default\" data-id=\"65d7d935\" data-element_type=\"section\" data-e-type=\"section\">\n\t\t\t\t\t\t<div class=\"elementor-container elementor-column-gap-default\">\n\t\t\t\t\t<div class=\"elementor-column elementor-col-100 elementor-top-column elementor-element elementor-element-14469853\" data-id=\"14469853\" data-element_type=\"column\" data-e-type=\"column\">\n\t\t\t<div class=\"elementor-widget-wrap elementor-element-populated\">\n\t\t\t\t\t\t<div class=\"elementor-element elementor-element-5bf57302 elementor-widget elementor-widget-text-editor\" data-id=\"5bf57302\" data-element_type=\"widget\" data-e-type=\"widget\" data-widget_type=\"text-editor.default\">\n\t\t\t\t<div class=\"elementor-widget-container\">\n\t\t\t\t\t\t\t\t\t<p>Nuestro sitio web perghermilano.com utiliza una tecnolog\u00eda denominada &#034;cookies&#034; con el fin de obtener informaci\u00f3n sobre el uso del sitio web, mejorar la experiencia del usuario y garantizar su correcto funcionamiento.<\/p><p>\u00a0<\/p><p>Definici\u00f3n de cookie<\/p><p>Una &#039;cookie&#039; es un peque\u00f1o fragmento de texto que los sitios web env\u00edan al navegador y que se almacenan en el terminal del usuario (ordenador o dispositivo m\u00f3vil). Estos ficheros tienen la finalidad de almacenar datos que podr\u00e1n ser actualizados y recuperados por la entidad responsable de su instalaci\u00f3n. Por lo tanto, cada vez que el usuario visita el sitio web de nuevo, el navegador recupera el archivo y lo env\u00eda al servidor del sitio web. Las Cookies tienen varias funciones, incluyendo la recopilaci\u00f3n de informaci\u00f3n sobre las preferencias del usuario y el recuerdo, y, en general, facilitar el uso del sitio web por el usuario, haciendo que el sitio sea m\u00e1s \u00fatil al personalizar su contenido.<\/p><p>\u00a0<\/p><p>Las Cookies pueden ser clasificados de acuerdo a diferentes par\u00e1metros:<\/p><p>Propiedad: cookies propias y cookies de terceros: en funci\u00f3n de la entidad que gestione el dominio desde donde se env\u00edan las cookies y trate los datos obtenidos.<\/p><p>Duraci\u00f3n: cookies de sesi\u00f3n y cookies persistentes seg\u00fan el per\u00edodo de tiempo que permanecen almacenadas en el terminal del usuario.<\/p><p>Finalidad: cookies t\u00e9cnicas, cookies de personalizaci\u00f3n, cookies de an\u00e1lisis cookies publicitarias cookies de publicidad comportamental, dependiendo del prop\u00f3sito para el cual los datos obtenidos.<\/p><ol class=\"\"><li><div class=\"cont\"><ul class=\"\"><li><div class=\"cont\"><p>Cookies t\u00e9cnicas: son aqu\u00e9llas que permiten al usuario navegar en el sitio web o aplicaci\u00f3n y la utilizaci\u00f3n de las diferentes opciones o servicios que en ella se contiene. Por ejemplo, controlar el tr\u00e1fico y la comunicaci\u00f3n de datos, identificar la sesi\u00f3n o acceder a la web parte a las limitaciones de acceso.<\/p><p>Cookies de personalizaci\u00f3n: son aquellas que permiten al usuario acceder al servicio con algunas caracter\u00edsticas generales predefinidas en su terminal o que el usuario define. Por ejemplo, el idioma, el tipo de navegador a trav\u00e9s del cual el acceso al servicio o el dise\u00f1o del contenido seleccionado.<\/p><p>Cookies de an\u00e1lisis: son aquellas que son procesados por nosotros o por terceros, nos permiten cuantificar el n\u00famero de usuarios y as\u00ed realizar an\u00e1lisis estad\u00edsticos sobre el uso que hacen los usuarios del servicio ofertado. Para ello, su navegaci\u00f3n en nuestro sitio web es analizado con el fin de mejorar la oferta de productos o servicios que ofrecemos.<\/p><p>Cookies de publicidad: son aqu\u00e9llas que permiten la gesti\u00f3n, de la forma m\u00e1s eficaz posible, de los espacios publicitarios que, en su caso, el editor haya incluido en una p\u00e1gina web, aplicaci\u00f3n o plataforma desde la que presta el servicio solicitado en base a criterios. como el contenido editado o la frecuencia con la que los anuncios se muestran.<\/p><p>Cookies de publicidad comportamental: son aqu\u00e9llas que permiten la gesti\u00f3n, de la forma m\u00e1s eficaz posible, de los espacios publicitarios que, en su caso, el editor haya incluido en una p\u00e1gina web, aplicaci\u00f3n o plataforma desde la que presta el servicio solicitado. Estas cookies almacenan informaci\u00f3n del comportamiento de los usuarios obtenida a trav\u00e9s de la observaci\u00f3n continuada de sus h\u00e1bitos de navegaci\u00f3n, lo que permite desarrollar un perfil espec\u00edfico para mostrar publicidad basada en ella.<\/p><\/div><\/li><\/ul><\/div><\/li><\/ol><p>Las Cookies utilizadas en nuestro sitio web<\/p><p>Nuestro sitio web utiliza cookies propias, que son enviadas a tu ordenador y gestionadas exclusivamente por nosotros para el mejor funcionamiento del sitio web, las cookies de terceros, cuya funci\u00f3n es servir como una herramienta para analizar la interacci\u00f3n del usuario con nuestro sitio web. gracias a ellos, se obtiene informaci\u00f3n que puede ayudar a mejorar la navegaci\u00f3n y ofrecer un mejor servicio a los usuarios.<\/p><p>Podemos utilizar tanto cookies de sesi\u00f3n, temporales y cookies persistentes. Las cookies de sesi\u00f3n almacenan datos \u00fanicamente mientras el usuario accede a la web, mientras que las cookies permanentes almacenan los datos en el terminal para que pueda acceder a ellos y utilizarlos en m\u00e1s de una sesi\u00f3n.<\/p><p>En particular, las cookies utilizadas en nuestro sitio web son:<\/p><p>Propias cookies:<\/p><p>Las cookies que utilizamos en nuestro sitio web son de car\u00e1cter t\u00e9cnico, son esenciales para el funcionamiento de la web.<\/p><p>Cookies de terceros:<\/p><p>El propietario de la cookie Prop\u00f3sito de la Duraci\u00f3n de<br \/>__utmz, __ utmc, __de custodia (utma, __utmb,__utmt, __ga __gat de Google Inc. (Google Analytics) An\u00e1lisis: se analiza el tr\u00e1fico de este sitio web. De sesi\u00f3n y persistentes<\/p><p>Para obtener m\u00e1s informaci\u00f3n sobre las cookies y\/o para desactivarlos, puede hacer clic en el enlace que figura en los nombres de varios de los propietarios.<\/p><p>Por \u00faltimo, las cookies, los complementos tambi\u00e9n son utilizados para el intercambio de contenido social.<\/p><p>\u00a0<\/p><p><br \/>Consentimiento<\/p><p>Por navegar y continuar en nuestro sitio web, usted da su consentimiento para el uso de estas cookies, por el per\u00edodo indicado y en las condiciones contenidas en la presente Pol\u00edtica de Cookies.<\/p><p>Asimismo, le informamos que si usted mira el contenido de nuestro sitio web alojado en sitios web de terceros, estos tienen su propia pol\u00edtica de cookies.<\/p><p>\u00a0<\/p><p><br \/>Revocaci\u00f3n del consentimiento<\/p><p>El usuario puede revocar su consentimiento en relaci\u00f3n a esta Pol\u00edtica de cookies en cualquier momento, para ello deber\u00e1 eliminar las cookies almacenadas en su equipo mediante la configuraci\u00f3n y configuraciones de su navegador de Internet.<\/p><p>\u00a0<\/p><p><br \/>Cambiar la configuraci\u00f3n de cookies<\/p><p>El usuario puede restringir, bloquear o borrar las cookies de cualquier sitio web, utilizando su navegador. En cada navegador la operaci\u00f3n es diferente, as\u00ed que usted puede consultar el siguiente enlace de c\u00f3mo hacerlo<\/p><p>Internet Explorer: https:\/\/support.microsoft.com\/es-es\/help\/17442\/windows-internet-explorer-delete-manage-cookies#ie=ie-11<br \/>Borde: https:\/\/support.microsoft.com\/es-es\/help\/4468242\/microsoft-edge-browsing-data-and-privacy-microsoft-privacy<br \/>Firefox: https:\/\/support.mozilla.org\/es\/kb\/clear-cookies-and-site-data-firefox<br \/>Cromo: https:\/\/support.google.com\/chrome\/answer\/95647?hl=it<br \/>Safari (mac): https:\/\/support.apple.com\/es-es\/guide\/safari\/manage-cookies-and-website-data-sfri11471\/mac<br \/>Safari (iPhone\/iPad): https:\/\/support.apple.com\/es-es\/HT201265<br \/>\u00d3pera: https:\/\/help.opera.com\/en\/latest\/web-preferences\/#cookies<\/p><p>Para obtener m\u00e1s informaci\u00f3n sobre c\u00f3mo eliminar, desactivar o bloquear las cookies, puede visitar tambi\u00e9n:<br \/>http:\/\/www.aboutcookies.org\/Default.aspx?page=2<\/p><p>\u00a0<\/p><p><br \/>Actualizaci\u00f3n de la pol\u00edtica de cookies<\/p><p>Este sitio web puede modificar esta Pol\u00edtica de cookies, por lo tanto, le recomendamos que revise esta pol\u00edtica cada vez que acceda a nuestro sitio web con el fin de estar adecuadamente informado sobre nuestro uso de cookies.<\/p>\t\t\t\t\t\t\t\t<\/div>\n\t\t\t\t<\/div>\n\t\t\t\t\t<\/div>\n\t\t<\/div>\n\t\t\t\t\t<\/div>\n\t\t<\/section>\n\t\t\t\t<\/div>","protected":false},"excerpt":{"rendered":"<p>Nuestro sitio web perghermilano.com utiliza una tecnolog\u00eda llamada &quot;cookies&quot; para obtener informaci\u00f3n sobre el uso del sitio web, mejorar la experiencia del usuario y garantizar su correcto funcionamiento. Definici\u00f3n de cookies: Una &quot;cookie&quot; es un peque\u00f1o archivo de texto que los sitios web env\u00edan a su navegador y que se almacena en su dispositivo (ordenador o tableta).&nbsp;<\/p>","protected":false},"author":1,"featured_media":0,"parent":0,"menu_order":0,"comment_status":"closed","ping_status":"closed","template":"page-templates\/template-pagebuilder-full-width.php","meta":{"neve_meta_sidebar":"","neve_meta_container":"","neve_meta_enable_content_width":"off","neve_meta_content_width":100,"neve_meta_title_alignment":"","neve_meta_author_avatar":"","neve_post_elements_order":"","neve_meta_disable_header":"","neve_meta_disable_footer":"","neve_meta_disable_title":"","_joinchat":[],"footnotes":""},"class_list":["post-1568","page","type-page","status-publish","hentry"],"yoast_head":"<!-- This site is optimized with the Yoast SEO plugin v27.4 - https:\/\/yoast.com\/product\/yoast-seo-wordpress\/ -->\n<title>Politica sui cookie - PERGHER MILANO<\/title>\n<meta name=\"robots\" content=\"index, follow, max-snippet:-1, max-image-preview:large, max-video-preview:-1\" \/>\n<link rel=\"canonical\" href=\"https:\/\/perghermilano.com\/es\/politica-sui-cookie\/\" \/>\n<meta property=\"og:locale\" content=\"es_ES\" \/>\n<meta property=\"og:type\" content=\"article\" \/>\n<meta property=\"og:title\" content=\"Politica sui cookie - PERGHER MILANO\" \/>\n<meta property=\"og:description\" content=\"Il nostro sito web perghermilano.com utilizza una tecnologia chiamata &#8216;cookie&#8217;, al fine di ottenere informazioni sull&#8217;utilizzo del sito web, migliorare l&#8217;esperienza dell&#8217;utente e garantirne il corretto funzionamento. \u00a0 Definizione di cookie Un &#8216;cookie&#8217; \u00e8 un piccolo frammento di testo che i siti web inviano al browser e che vengono memorizzati sul terminale dell&#8217;utente (computer o&hellip;&nbsp;\" \/>\n<meta property=\"og:url\" content=\"https:\/\/perghermilano.com\/es\/politica-sui-cookie\/\" \/>\n<meta property=\"og:site_name\" content=\"PERGHER MILANO\" \/>\n<meta property=\"article:modified_time\" content=\"2024-05-07T07:12:46+00:00\" \/>\n<meta name=\"twitter:card\" content=\"summary_large_image\" \/>\n<meta name=\"twitter:label1\" content=\"Tiempo de lectura\" \/>\n\t<meta name=\"twitter:data1\" content=\"5 minutos\" \/>\n<script type=\"application\/ld+json\" class=\"yoast-schema-graph\">{\"@context\":\"https:\\\/\\\/schema.org\",\"@graph\":[{\"@type\":\"WebPage\",\"@id\":\"https:\\\/\\\/perghermilano.com\\\/politica-sui-cookie\\\/\",\"url\":\"https:\\\/\\\/perghermilano.com\\\/politica-sui-cookie\\\/\",\"name\":\"Politica sui cookie - PERGHER MILANO\",\"isPartOf\":{\"@id\":\"https:\\\/\\\/perghermilano.com\\\/#website\"},\"datePublished\":\"2024-05-07T07:08:54+00:00\",\"dateModified\":\"2024-05-07T07:12:46+00:00\",\"breadcrumb\":{\"@id\":\"https:\\\/\\\/perghermilano.com\\\/politica-sui-cookie\\\/#breadcrumb\"},\"inLanguage\":\"es\",\"potentialAction\":[{\"@type\":\"ReadAction\",\"target\":[\"https:\\\/\\\/perghermilano.com\\\/politica-sui-cookie\\\/\"]}]},{\"@type\":\"BreadcrumbList\",\"@id\":\"https:\\\/\\\/perghermilano.com\\\/politica-sui-cookie\\\/#breadcrumb\",\"itemListElement\":[{\"@type\":\"ListItem\",\"position\":1,\"name\":\"Inici\",\"item\":\"https:\\\/\\\/perghermilano.com\\\/\"},{\"@type\":\"ListItem\",\"position\":2,\"name\":\"Politica sui cookie\"}]},{\"@type\":\"WebSite\",\"@id\":\"https:\\\/\\\/perghermilano.com\\\/#website\",\"url\":\"https:\\\/\\\/perghermilano.com\\\/\",\"name\":\"PERGHER MILANO\",\"description\":\"Eleganza in ogni secondo, accessori che definiscono il tuo stile\",\"publisher\":{\"@id\":\"https:\\\/\\\/perghermilano.com\\\/#organization\"},\"potentialAction\":[{\"@type\":\"SearchAction\",\"target\":{\"@type\":\"EntryPoint\",\"urlTemplate\":\"https:\\\/\\\/perghermilano.com\\\/?s={search_term_string}\"},\"query-input\":{\"@type\":\"PropertyValueSpecification\",\"valueRequired\":true,\"valueName\":\"search_term_string\"}}],\"inLanguage\":\"es\"},{\"@type\":\"Organization\",\"@id\":\"https:\\\/\\\/perghermilano.com\\\/#organization\",\"name\":\"PERGHER MILANO\",\"url\":\"https:\\\/\\\/perghermilano.com\\\/\",\"logo\":{\"@type\":\"ImageObject\",\"inLanguage\":\"es\",\"@id\":\"https:\\\/\\\/perghermilano.com\\\/#\\\/schema\\\/logo\\\/image\\\/\",\"url\":\"https:\\\/\\\/perghermilano.com\\\/wp-content\\\/uploads\\\/2024\\\/03\\\/logoNeg@114.png\",\"contentUrl\":\"https:\\\/\\\/perghermilano.com\\\/wp-content\\\/uploads\\\/2024\\\/03\\\/logoNeg@114.png\",\"width\":528,\"height\":114,\"caption\":\"PERGHER MILANO\"},\"image\":{\"@id\":\"https:\\\/\\\/perghermilano.com\\\/#\\\/schema\\\/logo\\\/image\\\/\"}}]}<\/script>\n<!-- \/ Yoast SEO plugin. -->","yoast_head_json":{"title":"Politica sui cookie - PERGHER MILANO","robots":{"index":"index","follow":"follow","max-snippet":"max-snippet:-1","max-image-preview":"max-image-preview:large","max-video-preview":"max-video-preview:-1"},"canonical":"https:\/\/perghermilano.com\/es\/politica-sui-cookie\/","og_locale":"es_ES","og_type":"article","og_title":"Politica sui cookie - PERGHER MILANO","og_description":"Il nostro sito web perghermilano.com utilizza una tecnologia chiamata &#8216;cookie&#8217;, al fine di ottenere informazioni sull&#8217;utilizzo del sito web, migliorare l&#8217;esperienza dell&#8217;utente e garantirne il corretto funzionamento. \u00a0 Definizione di cookie Un &#8216;cookie&#8217; \u00e8 un piccolo frammento di testo che i siti web inviano al browser e che vengono memorizzati sul terminale dell&#8217;utente (computer o&hellip;&nbsp;","og_url":"https:\/\/perghermilano.com\/es\/politica-sui-cookie\/","og_site_name":"PERGHER MILANO","article_modified_time":"2024-05-07T07:12:46+00:00","twitter_card":"summary_large_image","twitter_misc":{"Tiempo de lectura":"5 minutos"},"schema":{"@context":"https:\/\/schema.org","@graph":[{"@type":"WebPage","@id":"https:\/\/perghermilano.com\/politica-sui-cookie\/","url":"https:\/\/perghermilano.com\/politica-sui-cookie\/","name":"Politica sui cookie - PERGHER MILANO","isPartOf":{"@id":"https:\/\/perghermilano.com\/#website"},"datePublished":"2024-05-07T07:08:54+00:00","dateModified":"2024-05-07T07:12:46+00:00","breadcrumb":{"@id":"https:\/\/perghermilano.com\/politica-sui-cookie\/#breadcrumb"},"inLanguage":"es","potentialAction":[{"@type":"ReadAction","target":["https:\/\/perghermilano.com\/politica-sui-cookie\/"]}]},{"@type":"BreadcrumbList","@id":"https:\/\/perghermilano.com\/politica-sui-cookie\/#breadcrumb","itemListElement":[{"@type":"ListItem","position":1,"name":"Inici","item":"https:\/\/perghermilano.com\/"},{"@type":"ListItem","position":2,"name":"Politica sui cookie"}]},{"@type":"WebSite","@id":"https:\/\/perghermilano.com\/#website","url":"https:\/\/perghermilano.com\/","name":"PERGHER MILANO","description":"Elegancia en cada segundo, accesorios que definen tu estilo","publisher":{"@id":"https:\/\/perghermilano.com\/#organization"},"potentialAction":[{"@type":"SearchAction","target":{"@type":"EntryPoint","urlTemplate":"https:\/\/perghermilano.com\/?s={search_term_string}"},"query-input":{"@type":"PropertyValueSpecification","valueRequired":true,"valueName":"search_term_string"}}],"inLanguage":"es"},{"@type":"Organization","@id":"https:\/\/perghermilano.com\/#organization","name":"PERGHER MILANO","url":"https:\/\/perghermilano.com\/","logo":{"@type":"ImageObject","inLanguage":"es","@id":"https:\/\/perghermilano.com\/#\/schema\/logo\/image\/","url":"https:\/\/perghermilano.com\/wp-content\/uploads\/2024\/03\/logoNeg@114.png","contentUrl":"https:\/\/perghermilano.com\/wp-content\/uploads\/2024\/03\/logoNeg@114.png","width":528,"height":114,"caption":"PERGHER MILANO"},"image":{"@id":"https:\/\/perghermilano.com\/#\/schema\/logo\/image\/"}}]}},"_links":{"self":[{"href":"https:\/\/perghermilano.com\/es\/wp-json\/wp\/v2\/pages\/1568","targetHints":{"allow":["GET"]}}],"collection":[{"href":"https:\/\/perghermilano.com\/es\/wp-json\/wp\/v2\/pages"}],"about":[{"href":"https:\/\/perghermilano.com\/es\/wp-json\/wp\/v2\/types\/page"}],"author":[{"embeddable":true,"href":"https:\/\/perghermilano.com\/es\/wp-json\/wp\/v2\/users\/1"}],"replies":[{"embeddable":true,"href":"https:\/\/perghermilano.com\/es\/wp-json\/wp\/v2\/comments?post=1568"}],"version-history":[{"count":4,"href":"https:\/\/perghermilano.com\/es\/wp-json\/wp\/v2\/pages\/1568\/revisions"}],"predecessor-version":[{"id":1572,"href":"https:\/\/perghermilano.com\/es\/wp-json\/wp\/v2\/pages\/1568\/revisions\/1572"}],"wp:attachment":[{"href":"https:\/\/perghermilano.com\/es\/wp-json\/wp\/v2\/media?parent=1568"}],"curies":[{"name":"wp","href":"https:\/\/api.w.org\/{rel}","templated":true}]}}