{"id":1573,"date":"2024-05-07T09:13:19","date_gmt":"2024-05-07T07:13:19","guid":{"rendered":"https:\/\/perghermilano.com\/?page_id=1573"},"modified":"2024-05-07T09:42:45","modified_gmt":"2024-05-07T07:42:45","slug":"politica-di-protezione-dei-dati","status":"publish","type":"page","link":"https:\/\/perghermilano.com\/es\/politica-di-protezione-dei-dati\/","title":{"rendered":"Pol\u00edtica de protecci\u00f3n de datos"},"content":{"rendered":"<div data-elementor-type=\"wp-page\" data-elementor-id=\"1573\" class=\"elementor elementor-1573\" data-elementor-post-type=\"page\">\n\t\t\t\t\t\t<section class=\"elementor-section elementor-top-section elementor-element elementor-element-4ed0f4ce elementor-section-boxed elementor-section-height-default elementor-section-height-default\" data-id=\"4ed0f4ce\" data-element_type=\"section\" data-e-type=\"section\" data-settings=\"{&quot;background_background&quot;:&quot;classic&quot;}\">\n\t\t\t\t\t\t\t<div class=\"elementor-background-overlay\"><\/div>\n\t\t\t\t\t\t\t<div class=\"elementor-container elementor-column-gap-default\">\n\t\t\t\t\t<div class=\"elementor-column elementor-col-100 elementor-top-column elementor-element elementor-element-2ba2c3ea elementor-invisible\" data-id=\"2ba2c3ea\" data-element_type=\"column\" data-e-type=\"column\" data-settings=\"{&quot;animation&quot;:&quot;bounceInUp&quot;}\">\n\t\t\t<div class=\"elementor-widget-wrap elementor-element-populated\">\n\t\t\t\t\t\t<div class=\"elementor-element elementor-element-368e3cbb elementor-widget elementor-widget-heading\" data-id=\"368e3cbb\" data-element_type=\"widget\" data-e-type=\"widget\" data-widget_type=\"heading.default\">\n\t\t\t\t<div class=\"elementor-widget-container\">\n\t\t\t\t\t<h1 class=\"elementor-heading-title elementor-size-default\">Pol\u00edtica de protecci\u00f3n de datos<\/h1>\t\t\t\t<\/div>\n\t\t\t\t<\/div>\n\t\t\t\t\t<\/div>\n\t\t<\/div>\n\t\t\t\t\t<\/div>\n\t\t<\/section>\n\t\t\t\t<section class=\"elementor-section elementor-top-section elementor-element elementor-element-65d7d935 elementor-section-boxed elementor-section-height-default elementor-section-height-default\" data-id=\"65d7d935\" data-element_type=\"section\" data-e-type=\"section\">\n\t\t\t\t\t\t<div class=\"elementor-container elementor-column-gap-default\">\n\t\t\t\t\t<div class=\"elementor-column elementor-col-100 elementor-top-column elementor-element elementor-element-14469853\" data-id=\"14469853\" data-element_type=\"column\" data-e-type=\"column\">\n\t\t\t<div class=\"elementor-widget-wrap elementor-element-populated\">\n\t\t\t\t\t\t<div class=\"elementor-element elementor-element-5bf57302 elementor-widget elementor-widget-text-editor\" data-id=\"5bf57302\" data-element_type=\"widget\" data-e-type=\"widget\" data-widget_type=\"text-editor.default\">\n\t\t\t\t<div class=\"elementor-widget-container\">\n\t\t\t\t\t\t\t\t\t<p>EL PROPIETARIO se compromete a proteger la privacidad de los usuarios que accedan a este sitio Web y\/o de cualquiera de sus servicios. El uso del sitio web y\/o de cualquiera de los servicios ofrecidos por EL PROPIETARIO implica la aceptaci\u00f3n por el usuario de las disposiciones contenidas en la presente pol\u00edtica de privacidad y que sus datos personales ser\u00e1n tratados como se especifica en el mismo. Tenga en cuenta que, aunque puede haber enlaces desde nuestro sitio a otros sitios Web o redes sociales, esta pol\u00edtica de privacidad no se aplica a los sitios Web de otras compa\u00f1\u00edas u organizaciones a los que se redirige a la p\u00e1gina Web. EL PROPIETARIO no controla el contenido de los sitios Web de terceros, ni acepta ninguna responsabilidad por el contenido o las pol\u00edticas de privacidad de estos sitios Web.<\/p><p><strong>La informaci\u00f3n basada en el procesamiento de datos (Reglamento (UE) 2016\/679 y LA 3\/2018)<\/strong><\/p><table><tbody><tr><td>El responsable del tratamiento<\/td><td>EL PROPIETARIO.<br \/>Nuestros datos aparecen en el aviso legal de este sitio web.<\/td><\/tr><tr><td>A los efectos de la tramitaci\u00f3n<\/td><td>Ofrecer y gestionar los productos y\/o servicios.<\/td><\/tr><tr><td>Legitimidad<\/td><td>El consentimiento obtenido por el interesado. Ejecuci\u00f3n del contrato de servicio.<\/td><\/tr><tr><td>Destinatarios<\/td><td>Los datos no ser\u00e1n comunicados a terceros, salvo obligaci\u00f3n legal o necesario para cumplir la finalidad del tratamiento.<\/td><\/tr><tr><td>Los derechos de las personas<\/td><td>Los interesados tienen el derecho a ejercitar sus derechos de acceso, rectificaci\u00f3n, limitaci\u00f3n de tratamiento, eliminaci\u00f3n, portabilidad y oposici\u00f3n enviando su solicitud a nuestra direcci\u00f3n.<\/td><\/tr><tr><td>Per\u00edodo de retenci\u00f3n de datos<\/td><td>Como siempre y cuando mantenga la relaci\u00f3n comercial, o durante los a\u00f1os que sea necesario para cumplir con los requisitos de la ley.<\/td><\/tr><tr><td>Queja<\/td><td>Los interesados pueden contactar a la AEPD para presentar la reclamaci\u00f3n que se considere adecuada.<\/td><\/tr><tr><td>Informaci\u00f3n adicional<\/td><td>Informaci\u00f3n m\u00e1s detallada se encuentra disponible a continuaci\u00f3n en &#034;Preguntas acerca de la privacidad&#034;.<\/td><\/tr><\/tbody><\/table><p><strong>Preguntas acerca de la privacidad<\/strong><\/p><p>De conformidad con el Reglamento (UE) 2016\/679 del Parlamento Europeo y del Consejo, de 27 de abril de 2016, (RGPD), y la Ley Org\u00e1nica 3\/2018, de 5 de diciembre, de protecci\u00f3n de datos personales y la garant\u00eda de los derechos digitales (LOPDGDD), le ofrecemos la siguiente informaci\u00f3n sobre el procesamiento de sus datos personales:<\/p><p>Qui\u00e9n es el responsable del tratamiento de sus datos?<\/p><p>EL PROPIETARIO.<br \/>Nuestros datos aparecen en el aviso legal de este sitio web.<\/p><p>Para qu\u00e9 hacemos para el tratamiento de sus datos personales?<\/p><p>Procesamos la informaci\u00f3n proporcionada a nosotros para proporcionar y factura de nuestros servicios y productos.<br \/>Si usted proporciona su consentimiento, podemos procesar sus datos personales para enviarle informaci\u00f3n sobre nuestras actividades, servicios y productos.<br \/>Si quieres participar en alguno de nuestros sorteos y\/o concursos que vamos a publicar su nombre y apellidos y su imagen en diferentes espacios y medios de comunicaci\u00f3n y la difusi\u00f3n que utilizamos, como las redes sociales, con el fin de promover nuestras actividades, servicios y productos.<\/p><p>Por cu\u00e1nto tiempo vamos a mantener sus datos?<\/p><p>Los datos personales facilitados ser\u00e1n almacenados hasta que el usuario de nuestros servicios o desea recibir informaci\u00f3n, y si usted participa en una promoci\u00f3n, mientras est\u00e1 activa y, a continuaci\u00f3n, en los per\u00edodos establecidos para cumplir con nuestras obligaciones legales.<\/p><p>\u00a0<\/p><p>\u00bfCu\u00e1l es la legitimidad del tratamiento de sus datos?<\/p><p>La base jur\u00eddica de procesamiento de los datos se la consiente que usted nos proporcione.<\/p><p>Con respecto a la informaci\u00f3n proporcionada por los ni\u00f1os menores de 16 a\u00f1os de edad, se entiende que estos han sido enviados con el consentimiento de sus representantes legales. De lo contrario, el representante legal del ni\u00f1o deber\u00e1 notificar tan pronto como usted ser\u00e1 consciente de ello.<\/p><p>A los destinatarios que recibir\u00e1n sus datos?<\/p><p>Los datos no ser\u00e1n comunicados a terceros, salvo obligaci\u00f3n legal o necesario para cumplir la finalidad del tratamiento.<\/p><p>\u00a0<\/p><p>\u00bfCu\u00e1les son sus derechos cuando usted nos proporciona sus datos?<\/p><p>Cualquier persona tiene el derecho a obtener la confirmaci\u00f3n de si se trata o no de sus datos personales.<br \/>Los interesados tienen derecho a acceder a sus datos personales, as\u00ed como solicitar la rectificaci\u00f3n de los datos inexactos o, en su caso, solicitar su eliminaci\u00f3n cuando, entre otras razones, los datos no son necesarios para los fines para los que fueron recogidos .<br \/>En ciertas circunstancias, las partes interesadas pueden solicitar la limitaci\u00f3n del tratamiento de sus datos. En este caso, ellos s\u00f3lo se conservar\u00e1n por el ejercicio o la defensa de reclamaciones.<br \/>Por otra parte, en determinadas circunstancias y por motivos relacionados con su situaci\u00f3n particular, los interesados podr\u00e1n oponerse al tratamiento de sus datos.<br \/>Las partes interesadas tambi\u00e9n tienen el derecho a la portabilidad de sus datos.<br \/>Finalmente, los interesados tienen el derecho a presentar una reclamaci\u00f3n ante la Autoridad de control competente.<\/p><p>\u00bfC\u00f3mo puede usted ejercer sus derechos?<\/p><p>Enviando una carta, adjuntando una copia de un documento que lo identifica a usted, para nuestra integridad f\u00edsica o la direcci\u00f3n electr\u00f3nica.<\/p><p>\u00a0<\/p><p>C\u00f3mo se obtuvieron los datos?<\/p><p>Los datos personales que procesamos proviene de los datos del sujeto. El interesado garantiza la veracidad de los datos personales facilitados y se hace responsable de comunicar cualquier modificaci\u00f3n de los mismos. Los datos marcados con un asterisco ser\u00e1 obligatorio para ser capaz de proporcionar el servicio solicitado.<\/p><p>\u00a0<\/p><p>\u00bfQu\u00e9 datos tenemos de proceso?<\/p><p>Las categor\u00edas de datos que procesamos en la prestaci\u00f3n de nuestros servicios son:<\/p><p>Datos de identificaci\u00f3n<br \/>Direcciones postales o electr\u00f3nicas<br \/>Otra informaci\u00f3n solicitada en los formularios<br \/>Los datos son limitados, ya que s\u00f3lo se ocupan de los datos necesarios para prestar nuestros servicios y gestionar nuestro negocio.<\/p><p>Utilizamos las cookies?<\/p><p>Utilizamos cookies durante la navegaci\u00f3n por nuestro sitio web con el consentimiento informado del usuario. El usuario puede configurar su navegador para ser avisado de la utilizaci\u00f3n de cookies y para impedir su uso. Para obtener m\u00e1s informaci\u00f3n, por favor visite nuestra pol\u00edtica de cookies.<\/p><p>\u00a0<\/p><p>\u00bfQu\u00e9 medidas de seguridad debemos aplicar?<\/p><p>Aplicamos las medidas de seguridad establecidas en el art\u00edculo 32 de la RGPD, por lo tanto, hemos adoptado las medidas de seguridad necesarias para garantizar un nivel de seguridad adecuado para que el riesgo de que el tratamiento de datos que llevamos a cabo, con mecanismos que nos permitan garantizar la confidencialidad, integridad , disponibilidad permanente y la resiliencia de los sistemas y servicios de procesamiento.<\/p><p>Algunas de estas medidas son:<\/p><p>Informaci\u00f3n sobre las pol\u00edticas de tratamiento de datos para el personal.<br \/>Hacer copias de seguridad peri\u00f3dicas.<br \/>Control de acceso a datos.<br \/>Los procesos de verificaci\u00f3n peri\u00f3dica, evaluaci\u00f3n y valoraci\u00f3n.<\/p>\t\t\t\t\t\t\t\t<\/div>\n\t\t\t\t<\/div>\n\t\t\t\t\t<\/div>\n\t\t<\/div>\n\t\t\t\t\t<\/div>\n\t\t<\/section>\n\t\t\t\t<\/div>","protected":false},"excerpt":{"rendered":"<p>EL PROPIETARIO se compromete a proteger la privacidad de los usuarios que accedan a este sitio web y\/o a cualquiera de sus servicios. El uso del sitio web y\/o de cualquiera de los servicios ofrecidos por EL PROPIETARIO implica la aceptaci\u00f3n de las disposiciones de esta Pol\u00edtica de Privacidad y del tratamiento de sus datos personales.&nbsp;<\/p>","protected":false},"author":1,"featured_media":0,"parent":0,"menu_order":0,"comment_status":"closed","ping_status":"closed","template":"page-templates\/template-pagebuilder-full-width.php","meta":{"neve_meta_sidebar":"","neve_meta_container":"","neve_meta_enable_content_width":"off","neve_meta_content_width":100,"neve_meta_title_alignment":"","neve_meta_author_avatar":"","neve_post_elements_order":"","neve_meta_disable_header":"","neve_meta_disable_footer":"","neve_meta_disable_title":"","_joinchat":[],"footnotes":""},"class_list":["post-1573","page","type-page","status-publish","hentry"],"yoast_head":"<!-- This site is optimized with the Yoast SEO plugin v27.4 - https:\/\/yoast.com\/product\/yoast-seo-wordpress\/ -->\n<title>Politica di protezione dei dati - PERGHER MILANO<\/title>\n<meta name=\"robots\" content=\"index, follow, max-snippet:-1, max-image-preview:large, max-video-preview:-1\" \/>\n<link rel=\"canonical\" href=\"https:\/\/perghermilano.com\/es\/politica-di-protezione-dei-dati\/\" \/>\n<meta property=\"og:locale\" content=\"es_ES\" \/>\n<meta property=\"og:type\" content=\"article\" \/>\n<meta property=\"og:title\" content=\"Politica di protezione dei dati - PERGHER MILANO\" \/>\n<meta property=\"og:description\" content=\"IL PROPRIETARIO si impegna a proteggere la privacy degli utenti che accedono a questo sito Web e\/o a qualsiasi dei suoi servizi. L&#8217;utilizzo del sito web e\/o di qualsiasi servizio offerto da IL PROPRIETARIO implica l&#8217;accettazione da parte dell&#8217;utente delle disposizioni contenute nella presente Informativa sulla privacy e che i suoi dati personali siano trattati&hellip;&nbsp;\" \/>\n<meta property=\"og:url\" content=\"https:\/\/perghermilano.com\/es\/politica-di-protezione-dei-dati\/\" \/>\n<meta property=\"og:site_name\" content=\"PERGHER MILANO\" \/>\n<meta property=\"article:modified_time\" content=\"2024-05-07T07:42:45+00:00\" \/>\n<meta name=\"twitter:card\" content=\"summary_large_image\" \/>\n<meta name=\"twitter:label1\" content=\"Tiempo de lectura\" \/>\n\t<meta name=\"twitter:data1\" content=\"6 minutos\" \/>\n<script type=\"application\/ld+json\" class=\"yoast-schema-graph\">{\"@context\":\"https:\\\/\\\/schema.org\",\"@graph\":[{\"@type\":\"WebPage\",\"@id\":\"https:\\\/\\\/perghermilano.com\\\/politica-di-protezione-dei-dati\\\/\",\"url\":\"https:\\\/\\\/perghermilano.com\\\/politica-di-protezione-dei-dati\\\/\",\"name\":\"Politica di protezione dei dati - PERGHER MILANO\",\"isPartOf\":{\"@id\":\"https:\\\/\\\/perghermilano.com\\\/#website\"},\"datePublished\":\"2024-05-07T07:13:19+00:00\",\"dateModified\":\"2024-05-07T07:42:45+00:00\",\"breadcrumb\":{\"@id\":\"https:\\\/\\\/perghermilano.com\\\/politica-di-protezione-dei-dati\\\/#breadcrumb\"},\"inLanguage\":\"es\",\"potentialAction\":[{\"@type\":\"ReadAction\",\"target\":[\"https:\\\/\\\/perghermilano.com\\\/politica-di-protezione-dei-dati\\\/\"]}]},{\"@type\":\"BreadcrumbList\",\"@id\":\"https:\\\/\\\/perghermilano.com\\\/politica-di-protezione-dei-dati\\\/#breadcrumb\",\"itemListElement\":[{\"@type\":\"ListItem\",\"position\":1,\"name\":\"Inici\",\"item\":\"https:\\\/\\\/perghermilano.com\\\/\"},{\"@type\":\"ListItem\",\"position\":2,\"name\":\"Politica di protezione dei dati\"}]},{\"@type\":\"WebSite\",\"@id\":\"https:\\\/\\\/perghermilano.com\\\/#website\",\"url\":\"https:\\\/\\\/perghermilano.com\\\/\",\"name\":\"PERGHER MILANO\",\"description\":\"Eleganza in ogni secondo, accessori che definiscono il tuo stile\",\"publisher\":{\"@id\":\"https:\\\/\\\/perghermilano.com\\\/#organization\"},\"potentialAction\":[{\"@type\":\"SearchAction\",\"target\":{\"@type\":\"EntryPoint\",\"urlTemplate\":\"https:\\\/\\\/perghermilano.com\\\/?s={search_term_string}\"},\"query-input\":{\"@type\":\"PropertyValueSpecification\",\"valueRequired\":true,\"valueName\":\"search_term_string\"}}],\"inLanguage\":\"es\"},{\"@type\":\"Organization\",\"@id\":\"https:\\\/\\\/perghermilano.com\\\/#organization\",\"name\":\"PERGHER MILANO\",\"url\":\"https:\\\/\\\/perghermilano.com\\\/\",\"logo\":{\"@type\":\"ImageObject\",\"inLanguage\":\"es\",\"@id\":\"https:\\\/\\\/perghermilano.com\\\/#\\\/schema\\\/logo\\\/image\\\/\",\"url\":\"https:\\\/\\\/perghermilano.com\\\/wp-content\\\/uploads\\\/2024\\\/03\\\/logoNeg@114.png\",\"contentUrl\":\"https:\\\/\\\/perghermilano.com\\\/wp-content\\\/uploads\\\/2024\\\/03\\\/logoNeg@114.png\",\"width\":528,\"height\":114,\"caption\":\"PERGHER MILANO\"},\"image\":{\"@id\":\"https:\\\/\\\/perghermilano.com\\\/#\\\/schema\\\/logo\\\/image\\\/\"}}]}<\/script>\n<!-- \/ Yoast SEO plugin. -->","yoast_head_json":{"title":"Politica di protezione dei dati - PERGHER MILANO","robots":{"index":"index","follow":"follow","max-snippet":"max-snippet:-1","max-image-preview":"max-image-preview:large","max-video-preview":"max-video-preview:-1"},"canonical":"https:\/\/perghermilano.com\/es\/politica-di-protezione-dei-dati\/","og_locale":"es_ES","og_type":"article","og_title":"Politica di protezione dei dati - PERGHER MILANO","og_description":"IL PROPRIETARIO si impegna a proteggere la privacy degli utenti che accedono a questo sito Web e\/o a qualsiasi dei suoi servizi. L&#8217;utilizzo del sito web e\/o di qualsiasi servizio offerto da IL PROPRIETARIO implica l&#8217;accettazione da parte dell&#8217;utente delle disposizioni contenute nella presente Informativa sulla privacy e che i suoi dati personali siano trattati&hellip;&nbsp;","og_url":"https:\/\/perghermilano.com\/es\/politica-di-protezione-dei-dati\/","og_site_name":"PERGHER MILANO","article_modified_time":"2024-05-07T07:42:45+00:00","twitter_card":"summary_large_image","twitter_misc":{"Tiempo de lectura":"6 minutos"},"schema":{"@context":"https:\/\/schema.org","@graph":[{"@type":"WebPage","@id":"https:\/\/perghermilano.com\/politica-di-protezione-dei-dati\/","url":"https:\/\/perghermilano.com\/politica-di-protezione-dei-dati\/","name":"Politica di protezione dei dati - PERGHER MILANO","isPartOf":{"@id":"https:\/\/perghermilano.com\/#website"},"datePublished":"2024-05-07T07:13:19+00:00","dateModified":"2024-05-07T07:42:45+00:00","breadcrumb":{"@id":"https:\/\/perghermilano.com\/politica-di-protezione-dei-dati\/#breadcrumb"},"inLanguage":"es","potentialAction":[{"@type":"ReadAction","target":["https:\/\/perghermilano.com\/politica-di-protezione-dei-dati\/"]}]},{"@type":"BreadcrumbList","@id":"https:\/\/perghermilano.com\/politica-di-protezione-dei-dati\/#breadcrumb","itemListElement":[{"@type":"ListItem","position":1,"name":"Inici","item":"https:\/\/perghermilano.com\/"},{"@type":"ListItem","position":2,"name":"Politica di protezione dei dati"}]},{"@type":"WebSite","@id":"https:\/\/perghermilano.com\/#website","url":"https:\/\/perghermilano.com\/","name":"PERGHER MILANO","description":"Elegancia en cada segundo, accesorios que definen tu estilo","publisher":{"@id":"https:\/\/perghermilano.com\/#organization"},"potentialAction":[{"@type":"SearchAction","target":{"@type":"EntryPoint","urlTemplate":"https:\/\/perghermilano.com\/?s={search_term_string}"},"query-input":{"@type":"PropertyValueSpecification","valueRequired":true,"valueName":"search_term_string"}}],"inLanguage":"es"},{"@type":"Organization","@id":"https:\/\/perghermilano.com\/#organization","name":"PERGHER MILANO","url":"https:\/\/perghermilano.com\/","logo":{"@type":"ImageObject","inLanguage":"es","@id":"https:\/\/perghermilano.com\/#\/schema\/logo\/image\/","url":"https:\/\/perghermilano.com\/wp-content\/uploads\/2024\/03\/logoNeg@114.png","contentUrl":"https:\/\/perghermilano.com\/wp-content\/uploads\/2024\/03\/logoNeg@114.png","width":528,"height":114,"caption":"PERGHER MILANO"},"image":{"@id":"https:\/\/perghermilano.com\/#\/schema\/logo\/image\/"}}]}},"_links":{"self":[{"href":"https:\/\/perghermilano.com\/es\/wp-json\/wp\/v2\/pages\/1573","targetHints":{"allow":["GET"]}}],"collection":[{"href":"https:\/\/perghermilano.com\/es\/wp-json\/wp\/v2\/pages"}],"about":[{"href":"https:\/\/perghermilano.com\/es\/wp-json\/wp\/v2\/types\/page"}],"author":[{"embeddable":true,"href":"https:\/\/perghermilano.com\/es\/wp-json\/wp\/v2\/users\/1"}],"replies":[{"embeddable":true,"href":"https:\/\/perghermilano.com\/es\/wp-json\/wp\/v2\/comments?post=1573"}],"version-history":[{"count":10,"href":"https:\/\/perghermilano.com\/es\/wp-json\/wp\/v2\/pages\/1573\/revisions"}],"predecessor-version":[{"id":1584,"href":"https:\/\/perghermilano.com\/es\/wp-json\/wp\/v2\/pages\/1573\/revisions\/1584"}],"wp:attachment":[{"href":"https:\/\/perghermilano.com\/es\/wp-json\/wp\/v2\/media?parent=1573"}],"curies":[{"name":"wp","href":"https:\/\/api.w.org\/{rel}","templated":true}]}}