{"id":1595,"date":"2024-05-07T10:07:32","date_gmt":"2024-05-07T08:07:32","guid":{"rendered":"https:\/\/perghermilano.com\/?page_id=1595"},"modified":"2024-05-07T10:09:22","modified_gmt":"2024-05-07T08:09:22","slug":"dichiarazione-di-accessibilita","status":"publish","type":"page","link":"https:\/\/perghermilano.com\/es\/dichiarazione-di-accessibilita\/","title":{"rendered":"Declaraci\u00f3n de accesibilidad"},"content":{"rendered":"<div data-elementor-type=\"wp-page\" data-elementor-id=\"1595\" class=\"elementor elementor-1595\" data-elementor-post-type=\"page\">\n\t\t\t\t\t\t<section class=\"elementor-section elementor-top-section elementor-element elementor-element-4ed0f4ce elementor-section-boxed elementor-section-height-default elementor-section-height-default\" data-id=\"4ed0f4ce\" data-element_type=\"section\" data-e-type=\"section\" data-settings=\"{&quot;background_background&quot;:&quot;classic&quot;}\">\n\t\t\t\t\t\t\t<div class=\"elementor-background-overlay\"><\/div>\n\t\t\t\t\t\t\t<div class=\"elementor-container elementor-column-gap-default\">\n\t\t\t\t\t<div class=\"elementor-column elementor-col-100 elementor-top-column elementor-element elementor-element-2ba2c3ea elementor-invisible\" data-id=\"2ba2c3ea\" data-element_type=\"column\" data-e-type=\"column\" data-settings=\"{&quot;animation&quot;:&quot;bounceInUp&quot;}\">\n\t\t\t<div class=\"elementor-widget-wrap elementor-element-populated\">\n\t\t\t\t\t\t<div class=\"elementor-element elementor-element-368e3cbb elementor-widget elementor-widget-heading\" data-id=\"368e3cbb\" data-element_type=\"widget\" data-e-type=\"widget\" data-widget_type=\"heading.default\">\n\t\t\t\t<div class=\"elementor-widget-container\">\n\t\t\t\t\t<h1 class=\"elementor-heading-title elementor-size-default\">Declaraci\u00f3n de accesibilidad<\/h1>\t\t\t\t<\/div>\n\t\t\t\t<\/div>\n\t\t\t\t\t<\/div>\n\t\t<\/div>\n\t\t\t\t\t<\/div>\n\t\t<\/section>\n\t\t\t\t<section class=\"elementor-section elementor-top-section elementor-element elementor-element-65d7d935 elementor-section-boxed elementor-section-height-default elementor-section-height-default\" data-id=\"65d7d935\" data-element_type=\"section\" data-e-type=\"section\">\n\t\t\t\t\t\t<div class=\"elementor-container elementor-column-gap-default\">\n\t\t\t\t\t<div class=\"elementor-column elementor-col-100 elementor-top-column elementor-element elementor-element-14469853\" data-id=\"14469853\" data-element_type=\"column\" data-e-type=\"column\">\n\t\t\t<div class=\"elementor-widget-wrap elementor-element-populated\">\n\t\t\t\t\t\t<div class=\"elementor-element elementor-element-5bf57302 elementor-widget elementor-widget-text-editor\" data-id=\"5bf57302\" data-element_type=\"widget\" data-e-type=\"widget\" data-widget_type=\"text-editor.default\">\n\t\t\t\t<div class=\"elementor-widget-container\">\n\t\t\t\t\t\t\t\t\t<p>C\u00e9sped Artificial Pergher Mil\u00e1n. se compromete a hacer accesible su sitio web, en cumplimiento del Real Decreto 1112\/2018, de 7 de septiembre, sobre accesibilidad de los sitios web y las aplicaciones m\u00f3viles del sector p\u00fablico.<\/p><p>Esta declaraci\u00f3n de accesibilidad se aplica al sitio web https:\/\/www.perghermilano.com\/<\/p><p>Estado de cumplimiento<\/p><p>Este sitio web fue desarrollado en cumplimiento del RD 1112\/2018<\/p><p>Preparaci\u00f3n para la pr\u00f3xima declaraci\u00f3n de accesibilidad<\/p><p>Esta declaraci\u00f3n fue preparada en 2 de enero de 2023.<\/p><p>El m\u00e9todo utilizado para preparar la declaraci\u00f3n fue la de la auto-evaluaci\u00f3n.<\/p><p>Observaciones y contactos<\/p><p>Es posible realizar comunicaciones sobre los requisitos de accesibilidad (art\u00edculo 10.2.en el RD 1112\/2018), tales como, por ejemplo:<\/p><p>Informar de cualquier incumplimiento por usted de este sitio web<br \/>Secuencia de las otras dificultades de acceso a los contenidos<br \/>Pregunte a cualquier otra pregunta o sugerencia para la mejora de la accesibilidad de la p\u00e1gina web<\/p><p>a trav\u00e9s del formulario de contacto de este sitio o a trav\u00e9s del n\u00famero de tel\u00e9fono (+34) 608 832 986.<\/p><p>Usted puede presentar:<\/p><p>Queja relacionada con el cumplimiento de los requisitos de los RD 1112\/2018 o<br \/>Solicitud de acceso a la informaci\u00f3n accesible acerca de:<br \/>El contenido excluidos del \u00e1mbito de aplicaci\u00f3n del RD 1112\/2018 como se establece en el art\u00edculo 3, p\u00e1rrafo 4<br \/>El contenido est\u00e1 exento de los requisitos de accesibilidad, ya que impone una carga desproporcionada<br \/>En la Solicitud de acceso a la informaci\u00f3n necesitan ser claramente establecidos los hechos, las razones y la petici\u00f3n que nos permita verificar si una petici\u00f3n es razonable y leg\u00edtimo.<\/p><p>Las quejas y reclamaciones relativas a la informaci\u00f3n accesible se presentar\u00e1n a trav\u00e9s de la sede electr\u00f3nica (https:\/\/sede.red.gob.es\/procedimientos\/quejas-y-sugerencias) y ser\u00e1n recibidas y tramitadas por el \u00e1rea de Sistemas de Informaci\u00f3n de Red. p.ej.<\/p><p>Contenido opcional<\/p><p>Si desea cambiar el tama\u00f1o de fuente del texto en el navegador principal de gr\u00e1fico mediante el siguiente men\u00fa:<\/p><p>Internet Explorer, Mozilla y Firefox: Ver &gt; Tama\u00f1o de texto<br \/>Opera: Ver &gt; Zoom<br \/>Safari: Ver &gt; Zoom en el texto<br \/>Chrome: comprueba la p\u00e1gina actual &gt; Tama\u00f1o de texto<br \/>Para cambiar el tama\u00f1o de todo en la p\u00e1gina:<br \/>Ctrl + + para aumentar<br \/>Ctrl + \u2013 para disminuir<br \/>Ctrl + 0 para restaurar el tama\u00f1o original del texto<br \/>Si lo que quieres es reemplazar la hoja de estilo o cambiar el color del texto, puede consultar la p\u00e1gina de C\u00f3mo cambiar el tama\u00f1o o el color del texto de la WAI, que puede ser le\u00eddo y traducido al espa\u00f1ol en C\u00f3mo cambiar el tama\u00f1o o el color del texto?<\/p>\t\t\t\t\t\t\t\t<\/div>\n\t\t\t\t<\/div>\n\t\t\t\t\t<\/div>\n\t\t<\/div>\n\t\t\t\t\t<\/div>\n\t\t<\/section>\n\t\t\t\t<\/div>","protected":false},"excerpt":{"rendered":"<p>C\u00e9sped Artificial Pergher Milano se compromete a que su sitio web sea accesible de conformidad con el Real Decreto 1112\/2018, de 7 de septiembre, sobre accesibilidad de los sitios web y aplicaciones m\u00f3viles del sector p\u00fablico. Esta declaraci\u00f3n de accesibilidad se aplica al sitio web https:\/\/www.perghermilano.com\/. Estado de cumplimiento: Este sitio web es\u2026&nbsp;<\/p>","protected":false},"author":1,"featured_media":0,"parent":0,"menu_order":0,"comment_status":"closed","ping_status":"closed","template":"page-templates\/template-pagebuilder-full-width.php","meta":{"neve_meta_sidebar":"","neve_meta_container":"","neve_meta_enable_content_width":"off","neve_meta_content_width":100,"neve_meta_title_alignment":"","neve_meta_author_avatar":"","neve_post_elements_order":"","neve_meta_disable_header":"","neve_meta_disable_footer":"","neve_meta_disable_title":"","_joinchat":[],"footnotes":""},"class_list":["post-1595","page","type-page","status-publish","hentry"],"yoast_head":"<!-- This site is optimized with the Yoast SEO plugin v27.4 - https:\/\/yoast.com\/product\/yoast-seo-wordpress\/ -->\n<title>Dichiarazione di accessibilit\u00e0 - PERGHER MILANO<\/title>\n<meta name=\"robots\" content=\"index, follow, max-snippet:-1, max-image-preview:large, max-video-preview:-1\" \/>\n<link rel=\"canonical\" href=\"https:\/\/perghermilano.com\/es\/dichiarazione-di-accessibilita\/\" \/>\n<meta property=\"og:locale\" content=\"es_ES\" \/>\n<meta property=\"og:type\" content=\"article\" \/>\n<meta property=\"og:title\" content=\"Dichiarazione di accessibilit\u00e0 - PERGHER MILANO\" \/>\n<meta property=\"og:description\" content=\"Erba artificiale Pergher Milano. si \u00e8 impegnata a rendere accessibile il proprio sito web, in conformit\u00e0 con il Regio Decreto 1112\/2018, del 7 settembre, sull&#8217;accessibilit\u00e0 dei siti web e delle applicazioni per dispositivi mobili del settore pubblico. La presente dichiarazione di accessibilit\u00e0 si applica al sito web https:\/\/www.perghermilano.com\/ Stato di conformit\u00e0 Questo sito web \u00e8&hellip;&nbsp;\" \/>\n<meta property=\"og:url\" content=\"https:\/\/perghermilano.com\/es\/dichiarazione-di-accessibilita\/\" \/>\n<meta property=\"og:site_name\" content=\"PERGHER MILANO\" \/>\n<meta property=\"article:modified_time\" content=\"2024-05-07T08:09:22+00:00\" \/>\n<meta name=\"twitter:card\" content=\"summary_large_image\" \/>\n<meta name=\"twitter:label1\" content=\"Tiempo de lectura\" \/>\n\t<meta name=\"twitter:data1\" content=\"2 minutos\" \/>\n<script type=\"application\/ld+json\" class=\"yoast-schema-graph\">{\"@context\":\"https:\\\/\\\/schema.org\",\"@graph\":[{\"@type\":\"WebPage\",\"@id\":\"https:\\\/\\\/perghermilano.com\\\/dichiarazione-di-accessibilita\\\/\",\"url\":\"https:\\\/\\\/perghermilano.com\\\/dichiarazione-di-accessibilita\\\/\",\"name\":\"Dichiarazione di accessibilit\u00e0 - PERGHER MILANO\",\"isPartOf\":{\"@id\":\"https:\\\/\\\/perghermilano.com\\\/#website\"},\"datePublished\":\"2024-05-07T08:07:32+00:00\",\"dateModified\":\"2024-05-07T08:09:22+00:00\",\"breadcrumb\":{\"@id\":\"https:\\\/\\\/perghermilano.com\\\/dichiarazione-di-accessibilita\\\/#breadcrumb\"},\"inLanguage\":\"es\",\"potentialAction\":[{\"@type\":\"ReadAction\",\"target\":[\"https:\\\/\\\/perghermilano.com\\\/dichiarazione-di-accessibilita\\\/\"]}]},{\"@type\":\"BreadcrumbList\",\"@id\":\"https:\\\/\\\/perghermilano.com\\\/dichiarazione-di-accessibilita\\\/#breadcrumb\",\"itemListElement\":[{\"@type\":\"ListItem\",\"position\":1,\"name\":\"Inici\",\"item\":\"https:\\\/\\\/perghermilano.com\\\/\"},{\"@type\":\"ListItem\",\"position\":2,\"name\":\"Dichiarazione di accessibilit\u00e0\"}]},{\"@type\":\"WebSite\",\"@id\":\"https:\\\/\\\/perghermilano.com\\\/#website\",\"url\":\"https:\\\/\\\/perghermilano.com\\\/\",\"name\":\"PERGHER MILANO\",\"description\":\"Eleganza in ogni secondo, accessori che definiscono il tuo stile\",\"publisher\":{\"@id\":\"https:\\\/\\\/perghermilano.com\\\/#organization\"},\"potentialAction\":[{\"@type\":\"SearchAction\",\"target\":{\"@type\":\"EntryPoint\",\"urlTemplate\":\"https:\\\/\\\/perghermilano.com\\\/?s={search_term_string}\"},\"query-input\":{\"@type\":\"PropertyValueSpecification\",\"valueRequired\":true,\"valueName\":\"search_term_string\"}}],\"inLanguage\":\"es\"},{\"@type\":\"Organization\",\"@id\":\"https:\\\/\\\/perghermilano.com\\\/#organization\",\"name\":\"PERGHER MILANO\",\"url\":\"https:\\\/\\\/perghermilano.com\\\/\",\"logo\":{\"@type\":\"ImageObject\",\"inLanguage\":\"es\",\"@id\":\"https:\\\/\\\/perghermilano.com\\\/#\\\/schema\\\/logo\\\/image\\\/\",\"url\":\"https:\\\/\\\/perghermilano.com\\\/wp-content\\\/uploads\\\/2024\\\/03\\\/logoNeg@114.png\",\"contentUrl\":\"https:\\\/\\\/perghermilano.com\\\/wp-content\\\/uploads\\\/2024\\\/03\\\/logoNeg@114.png\",\"width\":528,\"height\":114,\"caption\":\"PERGHER MILANO\"},\"image\":{\"@id\":\"https:\\\/\\\/perghermilano.com\\\/#\\\/schema\\\/logo\\\/image\\\/\"}}]}<\/script>\n<!-- \/ Yoast SEO plugin. -->","yoast_head_json":{"title":"Dichiarazione di accessibilit\u00e0 - PERGHER MILANO","robots":{"index":"index","follow":"follow","max-snippet":"max-snippet:-1","max-image-preview":"max-image-preview:large","max-video-preview":"max-video-preview:-1"},"canonical":"https:\/\/perghermilano.com\/es\/dichiarazione-di-accessibilita\/","og_locale":"es_ES","og_type":"article","og_title":"Dichiarazione di accessibilit\u00e0 - PERGHER MILANO","og_description":"Erba artificiale Pergher Milano. si \u00e8 impegnata a rendere accessibile il proprio sito web, in conformit\u00e0 con il Regio Decreto 1112\/2018, del 7 settembre, sull&#8217;accessibilit\u00e0 dei siti web e delle applicazioni per dispositivi mobili del settore pubblico. La presente dichiarazione di accessibilit\u00e0 si applica al sito web https:\/\/www.perghermilano.com\/ Stato di conformit\u00e0 Questo sito web \u00e8&hellip;&nbsp;","og_url":"https:\/\/perghermilano.com\/es\/dichiarazione-di-accessibilita\/","og_site_name":"PERGHER MILANO","article_modified_time":"2024-05-07T08:09:22+00:00","twitter_card":"summary_large_image","twitter_misc":{"Tiempo de lectura":"2 minutos"},"schema":{"@context":"https:\/\/schema.org","@graph":[{"@type":"WebPage","@id":"https:\/\/perghermilano.com\/dichiarazione-di-accessibilita\/","url":"https:\/\/perghermilano.com\/dichiarazione-di-accessibilita\/","name":"Dichiarazione di accessibilit\u00e0 - PERGHER MILANO","isPartOf":{"@id":"https:\/\/perghermilano.com\/#website"},"datePublished":"2024-05-07T08:07:32+00:00","dateModified":"2024-05-07T08:09:22+00:00","breadcrumb":{"@id":"https:\/\/perghermilano.com\/dichiarazione-di-accessibilita\/#breadcrumb"},"inLanguage":"es","potentialAction":[{"@type":"ReadAction","target":["https:\/\/perghermilano.com\/dichiarazione-di-accessibilita\/"]}]},{"@type":"BreadcrumbList","@id":"https:\/\/perghermilano.com\/dichiarazione-di-accessibilita\/#breadcrumb","itemListElement":[{"@type":"ListItem","position":1,"name":"Inici","item":"https:\/\/perghermilano.com\/"},{"@type":"ListItem","position":2,"name":"Dichiarazione di accessibilit\u00e0"}]},{"@type":"WebSite","@id":"https:\/\/perghermilano.com\/#website","url":"https:\/\/perghermilano.com\/","name":"PERGHER MILANO","description":"Elegancia en cada segundo, accesorios que definen tu estilo","publisher":{"@id":"https:\/\/perghermilano.com\/#organization"},"potentialAction":[{"@type":"SearchAction","target":{"@type":"EntryPoint","urlTemplate":"https:\/\/perghermilano.com\/?s={search_term_string}"},"query-input":{"@type":"PropertyValueSpecification","valueRequired":true,"valueName":"search_term_string"}}],"inLanguage":"es"},{"@type":"Organization","@id":"https:\/\/perghermilano.com\/#organization","name":"PERGHER MILANO","url":"https:\/\/perghermilano.com\/","logo":{"@type":"ImageObject","inLanguage":"es","@id":"https:\/\/perghermilano.com\/#\/schema\/logo\/image\/","url":"https:\/\/perghermilano.com\/wp-content\/uploads\/2024\/03\/logoNeg@114.png","contentUrl":"https:\/\/perghermilano.com\/wp-content\/uploads\/2024\/03\/logoNeg@114.png","width":528,"height":114,"caption":"PERGHER MILANO"},"image":{"@id":"https:\/\/perghermilano.com\/#\/schema\/logo\/image\/"}}]}},"_links":{"self":[{"href":"https:\/\/perghermilano.com\/es\/wp-json\/wp\/v2\/pages\/1595","targetHints":{"allow":["GET"]}}],"collection":[{"href":"https:\/\/perghermilano.com\/es\/wp-json\/wp\/v2\/pages"}],"about":[{"href":"https:\/\/perghermilano.com\/es\/wp-json\/wp\/v2\/types\/page"}],"author":[{"embeddable":true,"href":"https:\/\/perghermilano.com\/es\/wp-json\/wp\/v2\/users\/1"}],"replies":[{"embeddable":true,"href":"https:\/\/perghermilano.com\/es\/wp-json\/wp\/v2\/comments?post=1595"}],"version-history":[{"count":4,"href":"https:\/\/perghermilano.com\/es\/wp-json\/wp\/v2\/pages\/1595\/revisions"}],"predecessor-version":[{"id":1599,"href":"https:\/\/perghermilano.com\/es\/wp-json\/wp\/v2\/pages\/1595\/revisions\/1599"}],"wp:attachment":[{"href":"https:\/\/perghermilano.com\/es\/wp-json\/wp\/v2\/media?parent=1595"}],"curies":[{"name":"wp","href":"https:\/\/api.w.org\/{rel}","templated":true}]}}