{"id":612,"date":"2024-04-03T19:56:26","date_gmt":"2024-04-03T19:56:26","guid":{"rendered":"https:\/\/perghermilano.com\/?page_id=612"},"modified":"2025-01-15T14:35:06","modified_gmt":"2025-01-15T13:35:06","slug":"pergher-milano","status":"publish","type":"page","link":"https:\/\/perghermilano.com\/es\/pergher-milano\/","title":{"rendered":"Pergher Mil\u00e1n"},"content":{"rendered":"<div data-elementor-type=\"wp-page\" data-elementor-id=\"612\" class=\"elementor elementor-612\" data-elementor-post-type=\"page\">\n\t\t\t\t\t\t<section class=\"elementor-section elementor-top-section elementor-element elementor-element-432944de elementor-section-boxed elementor-section-height-default elementor-section-height-default\" data-id=\"432944de\" data-element_type=\"section\" data-e-type=\"section\" data-settings=\"{&quot;background_background&quot;:&quot;video&quot;,&quot;background_video_link&quot;:&quot;https:\\\/\\\/perghermilano.com\\\/wp-content\\\/uploads\\\/2024\\\/04\\\/79_2016_01_17_watch_4.mp4&quot;,&quot;background_play_on_mobile&quot;:&quot;yes&quot;}\">\n\t\t\t\t\t\t\t\t<div class=\"elementor-background-video-container\">\n\t\t\t\t\t\t\t\t\t\t\t\t\t<video class=\"elementor-background-video-hosted\" role=\"presentation\" autoplay muted playsinline loop><\/video>\n\t\t\t\t\t\t\t\t\t\t\t<\/div>\n\t\t\t\t\t\t\t\t\t<div class=\"elementor-background-overlay\"><\/div>\n\t\t\t\t\t\t\t<div class=\"elementor-container elementor-column-gap-default\">\n\t\t\t\t\t<div class=\"elementor-column elementor-col-50 elementor-top-column elementor-element elementor-element-4c16464\" data-id=\"4c16464\" data-element_type=\"column\" data-e-type=\"column\">\n\t\t\t<div class=\"elementor-widget-wrap elementor-element-populated\">\n\t\t\t\t\t\t<div class=\"elementor-element elementor-element-1b6dfaf elementor-widget elementor-widget-image\" data-id=\"1b6dfaf\" data-element_type=\"widget\" data-e-type=\"widget\" data-widget_type=\"image.default\">\n\t\t\t\t<div class=\"elementor-widget-container\">\n\t\t\t\t\t\t\t\t\t\t\t\t\t\t\t<img fetchpriority=\"high\" decoding=\"async\" width=\"528\" height=\"114\" src=\"https:\/\/perghermilano.com\/wp-content\/uploads\/2024\/03\/logoNeg@114.png\" class=\"attachment-1536x1536 size-1536x1536 wp-image-75\" alt=\"\" srcset=\"https:\/\/perghermilano.com\/wp-content\/uploads\/2024\/03\/logoNeg@114.png 528w, https:\/\/perghermilano.com\/wp-content\/uploads\/2024\/03\/logoNeg@114-300x65.png 300w\" sizes=\"(max-width: 528px) 100vw, 528px\" \/>\t\t\t\t\t\t\t\t\t\t\t\t\t\t\t<\/div>\n\t\t\t\t<\/div>\n\t\t\t\t<div class=\"elementor-element elementor-element-2d5fce8 elementor-widget__width-auto elementor-widget elementor-widget-heading\" data-id=\"2d5fce8\" data-element_type=\"widget\" data-e-type=\"widget\" data-widget_type=\"heading.default\">\n\t\t\t\t<div class=\"elementor-widget-container\">\n\t\t\t\t\t<h2 class=\"elementor-heading-title elementor-size-default\">Desde <\/h2>\t\t\t\t<\/div>\n\t\t\t\t<\/div>\n\t\t\t\t<div class=\"elementor-element elementor-element-e3fa47d elementor-widget__width-auto elementor-widget elementor-widget-heading\" data-id=\"e3fa47d\" data-element_type=\"widget\" data-e-type=\"widget\" data-widget_type=\"heading.default\">\n\t\t\t\t<div class=\"elementor-widget-container\">\n\t\t\t\t\t<h2 class=\"elementor-heading-title elementor-size-default\">1985<\/h2>\t\t\t\t<\/div>\n\t\t\t\t<\/div>\n\t\t\t\t<div class=\"elementor-element elementor-element-265b1f9 elementor-hidden-tablet elementor-hidden-mobile elementor-widget elementor-widget-heading\" data-id=\"265b1f9\" data-element_type=\"widget\" data-e-type=\"widget\" data-widget_type=\"heading.default\">\n\t\t\t\t<div class=\"elementor-widget-container\">\n\t\t\t\t\t<h1 class=\"elementor-heading-title elementor-size-default\">HECHO EN ITALIA<\/h1>\t\t\t\t<\/div>\n\t\t\t\t<\/div>\n\t\t\t\t<div class=\"elementor-element elementor-element-8bbb9a8 elementor-widget__width-inherit elementor-hidden-tablet elementor-hidden-mobile elementor-widget elementor-widget-heading\" data-id=\"8bbb9a8\" data-element_type=\"widget\" data-e-type=\"widget\" data-widget_type=\"heading.default\">\n\t\t\t\t<div class=\"elementor-widget-container\">\n\t\t\t\t\t<h2 class=\"elementor-heading-title elementor-size-default\">Soportes De Mu\u00f1eca<\/h2>\t\t\t\t<\/div>\n\t\t\t\t<\/div>\n\t\t\t\t\t<\/div>\n\t\t<\/div>\n\t\t\t\t<div class=\"elementor-column elementor-col-50 elementor-top-column elementor-element elementor-element-c88b6dd\" data-id=\"c88b6dd\" data-element_type=\"column\" data-e-type=\"column\">\n\t\t\t<div class=\"elementor-widget-wrap elementor-element-populated\">\n\t\t\t\t\t\t<div class=\"elementor-element elementor-element-ba480e2 elementor-widget elementor-widget-heading\" data-id=\"ba480e2\" data-element_type=\"widget\" data-e-type=\"widget\" data-widget_type=\"heading.default\">\n\t\t\t\t<div class=\"elementor-widget-container\">\n\t\t\t\t\t<h1 class=\"elementor-heading-title elementor-size-default\">UN POCO DE HISTORIA<\/h1>\t\t\t\t<\/div>\n\t\t\t\t<\/div>\n\t\t\t\t<div class=\"elementor-element elementor-element-70ef73a elementor-widget elementor-widget-text-editor\" data-id=\"70ef73a\" data-element_type=\"widget\" data-e-type=\"widget\" data-widget_type=\"text-editor.default\">\n\t\t\t\t<div class=\"elementor-widget-container\">\n\t\t\t\t\t\t\t\t\t<p>PERGHER naci\u00f3 en MIL\u00c1N en 1985 con la intenci\u00f3n de destacar y salir de la UTILIDAD, CALIDAD, DISE\u00d1O y atenci\u00f3n al DETALLE de los accesorios para relojes: caracter\u00edsticas que en el tiempo que nos fueron concedidas, convirti\u00e9ndose en una de las marcas de referencia en la industria.<\/p><p>En estos a\u00f1os, hemos h\u00e1bilmente logr\u00f3 combinar el crecimiento y la agilidad de la organizaci\u00f3n, mediante la adopci\u00f3n de un modelo de negocio en red, desarrollado a lo largo del tiempo, a trav\u00e9s de alianzas y asociaciones con los operadores seleccionados en nuestro mismo campo.<\/p><p>Al participar en el Mundial de Ferias tan importantes como la de un Monje, tambi\u00e9n nos dimos cuenta de cu\u00e1nto respeto y el encanto que tiene el producto Fabricado en Italia en el extranjero, y en el \u00ednterin, se han vuelto a confirmar nuestra presencia de importantes exponentes de la marca italiana en el mundo.<\/p><p>2011. nuestra empresa es un a\u00f1o importante abrir nuevos horizontes y empezar a importantes colaboraciones con Dise\u00f1adores Internacionales. Renovemos y al mismo tiempo rinsaldiamo nuestras ra\u00edces en la industria, con nuevos dise\u00f1os, nuevos materiales y nuevos mercados.<\/p><p>En 2012 otro cambio: se ha actualizado el sitio web, se abre una enorme ventana en internet, haciendo f\u00e1cil y r\u00e1pido en l\u00ednea de compras de nuestros productos, &#039;alcance&#039;.\u00a0<\/p>\t\t\t\t\t\t\t\t<\/div>\n\t\t\t\t<\/div>\n\t\t\t\t\t<\/div>\n\t\t<\/div>\n\t\t\t\t\t<\/div>\n\t\t<\/section>\n\t\t<div class=\"elementor-element elementor-element-1bb9df3 e-flex e-con-boxed e-con e-parent\" data-id=\"1bb9df3\" data-element_type=\"container\" data-e-type=\"container\">\n\t\t\t\t\t<div class=\"e-con-inner\">\n\t\t<div class=\"elementor-element elementor-element-3916284 e-con-full e-flex e-con e-child\" data-id=\"3916284\" data-element_type=\"container\" data-e-type=\"container\">\n\t\t\t\t<div class=\"elementor-element elementor-element-5cd50e9 elementor-widget elementor-widget-image\" data-id=\"5cd50e9\" data-element_type=\"widget\" data-e-type=\"widget\" data-widget_type=\"image.default\">\n\t\t\t\t<div class=\"elementor-widget-container\">\n\t\t\t\t\t\t\t\t\t\t\t\t\t\t\t<img decoding=\"async\" width=\"1024\" height=\"1024\" src=\"https:\/\/perghermilano.com\/wp-content\/uploads\/2024\/04\/pergher-vista-0-1024x1024.jpg\" class=\"attachment-large size-large wp-image-1151\" alt=\"\" srcset=\"https:\/\/perghermilano.com\/wp-content\/uploads\/2024\/04\/pergher-vista-0-1024x1024.jpg 1024w, https:\/\/perghermilano.com\/wp-content\/uploads\/2024\/04\/pergher-vista-0-300x300.jpg 300w, https:\/\/perghermilano.com\/wp-content\/uploads\/2024\/04\/pergher-vista-0-150x150.jpg 150w, https:\/\/perghermilano.com\/wp-content\/uploads\/2024\/04\/pergher-vista-0-768x768.jpg 768w, https:\/\/perghermilano.com\/wp-content\/uploads\/2024\/04\/pergher-vista-0-12x12.jpg 12w, https:\/\/perghermilano.com\/wp-content\/uploads\/2024\/04\/pergher-vista-0-650x650.jpg 650w, https:\/\/perghermilano.com\/wp-content\/uploads\/2024\/04\/pergher-vista-0-600x600.jpg 600w, https:\/\/perghermilano.com\/wp-content\/uploads\/2024\/04\/pergher-vista-0-100x100.jpg 100w, https:\/\/perghermilano.com\/wp-content\/uploads\/2024\/04\/pergher-vista-0-50x50.jpg 50w, https:\/\/perghermilano.com\/wp-content\/uploads\/2024\/04\/pergher-vista-0.jpg 1240w\" sizes=\"(max-width: 1024px) 100vw, 1024px\" \/>\t\t\t\t\t\t\t\t\t\t\t\t\t\t\t<\/div>\n\t\t\t\t<\/div>\n\t\t\t\t<\/div>\n\t\t<div class=\"elementor-element elementor-element-181fc87 e-con-full e-flex e-con e-child\" data-id=\"181fc87\" data-element_type=\"container\" data-e-type=\"container\">\n\t\t\t\t<div class=\"elementor-element elementor-element-a197a46 elementor-headline--style-rotate elementor-widget elementor-widget-animated-headline\" data-id=\"a197a46\" data-element_type=\"widget\" data-e-type=\"widget\" data-settings=\"{&quot;headline_style&quot;:&quot;rotate&quot;,&quot;rotating_text&quot;:&quot;eleganza\\nqualit\\u00e0\\nartigianalit\\u00e0&quot;,&quot;rotate_iteration_delay&quot;:1500,&quot;animation_type&quot;:&quot;typing&quot;,&quot;loop&quot;:&quot;yes&quot;}\" data-widget_type=\"animated-headline.default\">\n\t\t\t\t<div class=\"elementor-widget-container\">\n\t\t\t\t\t\t\t<h3 class=\"elementor-headline elementor-headline-animation-type-typing elementor-headline-letters\">\n\t\t\t\t\t<span class=\"elementor-headline-plain-text elementor-headline-text-wrapper\">Pergher Mil\u00e1n es<\/span>\n\t\t\t\t<span class=\"elementor-headline-dynamic-wrapper elementor-headline-text-wrapper\">\n\t\t\t\t\t<span class=\"elementor-headline-dynamic-text elementor-headline-text-active\">\n\t\t\t\tla elegancia\t\t\t<\/span>\n\t\t\t\t\t<span class=\"elementor-headline-dynamic-text\">\n\t\t\t\tcalidad\t\t\t<\/span>\n\t\t\t\t\t<span class=\"elementor-headline-dynamic-text\">\n\t\t\t\tartesan\u00eda\t\t\t<\/span>\n\t\t\t\t\t\t<\/span>\n\t\t\t\t<\/h3>\n\t\t\t\t\t\t<\/div>\n\t\t\t\t<\/div>\n\t\t\t\t<div class=\"elementor-element elementor-element-1a438c9 elementor-widget elementor-widget-text-editor\" data-id=\"1a438c9\" data-element_type=\"widget\" data-e-type=\"widget\" data-widget_type=\"text-editor.default\">\n\t\t\t\t<div class=\"elementor-widget-container\">\n\t\t\t\t\t\t\t\t\t<p><span style=\"font-weight: 400;\">En Pergher Milano, no somos s\u00f3lo una tienda de relojes, somos custodios de momentos preciosos. Ofrecemos una colecci\u00f3n excepcional de relojes que van m\u00e1s all\u00e1 de la simple medici\u00f3n del tiempo, son expresiones de estilo y testigos de momentos inolvidables. Adem\u00e1s, brindamos soluciones de almacenamiento y protecci\u00f3n que reflejan nuestra dedicaci\u00f3n y cuidado.&nbsp;<\/span><\/p>\t\t\t\t\t\t\t\t<\/div>\n\t\t\t\t<\/div>\n\t\t\t\t<div class=\"elementor-element elementor-element-6ba3818 elementor-align-center elementor-hidden-desktop elementor-hidden-tablet elementor-hidden-mobile elementor-widget elementor-widget-button\" data-id=\"6ba3818\" data-element_type=\"widget\" data-e-type=\"widget\" data-widget_type=\"button.default\">\n\t\t\t\t<div class=\"elementor-widget-container\">\n\t\t\t\t\t\t\t\t\t<div class=\"elementor-button-wrapper\">\n\t\t\t\t\t<a class=\"elementor-button elementor-button-link elementor-size-md\" href=\"\/es\/milano\/collezioni\/\">\n\t\t\t\t\t\t<span class=\"elementor-button-content-wrapper\">\n\t\t\t\t\t\t\t\t\t<span class=\"elementor-button-text\">VER LAS COLECCIONES<\/span>\n\t\t\t\t\t<\/span>\n\t\t\t\t\t<\/a>\n\t\t\t\t<\/div>\n\t\t\t\t\t\t\t\t<\/div>\n\t\t\t\t<\/div>\n\t\t\t\t<\/div>\n\t\t\t\t\t<\/div>\n\t\t\t\t<\/div>\n\t\t\t\t<\/div>","protected":false},"excerpt":{"rendered":"<p>Desde 1985, HECHO EN ITALIA, Expositores de Relojes. UN POCO DE HISTORIA. PERGHER MILANO se fund\u00f3 en 1985 con el objetivo de distinguirse y destacar por la UTILIDAD, CALIDAD, DISE\u00d1O y ATENCI\u00d3N AL DETALLE de sus accesorios para relojes: caracter\u00edsticas que nos han distinguido a lo largo del tiempo, convirti\u00e9ndonos en una marca l\u00edder en el sector. A lo largo de los a\u00f1os, hemos\u2026&nbsp;<\/p>","protected":false},"author":1,"featured_media":0,"parent":0,"menu_order":0,"comment_status":"closed","ping_status":"closed","template":"page-templates\/template-pagebuilder-full-width.php","meta":{"neve_meta_sidebar":"","neve_meta_container":"","neve_meta_enable_content_width":"off","neve_meta_content_width":100,"neve_meta_title_alignment":"","neve_meta_author_avatar":"","neve_post_elements_order":"","neve_meta_disable_header":"","neve_meta_disable_footer":"","neve_meta_disable_title":"","_joinchat":[],"footnotes":""},"class_list":["post-612","page","type-page","status-publish","hentry"],"yoast_head":"<!-- This site is optimized with the Yoast SEO plugin v27.4 - https:\/\/yoast.com\/product\/yoast-seo-wordpress\/ -->\n<title>Pergher Milano - PERGHER MILANO<\/title>\n<meta name=\"robots\" content=\"index, follow, max-snippet:-1, max-image-preview:large, max-video-preview:-1\" \/>\n<link rel=\"canonical\" href=\"https:\/\/perghermilano.com\/es\/pergher-milano\/\" \/>\n<meta property=\"og:locale\" content=\"es_ES\" \/>\n<meta property=\"og:type\" content=\"article\" \/>\n<meta property=\"og:title\" content=\"Pergher Milano - PERGHER MILANO\" \/>\n<meta property=\"og:description\" content=\"Since 1985 MADE IN ITALY Supporti Per Orologi UN PO&#8217; DI STORIA PERGHER MILANO nasce nel 1985 con l\u2019intento di distinguersi ed emergere per UTILIT\u00c0, QUALIT\u00c0, DESIGN e CURA DEI PARTICOLARI dei suoi accessori per orologi: caratteristiche che nel tempo ci hanno premiato, rendendoci uno dei marchi di riferimento del settore. In questi anni abbiamo&hellip;&nbsp;\" \/>\n<meta property=\"og:url\" content=\"https:\/\/perghermilano.com\/es\/pergher-milano\/\" \/>\n<meta property=\"og:site_name\" content=\"PERGHER MILANO\" \/>\n<meta property=\"article:modified_time\" content=\"2025-01-15T13:35:06+00:00\" \/>\n<meta property=\"og:image\" content=\"https:\/\/perghermilano.com\/wp-content\/uploads\/2024\/03\/logoNeg@114.png\" \/>\n<meta name=\"twitter:card\" content=\"summary_large_image\" \/>\n<meta name=\"twitter:label1\" content=\"Tiempo de lectura\" \/>\n\t<meta name=\"twitter:data1\" content=\"2 minutos\" \/>\n<script type=\"application\/ld+json\" class=\"yoast-schema-graph\">{\"@context\":\"https:\\\/\\\/schema.org\",\"@graph\":[{\"@type\":\"WebPage\",\"@id\":\"https:\\\/\\\/perghermilano.com\\\/es\\\/pergher-milano\\\/\",\"url\":\"https:\\\/\\\/perghermilano.com\\\/es\\\/pergher-milano\\\/\",\"name\":\"Pergher Milano - PERGHER MILANO\",\"isPartOf\":{\"@id\":\"https:\\\/\\\/perghermilano.com\\\/#website\"},\"primaryImageOfPage\":{\"@id\":\"https:\\\/\\\/perghermilano.com\\\/es\\\/pergher-milano\\\/#primaryimage\"},\"image\":{\"@id\":\"https:\\\/\\\/perghermilano.com\\\/es\\\/pergher-milano\\\/#primaryimage\"},\"thumbnailUrl\":\"https:\\\/\\\/perghermilano.com\\\/wp-content\\\/uploads\\\/2024\\\/03\\\/logoNeg@114.png\",\"datePublished\":\"2024-04-03T19:56:26+00:00\",\"dateModified\":\"2025-01-15T13:35:06+00:00\",\"breadcrumb\":{\"@id\":\"https:\\\/\\\/perghermilano.com\\\/es\\\/pergher-milano\\\/#breadcrumb\"},\"inLanguage\":\"es\",\"potentialAction\":[{\"@type\":\"ReadAction\",\"target\":[\"https:\\\/\\\/perghermilano.com\\\/es\\\/pergher-milano\\\/\"]}]},{\"@type\":\"ImageObject\",\"inLanguage\":\"es\",\"@id\":\"https:\\\/\\\/perghermilano.com\\\/es\\\/pergher-milano\\\/#primaryimage\",\"url\":\"https:\\\/\\\/perghermilano.com\\\/wp-content\\\/uploads\\\/2024\\\/03\\\/logoNeg@114.png\",\"contentUrl\":\"https:\\\/\\\/perghermilano.com\\\/wp-content\\\/uploads\\\/2024\\\/03\\\/logoNeg@114.png\"},{\"@type\":\"BreadcrumbList\",\"@id\":\"https:\\\/\\\/perghermilano.com\\\/es\\\/pergher-milano\\\/#breadcrumb\",\"itemListElement\":[{\"@type\":\"ListItem\",\"position\":1,\"name\":\"Inici\",\"item\":\"https:\\\/\\\/perghermilano.com\\\/\"},{\"@type\":\"ListItem\",\"position\":2,\"name\":\"Pergher Milano\"}]},{\"@type\":\"WebSite\",\"@id\":\"https:\\\/\\\/perghermilano.com\\\/#website\",\"url\":\"https:\\\/\\\/perghermilano.com\\\/\",\"name\":\"PERGHER MILANO\",\"description\":\"Eleganza in ogni secondo, accessori che definiscono il tuo stile\",\"publisher\":{\"@id\":\"https:\\\/\\\/perghermilano.com\\\/#organization\"},\"potentialAction\":[{\"@type\":\"SearchAction\",\"target\":{\"@type\":\"EntryPoint\",\"urlTemplate\":\"https:\\\/\\\/perghermilano.com\\\/?s={search_term_string}\"},\"query-input\":{\"@type\":\"PropertyValueSpecification\",\"valueRequired\":true,\"valueName\":\"search_term_string\"}}],\"inLanguage\":\"es\"},{\"@type\":\"Organization\",\"@id\":\"https:\\\/\\\/perghermilano.com\\\/#organization\",\"name\":\"PERGHER MILANO\",\"url\":\"https:\\\/\\\/perghermilano.com\\\/\",\"logo\":{\"@type\":\"ImageObject\",\"inLanguage\":\"es\",\"@id\":\"https:\\\/\\\/perghermilano.com\\\/#\\\/schema\\\/logo\\\/image\\\/\",\"url\":\"https:\\\/\\\/perghermilano.com\\\/wp-content\\\/uploads\\\/2024\\\/03\\\/logoNeg@114.png\",\"contentUrl\":\"https:\\\/\\\/perghermilano.com\\\/wp-content\\\/uploads\\\/2024\\\/03\\\/logoNeg@114.png\",\"width\":528,\"height\":114,\"caption\":\"PERGHER MILANO\"},\"image\":{\"@id\":\"https:\\\/\\\/perghermilano.com\\\/#\\\/schema\\\/logo\\\/image\\\/\"}}]}<\/script>\n<!-- \/ Yoast SEO plugin. -->","yoast_head_json":{"title":"Pergher Milano - PERGHER MILANO","robots":{"index":"index","follow":"follow","max-snippet":"max-snippet:-1","max-image-preview":"max-image-preview:large","max-video-preview":"max-video-preview:-1"},"canonical":"https:\/\/perghermilano.com\/es\/pergher-milano\/","og_locale":"es_ES","og_type":"article","og_title":"Pergher Milano - PERGHER MILANO","og_description":"Since 1985 MADE IN ITALY Supporti Per Orologi UN PO&#8217; DI STORIA PERGHER MILANO nasce nel 1985 con l\u2019intento di distinguersi ed emergere per UTILIT\u00c0, QUALIT\u00c0, DESIGN e CURA DEI PARTICOLARI dei suoi accessori per orologi: caratteristiche che nel tempo ci hanno premiato, rendendoci uno dei marchi di riferimento del settore. In questi anni abbiamo&hellip;&nbsp;","og_url":"https:\/\/perghermilano.com\/es\/pergher-milano\/","og_site_name":"PERGHER MILANO","article_modified_time":"2025-01-15T13:35:06+00:00","og_image":[{"url":"https:\/\/perghermilano.com\/wp-content\/uploads\/2024\/03\/logoNeg@114.png","type":"","width":"","height":""}],"twitter_card":"summary_large_image","twitter_misc":{"Tiempo de lectura":"2 minutos"},"schema":{"@context":"https:\/\/schema.org","@graph":[{"@type":"WebPage","@id":"https:\/\/perghermilano.com\/es\/pergher-milano\/","url":"https:\/\/perghermilano.com\/es\/pergher-milano\/","name":"Pergher Milano - PERGHER MILANO","isPartOf":{"@id":"https:\/\/perghermilano.com\/#website"},"primaryImageOfPage":{"@id":"https:\/\/perghermilano.com\/es\/pergher-milano\/#primaryimage"},"image":{"@id":"https:\/\/perghermilano.com\/es\/pergher-milano\/#primaryimage"},"thumbnailUrl":"https:\/\/perghermilano.com\/wp-content\/uploads\/2024\/03\/logoNeg@114.png","datePublished":"2024-04-03T19:56:26+00:00","dateModified":"2025-01-15T13:35:06+00:00","breadcrumb":{"@id":"https:\/\/perghermilano.com\/es\/pergher-milano\/#breadcrumb"},"inLanguage":"es","potentialAction":[{"@type":"ReadAction","target":["https:\/\/perghermilano.com\/es\/pergher-milano\/"]}]},{"@type":"ImageObject","inLanguage":"es","@id":"https:\/\/perghermilano.com\/es\/pergher-milano\/#primaryimage","url":"https:\/\/perghermilano.com\/wp-content\/uploads\/2024\/03\/logoNeg@114.png","contentUrl":"https:\/\/perghermilano.com\/wp-content\/uploads\/2024\/03\/logoNeg@114.png"},{"@type":"BreadcrumbList","@id":"https:\/\/perghermilano.com\/es\/pergher-milano\/#breadcrumb","itemListElement":[{"@type":"ListItem","position":1,"name":"Inici","item":"https:\/\/perghermilano.com\/"},{"@type":"ListItem","position":2,"name":"Pergher Milano"}]},{"@type":"WebSite","@id":"https:\/\/perghermilano.com\/#website","url":"https:\/\/perghermilano.com\/","name":"PERGHER MILANO","description":"Elegancia en cada segundo, accesorios que definen tu estilo","publisher":{"@id":"https:\/\/perghermilano.com\/#organization"},"potentialAction":[{"@type":"SearchAction","target":{"@type":"EntryPoint","urlTemplate":"https:\/\/perghermilano.com\/?s={search_term_string}"},"query-input":{"@type":"PropertyValueSpecification","valueRequired":true,"valueName":"search_term_string"}}],"inLanguage":"es"},{"@type":"Organization","@id":"https:\/\/perghermilano.com\/#organization","name":"PERGHER MILANO","url":"https:\/\/perghermilano.com\/","logo":{"@type":"ImageObject","inLanguage":"es","@id":"https:\/\/perghermilano.com\/#\/schema\/logo\/image\/","url":"https:\/\/perghermilano.com\/wp-content\/uploads\/2024\/03\/logoNeg@114.png","contentUrl":"https:\/\/perghermilano.com\/wp-content\/uploads\/2024\/03\/logoNeg@114.png","width":528,"height":114,"caption":"PERGHER MILANO"},"image":{"@id":"https:\/\/perghermilano.com\/#\/schema\/logo\/image\/"}}]}},"_links":{"self":[{"href":"https:\/\/perghermilano.com\/es\/wp-json\/wp\/v2\/pages\/612","targetHints":{"allow":["GET"]}}],"collection":[{"href":"https:\/\/perghermilano.com\/es\/wp-json\/wp\/v2\/pages"}],"about":[{"href":"https:\/\/perghermilano.com\/es\/wp-json\/wp\/v2\/types\/page"}],"author":[{"embeddable":true,"href":"https:\/\/perghermilano.com\/es\/wp-json\/wp\/v2\/users\/1"}],"replies":[{"embeddable":true,"href":"https:\/\/perghermilano.com\/es\/wp-json\/wp\/v2\/comments?post=612"}],"version-history":[{"count":62,"href":"https:\/\/perghermilano.com\/es\/wp-json\/wp\/v2\/pages\/612\/revisions"}],"predecessor-version":[{"id":2534,"href":"https:\/\/perghermilano.com\/es\/wp-json\/wp\/v2\/pages\/612\/revisions\/2534"}],"wp:attachment":[{"href":"https:\/\/perghermilano.com\/es\/wp-json\/wp\/v2\/media?parent=612"}],"curies":[{"name":"wp","href":"https:\/\/api.w.org\/{rel}","templated":true}]}}