{"id":300,"date":"2024-04-03T18:18:48","date_gmt":"2024-04-03T18:18:48","guid":{"rendered":"https:\/\/perghermilano.com\/?post_type=product&#038;p=300"},"modified":"2024-05-08T13:01:48","modified_gmt":"2024-05-08T11:01:48","slug":"marmotta-luxury-5-posti","status":"publish","type":"product","link":"https:\/\/perghermilano.com\/es\/product\/marmotta-luxury-5-posti\/","title":{"rendered":"MARMOTTA &#039;&#039;LUJO&#039;&#039; 5 PLAZAS"},"content":{"rendered":"<p><span data-sheets-root=\"1\" data-sheets-value=\"{&quot;1&quot;:2,&quot;2&quot;:&quot;Marmo a \u201cLuxury\u201d porta orologi 5 pos , prodo a con vitelli martella di diversi colori. Chiusura in acciaio, interno con ovali e divisori in velluto. Ada a anche per orologi di grandi dimensioni.&quot;}\" data-sheets-userformat=\"{&quot;2&quot;:14397,&quot;3&quot;:{&quot;1&quot;:0,&quot;3&quot;:1},&quot;5&quot;:{&quot;1&quot;:[{&quot;1&quot;:2,&quot;2&quot;:0,&quot;5&quot;:{&quot;1&quot;:2,&quot;2&quot;:0}},{&quot;1&quot;:0,&quot;2&quot;:0,&quot;3&quot;:3},{&quot;1&quot;:1,&quot;2&quot;:0,&quot;4&quot;:1}]},&quot;6&quot;:{&quot;1&quot;:[{&quot;1&quot;:2,&quot;2&quot;:0,&quot;5&quot;:{&quot;1&quot;:2,&quot;2&quot;:0}},{&quot;1&quot;:0,&quot;2&quot;:0,&quot;3&quot;:3},{&quot;1&quot;:1,&quot;2&quot;:0,&quot;4&quot;:1}]},&quot;7&quot;:{&quot;1&quot;:[{&quot;1&quot;:2,&quot;2&quot;:0,&quot;5&quot;:{&quot;1&quot;:2,&quot;2&quot;:0}},{&quot;1&quot;:0,&quot;2&quot;:0,&quot;3&quot;:3},{&quot;1&quot;:1,&quot;2&quot;:0,&quot;4&quot;:1}]},&quot;8&quot;:{&quot;1&quot;:[{&quot;1&quot;:2,&quot;2&quot;:0,&quot;5&quot;:{&quot;1&quot;:2,&quot;2&quot;:0}},{&quot;1&quot;:0,&quot;2&quot;:0,&quot;3&quot;:3},{&quot;1&quot;:1,&quot;2&quot;:0,&quot;4&quot;:1}]},&quot;14&quot;:{&quot;1&quot;:3,&quot;3&quot;:1},&quot;15&quot;:&quot;Calibri&quot;,&quot;16&quot;:11}\">Marmo a \u201cLuxury\u201d porta orologi 5 pos , prodo a con vitelli martella di diversi colori. Chiusura in acciaio, interno con ovali e divisori in velluto. Ada a anche per orologi di grandi dimensioni.<\/span><\/p>\n","protected":false},"excerpt":{"rendered":"<p>Soporte para relojes \u201cLuxury\u201d de m\u00e1rmol con 5 posiciones, elaborado con piel de becerro martillada en diferentes colores. Cierre de acero, interior con \u00f3valos y divisores de terciopelo. Tambi\u00e9n apto para relojes grandes.<\/p>","protected":false},"featured_media":312,"template":"","meta":{"neve_meta_sidebar":"","neve_meta_container":"","neve_meta_enable_content_width":"off","neve_meta_content_width":100,"neve_meta_title_alignment":"","neve_meta_author_avatar":"","neve_post_elements_order":"","neve_meta_disable_header":"","neve_meta_disable_footer":"","neve_meta_disable_title":"","_joinchat":[]},"product_brand":[],"product_cat":[30,21],"product_tag":[],"class_list":{"0":"post-300","1":"product","2":"type-product","3":"status-publish","4":"has-post-thumbnail","6":"product_cat-luxury","7":"product_cat-marmotte","9":"first","10":"instock","11":"shipping-taxable","12":"purchasable","13":"product-type-simple"},"yoast_head":"<!-- This site is optimized with the Yoast SEO plugin v27.4 - https:\/\/yoast.com\/product\/yoast-seo-wordpress\/ -->\n<title>MARMOTTA \u2018\u2019 LUXURY \u2018\u2019 5 POSTI - PERGHER MILANO<\/title>\n<meta name=\"robots\" content=\"index, follow, max-snippet:-1, max-image-preview:large, max-video-preview:-1\" \/>\n<link rel=\"canonical\" href=\"https:\/\/perghermilano.com\/es\/product\/marmotta-luxury-5-posti\/\" \/>\n<meta property=\"og:locale\" content=\"es_ES\" \/>\n<meta property=\"og:type\" content=\"article\" \/>\n<meta property=\"og:title\" content=\"MARMOTTA \u2018\u2019 LUXURY \u2018\u2019 5 POSTI - PERGHER MILANO\" \/>\n<meta property=\"og:description\" content=\"Marmo a \u201cLuxury\u201d porta orologi 5 pos , prodo a con vitelli martella di diversi colori. Chiusura in acciaio, interno con ovali e divisori in velluto. Ada a anche per orologi di grandi dimensioni.\" \/>\n<meta property=\"og:url\" content=\"https:\/\/perghermilano.com\/es\/product\/marmotta-luxury-5-posti\/\" \/>\n<meta property=\"og:site_name\" content=\"PERGHER MILANO\" \/>\n<meta property=\"article:modified_time\" content=\"2024-05-08T11:01:48+00:00\" \/>\n<meta property=\"og:image\" content=\"https:\/\/perghermilano.com\/wp-content\/uploads\/2024\/04\/MARMOTTA-_LUXURY_-5-POSTI.jpg\" \/>\n\t<meta property=\"og:image:width\" content=\"1200\" \/>\n\t<meta property=\"og:image:height\" content=\"800\" \/>\n\t<meta property=\"og:image:type\" content=\"image\/jpeg\" \/>\n<meta name=\"twitter:card\" content=\"summary_large_image\" \/>\n<meta name=\"twitter:label1\" content=\"Tiempo de lectura\" \/>\n\t<meta name=\"twitter:data1\" content=\"1 minuto\" \/>\n<script type=\"application\/ld+json\" class=\"yoast-schema-graph\">{\"@context\":\"https:\\\/\\\/schema.org\",\"@graph\":[{\"@type\":\"WebPage\",\"@id\":\"https:\\\/\\\/perghermilano.com\\\/product\\\/marmotta-luxury-5-posti\\\/\",\"url\":\"https:\\\/\\\/perghermilano.com\\\/product\\\/marmotta-luxury-5-posti\\\/\",\"name\":\"MARMOTTA \u2018\u2019 LUXURY \u2018\u2019 5 POSTI - PERGHER MILANO\",\"isPartOf\":{\"@id\":\"https:\\\/\\\/perghermilano.com\\\/#website\"},\"primaryImageOfPage\":{\"@id\":\"https:\\\/\\\/perghermilano.com\\\/product\\\/marmotta-luxury-5-posti\\\/#primaryimage\"},\"image\":{\"@id\":\"https:\\\/\\\/perghermilano.com\\\/product\\\/marmotta-luxury-5-posti\\\/#primaryimage\"},\"thumbnailUrl\":\"https:\\\/\\\/perghermilano.com\\\/wp-content\\\/uploads\\\/2024\\\/04\\\/MARMOTTA-_LUXURY_-5-POSTI.jpg\",\"datePublished\":\"2024-04-03T18:18:48+00:00\",\"dateModified\":\"2024-05-08T11:01:48+00:00\",\"breadcrumb\":{\"@id\":\"https:\\\/\\\/perghermilano.com\\\/product\\\/marmotta-luxury-5-posti\\\/#breadcrumb\"},\"inLanguage\":\"es\",\"potentialAction\":[{\"@type\":\"ReadAction\",\"target\":[\"https:\\\/\\\/perghermilano.com\\\/product\\\/marmotta-luxury-5-posti\\\/\"]}]},{\"@type\":\"ImageObject\",\"inLanguage\":\"es\",\"@id\":\"https:\\\/\\\/perghermilano.com\\\/product\\\/marmotta-luxury-5-posti\\\/#primaryimage\",\"url\":\"https:\\\/\\\/perghermilano.com\\\/wp-content\\\/uploads\\\/2024\\\/04\\\/MARMOTTA-_LUXURY_-5-POSTI.jpg\",\"contentUrl\":\"https:\\\/\\\/perghermilano.com\\\/wp-content\\\/uploads\\\/2024\\\/04\\\/MARMOTTA-_LUXURY_-5-POSTI.jpg\",\"width\":1200,\"height\":800},{\"@type\":\"BreadcrumbList\",\"@id\":\"https:\\\/\\\/perghermilano.com\\\/product\\\/marmotta-luxury-5-posti\\\/#breadcrumb\",\"itemListElement\":[{\"@type\":\"ListItem\",\"position\":1,\"name\":\"Inici\",\"item\":\"https:\\\/\\\/perghermilano.com\\\/\"},{\"@type\":\"ListItem\",\"position\":2,\"name\":\"Prodotti\",\"item\":\"https:\\\/\\\/perghermilano.com\\\/shop\\\/\"},{\"@type\":\"ListItem\",\"position\":3,\"name\":\"MARMOTTA \u2018\u2019 LUXURY \u2018\u2019 5 POSTI\"}]},{\"@type\":\"WebSite\",\"@id\":\"https:\\\/\\\/perghermilano.com\\\/#website\",\"url\":\"https:\\\/\\\/perghermilano.com\\\/\",\"name\":\"PERGHER MILANO\",\"description\":\"Eleganza in ogni secondo, accessori che definiscono il tuo stile\",\"publisher\":{\"@id\":\"https:\\\/\\\/perghermilano.com\\\/#organization\"},\"potentialAction\":[{\"@type\":\"SearchAction\",\"target\":{\"@type\":\"EntryPoint\",\"urlTemplate\":\"https:\\\/\\\/perghermilano.com\\\/?s={search_term_string}\"},\"query-input\":{\"@type\":\"PropertyValueSpecification\",\"valueRequired\":true,\"valueName\":\"search_term_string\"}}],\"inLanguage\":\"es\"},{\"@type\":\"Organization\",\"@id\":\"https:\\\/\\\/perghermilano.com\\\/#organization\",\"name\":\"PERGHER MILANO\",\"url\":\"https:\\\/\\\/perghermilano.com\\\/\",\"logo\":{\"@type\":\"ImageObject\",\"inLanguage\":\"es\",\"@id\":\"https:\\\/\\\/perghermilano.com\\\/#\\\/schema\\\/logo\\\/image\\\/\",\"url\":\"https:\\\/\\\/perghermilano.com\\\/wp-content\\\/uploads\\\/2024\\\/03\\\/logoNeg@114.png\",\"contentUrl\":\"https:\\\/\\\/perghermilano.com\\\/wp-content\\\/uploads\\\/2024\\\/03\\\/logoNeg@114.png\",\"width\":528,\"height\":114,\"caption\":\"PERGHER MILANO\"},\"image\":{\"@id\":\"https:\\\/\\\/perghermilano.com\\\/#\\\/schema\\\/logo\\\/image\\\/\"}}]}<\/script>\n<!-- \/ Yoast SEO plugin. -->","yoast_head_json":{"title":"MARMOTTA \u2018\u2019 LUXURY \u2018\u2019 5 POSTI - PERGHER MILANO","robots":{"index":"index","follow":"follow","max-snippet":"max-snippet:-1","max-image-preview":"max-image-preview:large","max-video-preview":"max-video-preview:-1"},"canonical":"https:\/\/perghermilano.com\/es\/product\/marmotta-luxury-5-posti\/","og_locale":"es_ES","og_type":"article","og_title":"MARMOTTA \u2018\u2019 LUXURY \u2018\u2019 5 POSTI - PERGHER MILANO","og_description":"Marmo a \u201cLuxury\u201d porta orologi 5 pos , prodo a con vitelli martella di diversi colori. Chiusura in acciaio, interno con ovali e divisori in velluto. Ada a anche per orologi di grandi dimensioni.","og_url":"https:\/\/perghermilano.com\/es\/product\/marmotta-luxury-5-posti\/","og_site_name":"PERGHER MILANO","article_modified_time":"2024-05-08T11:01:48+00:00","og_image":[{"width":1200,"height":800,"url":"https:\/\/perghermilano.com\/wp-content\/uploads\/2024\/04\/MARMOTTA-_LUXURY_-5-POSTI.jpg","type":"image\/jpeg"}],"twitter_card":"summary_large_image","twitter_misc":{"Tiempo de lectura":"1 minuto"},"schema":{"@context":"https:\/\/schema.org","@graph":[{"@type":"WebPage","@id":"https:\/\/perghermilano.com\/product\/marmotta-luxury-5-posti\/","url":"https:\/\/perghermilano.com\/product\/marmotta-luxury-5-posti\/","name":"MARMOTTA \u2018\u2019 LUXURY \u2018\u2019 5 POSTI - PERGHER MILANO","isPartOf":{"@id":"https:\/\/perghermilano.com\/#website"},"primaryImageOfPage":{"@id":"https:\/\/perghermilano.com\/product\/marmotta-luxury-5-posti\/#primaryimage"},"image":{"@id":"https:\/\/perghermilano.com\/product\/marmotta-luxury-5-posti\/#primaryimage"},"thumbnailUrl":"https:\/\/perghermilano.com\/wp-content\/uploads\/2024\/04\/MARMOTTA-_LUXURY_-5-POSTI.jpg","datePublished":"2024-04-03T18:18:48+00:00","dateModified":"2024-05-08T11:01:48+00:00","breadcrumb":{"@id":"https:\/\/perghermilano.com\/product\/marmotta-luxury-5-posti\/#breadcrumb"},"inLanguage":"es","potentialAction":[{"@type":"ReadAction","target":["https:\/\/perghermilano.com\/product\/marmotta-luxury-5-posti\/"]}]},{"@type":"ImageObject","inLanguage":"es","@id":"https:\/\/perghermilano.com\/product\/marmotta-luxury-5-posti\/#primaryimage","url":"https:\/\/perghermilano.com\/wp-content\/uploads\/2024\/04\/MARMOTTA-_LUXURY_-5-POSTI.jpg","contentUrl":"https:\/\/perghermilano.com\/wp-content\/uploads\/2024\/04\/MARMOTTA-_LUXURY_-5-POSTI.jpg","width":1200,"height":800},{"@type":"BreadcrumbList","@id":"https:\/\/perghermilano.com\/product\/marmotta-luxury-5-posti\/#breadcrumb","itemListElement":[{"@type":"ListItem","position":1,"name":"Inici","item":"https:\/\/perghermilano.com\/"},{"@type":"ListItem","position":2,"name":"Prodotti","item":"https:\/\/perghermilano.com\/shop\/"},{"@type":"ListItem","position":3,"name":"MARMOTTA \u2018\u2019 LUXURY \u2018\u2019 5 POSTI"}]},{"@type":"WebSite","@id":"https:\/\/perghermilano.com\/#website","url":"https:\/\/perghermilano.com\/","name":"PERGHER MILANO","description":"Elegancia en cada segundo, accesorios que definen tu estilo","publisher":{"@id":"https:\/\/perghermilano.com\/#organization"},"potentialAction":[{"@type":"SearchAction","target":{"@type":"EntryPoint","urlTemplate":"https:\/\/perghermilano.com\/?s={search_term_string}"},"query-input":{"@type":"PropertyValueSpecification","valueRequired":true,"valueName":"search_term_string"}}],"inLanguage":"es"},{"@type":"Organization","@id":"https:\/\/perghermilano.com\/#organization","name":"PERGHER MILANO","url":"https:\/\/perghermilano.com\/","logo":{"@type":"ImageObject","inLanguage":"es","@id":"https:\/\/perghermilano.com\/#\/schema\/logo\/image\/","url":"https:\/\/perghermilano.com\/wp-content\/uploads\/2024\/03\/logoNeg@114.png","contentUrl":"https:\/\/perghermilano.com\/wp-content\/uploads\/2024\/03\/logoNeg@114.png","width":528,"height":114,"caption":"PERGHER MILANO"},"image":{"@id":"https:\/\/perghermilano.com\/#\/schema\/logo\/image\/"}}]}},"_links":{"self":[{"href":"https:\/\/perghermilano.com\/es\/wp-json\/wp\/v2\/product\/300","targetHints":{"allow":["GET"]}}],"collection":[{"href":"https:\/\/perghermilano.com\/es\/wp-json\/wp\/v2\/product"}],"about":[{"href":"https:\/\/perghermilano.com\/es\/wp-json\/wp\/v2\/types\/product"}],"wp:featuredmedia":[{"embeddable":true,"href":"https:\/\/perghermilano.com\/es\/wp-json\/wp\/v2\/media\/312"}],"wp:attachment":[{"href":"https:\/\/perghermilano.com\/es\/wp-json\/wp\/v2\/media?parent=300"}],"wp:term":[{"taxonomy":"product_brand","embeddable":true,"href":"https:\/\/perghermilano.com\/es\/wp-json\/wp\/v2\/product_brand?post=300"},{"taxonomy":"product_cat","embeddable":true,"href":"https:\/\/perghermilano.com\/es\/wp-json\/wp\/v2\/product_cat?post=300"},{"taxonomy":"product_tag","embeddable":true,"href":"https:\/\/perghermilano.com\/es\/wp-json\/wp\/v2\/product_tag?post=300"}],"curies":[{"name":"wp","href":"https:\/\/api.w.org\/{rel}","templated":true}]}}