{"id":436,"date":"2024-04-03T19:04:34","date_gmt":"2024-04-03T19:04:34","guid":{"rendered":"https:\/\/perghermilano.com\/?post_type=product&#038;p=436"},"modified":"2024-05-16T11:41:39","modified_gmt":"2024-05-16T09:41:39","slug":"vassoio-per-orologi-verde-15-posti","status":"publish","type":"product","link":"https:\/\/perghermilano.com\/es\/product\/vassoio-per-orologi-verde-15-posti\/","title":{"rendered":"BANDEJA RELOJES VERDE 15 LUGARES"},"content":{"rendered":"<p><span data-sheets-root=\"1\" data-sheets-value=\"{&quot;1&quot;:2,&quot;2&quot;:&quot;Set di 3 vassoi per orologi in velluto verde. Ognuno di essi \u00e8 impilabile all\u2019altro, con coperchio in velluto di protezione. Ogni vassoio \u00e8 composto da 15 ovali in velluto.Il set viene consegnato in una pratica borsa per il trasporto. &quot;}\" data-sheets-userformat=\"{&quot;2&quot;:14337,&quot;3&quot;:{&quot;1&quot;:0,&quot;3&quot;:1},&quot;14&quot;:{&quot;1&quot;:3,&quot;3&quot;:1},&quot;15&quot;:&quot;Calibri&quot;,&quot;16&quot;:12}\">Juego de 3 bandejas para relojes de terciopelo verde. Cada uno de ellos es apilable entre s\u00ed, con una funda protectora de terciopelo. Cada bandeja se compone de 15 \u00f3valos de terciopelo. El juego se entrega en una pr\u00e1ctica bolsa de transporte. <\/span><\/p>","protected":false},"excerpt":{"rendered":"<p>Juego de 3 bandejas para relojes de terciopelo verde. Cada uno de ellos es apilable entre s\u00ed, con una funda protectora de terciopelo. Cada bandeja se compone de 15 \u00f3valos de terciopelo. El juego se entrega en una pr\u00e1ctica bolsa de transporte.<\/p>","protected":false},"featured_media":1711,"template":"","meta":{"neve_meta_sidebar":"","neve_meta_container":"","neve_meta_enable_content_width":"off","neve_meta_content_width":100,"neve_meta_title_alignment":"","neve_meta_author_avatar":"","neve_post_elements_order":"","neve_meta_disable_header":"","neve_meta_disable_footer":"","neve_meta_disable_title":"","_joinchat":[]},"product_brand":[],"product_cat":[53],"product_tag":[],"class_list":{"0":"post-436","1":"product","2":"type-product","3":"status-publish","4":"has-post-thumbnail","6":"product_cat-vassoio-per-orologi-verde-15-posti","8":"first","9":"instock","10":"shipping-taxable","11":"purchasable","12":"product-type-simple"},"yoast_head":"<!-- This site is optimized with the Yoast SEO plugin v27.4 - https:\/\/yoast.com\/product\/yoast-seo-wordpress\/ -->\n<title>VASSOIO PER OROLOGI VERDE 15 POSTI - PERGHER MILANO<\/title>\n<meta name=\"robots\" content=\"index, follow, max-snippet:-1, max-image-preview:large, max-video-preview:-1\" \/>\n<link rel=\"canonical\" href=\"https:\/\/perghermilano.com\/es\/product\/vassoio-per-orologi-verde-15-posti\/\" \/>\n<meta property=\"og:locale\" content=\"es_ES\" \/>\n<meta property=\"og:type\" content=\"article\" \/>\n<meta property=\"og:title\" content=\"VASSOIO PER OROLOGI VERDE 15 POSTI - PERGHER MILANO\" \/>\n<meta property=\"og:description\" content=\"Set di 3 vassoi per orologi in velluto verde. Ognuno di essi \u00e8 impilabile all\u2019altro, con coperchio in velluto di protezione. Ogni vassoio \u00e8 composto da 15 ovali in velluto.Il set viene consegnato in una pratica borsa per il trasporto.\" \/>\n<meta property=\"og:url\" content=\"https:\/\/perghermilano.com\/es\/product\/vassoio-per-orologi-verde-15-posti\/\" \/>\n<meta property=\"og:site_name\" content=\"PERGHER MILANO\" \/>\n<meta property=\"article:modified_time\" content=\"2024-05-16T09:41:39+00:00\" \/>\n<meta property=\"og:image\" content=\"https:\/\/perghermilano.com\/wp-content\/uploads\/2024\/04\/IMG_2410.jpg\" \/>\n\t<meta property=\"og:image:width\" content=\"1080\" \/>\n\t<meta property=\"og:image:height\" content=\"1920\" \/>\n\t<meta property=\"og:image:type\" content=\"image\/jpeg\" \/>\n<meta name=\"twitter:card\" content=\"summary_large_image\" \/>\n<meta name=\"twitter:label1\" content=\"Tiempo de lectura\" \/>\n\t<meta name=\"twitter:data1\" content=\"1 minuto\" \/>\n<script type=\"application\/ld+json\" class=\"yoast-schema-graph\">{\"@context\":\"https:\\\/\\\/schema.org\",\"@graph\":[{\"@type\":\"WebPage\",\"@id\":\"https:\\\/\\\/perghermilano.com\\\/product\\\/vassoio-per-orologi-verde-15-posti\\\/\",\"url\":\"https:\\\/\\\/perghermilano.com\\\/product\\\/vassoio-per-orologi-verde-15-posti\\\/\",\"name\":\"VASSOIO PER OROLOGI VERDE 15 POSTI - PERGHER MILANO\",\"isPartOf\":{\"@id\":\"https:\\\/\\\/perghermilano.com\\\/#website\"},\"primaryImageOfPage\":{\"@id\":\"https:\\\/\\\/perghermilano.com\\\/product\\\/vassoio-per-orologi-verde-15-posti\\\/#primaryimage\"},\"image\":{\"@id\":\"https:\\\/\\\/perghermilano.com\\\/product\\\/vassoio-per-orologi-verde-15-posti\\\/#primaryimage\"},\"thumbnailUrl\":\"https:\\\/\\\/perghermilano.com\\\/wp-content\\\/uploads\\\/2024\\\/04\\\/IMG_2410.jpg\",\"datePublished\":\"2024-04-03T19:04:34+00:00\",\"dateModified\":\"2024-05-16T09:41:39+00:00\",\"breadcrumb\":{\"@id\":\"https:\\\/\\\/perghermilano.com\\\/product\\\/vassoio-per-orologi-verde-15-posti\\\/#breadcrumb\"},\"inLanguage\":\"es\",\"potentialAction\":[{\"@type\":\"ReadAction\",\"target\":[\"https:\\\/\\\/perghermilano.com\\\/product\\\/vassoio-per-orologi-verde-15-posti\\\/\"]}]},{\"@type\":\"ImageObject\",\"inLanguage\":\"es\",\"@id\":\"https:\\\/\\\/perghermilano.com\\\/product\\\/vassoio-per-orologi-verde-15-posti\\\/#primaryimage\",\"url\":\"https:\\\/\\\/perghermilano.com\\\/wp-content\\\/uploads\\\/2024\\\/04\\\/IMG_2410.jpg\",\"contentUrl\":\"https:\\\/\\\/perghermilano.com\\\/wp-content\\\/uploads\\\/2024\\\/04\\\/IMG_2410.jpg\",\"width\":1080,\"height\":1920,\"caption\":\"{\\\"data\\\":{\\\"product\\\":\\\"tiktok\\\"}}\"},{\"@type\":\"BreadcrumbList\",\"@id\":\"https:\\\/\\\/perghermilano.com\\\/product\\\/vassoio-per-orologi-verde-15-posti\\\/#breadcrumb\",\"itemListElement\":[{\"@type\":\"ListItem\",\"position\":1,\"name\":\"Inici\",\"item\":\"https:\\\/\\\/perghermilano.com\\\/\"},{\"@type\":\"ListItem\",\"position\":2,\"name\":\"Prodotti\",\"item\":\"https:\\\/\\\/perghermilano.com\\\/shop\\\/\"},{\"@type\":\"ListItem\",\"position\":3,\"name\":\"VASSOIO PER OROLOGI VERDE 15 POSTI\"}]},{\"@type\":\"WebSite\",\"@id\":\"https:\\\/\\\/perghermilano.com\\\/#website\",\"url\":\"https:\\\/\\\/perghermilano.com\\\/\",\"name\":\"PERGHER MILANO\",\"description\":\"Eleganza in ogni secondo, accessori che definiscono il tuo stile\",\"publisher\":{\"@id\":\"https:\\\/\\\/perghermilano.com\\\/#organization\"},\"potentialAction\":[{\"@type\":\"SearchAction\",\"target\":{\"@type\":\"EntryPoint\",\"urlTemplate\":\"https:\\\/\\\/perghermilano.com\\\/?s={search_term_string}\"},\"query-input\":{\"@type\":\"PropertyValueSpecification\",\"valueRequired\":true,\"valueName\":\"search_term_string\"}}],\"inLanguage\":\"es\"},{\"@type\":\"Organization\",\"@id\":\"https:\\\/\\\/perghermilano.com\\\/#organization\",\"name\":\"PERGHER MILANO\",\"url\":\"https:\\\/\\\/perghermilano.com\\\/\",\"logo\":{\"@type\":\"ImageObject\",\"inLanguage\":\"es\",\"@id\":\"https:\\\/\\\/perghermilano.com\\\/#\\\/schema\\\/logo\\\/image\\\/\",\"url\":\"https:\\\/\\\/perghermilano.com\\\/wp-content\\\/uploads\\\/2024\\\/03\\\/logoNeg@114.png\",\"contentUrl\":\"https:\\\/\\\/perghermilano.com\\\/wp-content\\\/uploads\\\/2024\\\/03\\\/logoNeg@114.png\",\"width\":528,\"height\":114,\"caption\":\"PERGHER MILANO\"},\"image\":{\"@id\":\"https:\\\/\\\/perghermilano.com\\\/#\\\/schema\\\/logo\\\/image\\\/\"}}]}<\/script>\n<!-- \/ Yoast SEO plugin. -->","yoast_head_json":{"title":"VASSOIO PER OROLOGI VERDE 15 POSTI - PERGHER MILANO","robots":{"index":"index","follow":"follow","max-snippet":"max-snippet:-1","max-image-preview":"max-image-preview:large","max-video-preview":"max-video-preview:-1"},"canonical":"https:\/\/perghermilano.com\/es\/product\/vassoio-per-orologi-verde-15-posti\/","og_locale":"es_ES","og_type":"article","og_title":"VASSOIO PER OROLOGI VERDE 15 POSTI - PERGHER MILANO","og_description":"Set di 3 vassoi per orologi in velluto verde. Ognuno di essi \u00e8 impilabile all\u2019altro, con coperchio in velluto di protezione. Ogni vassoio \u00e8 composto da 15 ovali in velluto.Il set viene consegnato in una pratica borsa per il trasporto.","og_url":"https:\/\/perghermilano.com\/es\/product\/vassoio-per-orologi-verde-15-posti\/","og_site_name":"PERGHER MILANO","article_modified_time":"2024-05-16T09:41:39+00:00","og_image":[{"width":1080,"height":1920,"url":"https:\/\/perghermilano.com\/wp-content\/uploads\/2024\/04\/IMG_2410.jpg","type":"image\/jpeg"}],"twitter_card":"summary_large_image","twitter_misc":{"Tiempo de lectura":"1 minuto"},"schema":{"@context":"https:\/\/schema.org","@graph":[{"@type":"WebPage","@id":"https:\/\/perghermilano.com\/product\/vassoio-per-orologi-verde-15-posti\/","url":"https:\/\/perghermilano.com\/product\/vassoio-per-orologi-verde-15-posti\/","name":"VASSOIO PER OROLOGI VERDE 15 POSTI - PERGHER MILANO","isPartOf":{"@id":"https:\/\/perghermilano.com\/#website"},"primaryImageOfPage":{"@id":"https:\/\/perghermilano.com\/product\/vassoio-per-orologi-verde-15-posti\/#primaryimage"},"image":{"@id":"https:\/\/perghermilano.com\/product\/vassoio-per-orologi-verde-15-posti\/#primaryimage"},"thumbnailUrl":"https:\/\/perghermilano.com\/wp-content\/uploads\/2024\/04\/IMG_2410.jpg","datePublished":"2024-04-03T19:04:34+00:00","dateModified":"2024-05-16T09:41:39+00:00","breadcrumb":{"@id":"https:\/\/perghermilano.com\/product\/vassoio-per-orologi-verde-15-posti\/#breadcrumb"},"inLanguage":"es","potentialAction":[{"@type":"ReadAction","target":["https:\/\/perghermilano.com\/product\/vassoio-per-orologi-verde-15-posti\/"]}]},{"@type":"ImageObject","inLanguage":"es","@id":"https:\/\/perghermilano.com\/product\/vassoio-per-orologi-verde-15-posti\/#primaryimage","url":"https:\/\/perghermilano.com\/wp-content\/uploads\/2024\/04\/IMG_2410.jpg","contentUrl":"https:\/\/perghermilano.com\/wp-content\/uploads\/2024\/04\/IMG_2410.jpg","width":1080,"height":1920,"caption":"{\"data\":{\"product\":\"tiktok\"}}"},{"@type":"BreadcrumbList","@id":"https:\/\/perghermilano.com\/product\/vassoio-per-orologi-verde-15-posti\/#breadcrumb","itemListElement":[{"@type":"ListItem","position":1,"name":"Inici","item":"https:\/\/perghermilano.com\/"},{"@type":"ListItem","position":2,"name":"Prodotti","item":"https:\/\/perghermilano.com\/shop\/"},{"@type":"ListItem","position":3,"name":"VASSOIO PER OROLOGI VERDE 15 POSTI"}]},{"@type":"WebSite","@id":"https:\/\/perghermilano.com\/#website","url":"https:\/\/perghermilano.com\/","name":"PERGHER MILANO","description":"Elegancia en cada segundo, accesorios que definen tu estilo","publisher":{"@id":"https:\/\/perghermilano.com\/#organization"},"potentialAction":[{"@type":"SearchAction","target":{"@type":"EntryPoint","urlTemplate":"https:\/\/perghermilano.com\/?s={search_term_string}"},"query-input":{"@type":"PropertyValueSpecification","valueRequired":true,"valueName":"search_term_string"}}],"inLanguage":"es"},{"@type":"Organization","@id":"https:\/\/perghermilano.com\/#organization","name":"PERGHER MILANO","url":"https:\/\/perghermilano.com\/","logo":{"@type":"ImageObject","inLanguage":"es","@id":"https:\/\/perghermilano.com\/#\/schema\/logo\/image\/","url":"https:\/\/perghermilano.com\/wp-content\/uploads\/2024\/03\/logoNeg@114.png","contentUrl":"https:\/\/perghermilano.com\/wp-content\/uploads\/2024\/03\/logoNeg@114.png","width":528,"height":114,"caption":"PERGHER MILANO"},"image":{"@id":"https:\/\/perghermilano.com\/#\/schema\/logo\/image\/"}}]}},"_links":{"self":[{"href":"https:\/\/perghermilano.com\/es\/wp-json\/wp\/v2\/product\/436","targetHints":{"allow":["GET"]}}],"collection":[{"href":"https:\/\/perghermilano.com\/es\/wp-json\/wp\/v2\/product"}],"about":[{"href":"https:\/\/perghermilano.com\/es\/wp-json\/wp\/v2\/types\/product"}],"wp:featuredmedia":[{"embeddable":true,"href":"https:\/\/perghermilano.com\/es\/wp-json\/wp\/v2\/media\/1711"}],"wp:attachment":[{"href":"https:\/\/perghermilano.com\/es\/wp-json\/wp\/v2\/media?parent=436"}],"wp:term":[{"taxonomy":"product_brand","embeddable":true,"href":"https:\/\/perghermilano.com\/es\/wp-json\/wp\/v2\/product_brand?post=436"},{"taxonomy":"product_cat","embeddable":true,"href":"https:\/\/perghermilano.com\/es\/wp-json\/wp\/v2\/product_cat?post=436"},{"taxonomy":"product_tag","embeddable":true,"href":"https:\/\/perghermilano.com\/es\/wp-json\/wp\/v2\/product_tag?post=436"}],"curies":[{"name":"wp","href":"https:\/\/api.w.org\/{rel}","templated":true}]}}