{"id":470,"date":"2024-04-03T19:19:33","date_gmt":"2024-04-03T19:19:33","guid":{"rendered":"https:\/\/perghermilano.com\/?post_type=product&#038;p=470"},"modified":"2024-05-08T12:34:18","modified_gmt":"2024-05-08T10:34:18","slug":"zip-1-posto-pelle-con-finestra","status":"publish","type":"product","link":"https:\/\/perghermilano.com\/es\/product\/zip-1-posto-pelle-con-finestra\/","title":{"rendered":"POSTAL 1 LUGAR DE LA PIEL CON UNA VENTANA"},"content":{"rendered":"<p>Cremallera de 1 plaza con apertura de cremallera. Interior de terciopelo con tap\u00f3n de reloj el\u00e1stico, piel eterna de diferentes materiales y colores. Equipado con una ventana redonda de plexigl\u00e1s transparente para permitirle ver el reloj en el interior. Ideales para un almacenamiento sin da\u00f1os, se pueden colocar tanto en una caja fuerte como en cualquier rinc\u00f3n.<\/p>","protected":false},"excerpt":{"rendered":"<p>Cremallera de 1 plaza con apertura de cremallera. Interior de terciopelo con tap\u00f3n de reloj el\u00e1stico, piel eterna de diferentes materiales y colores. Equipado con una ventana redonda de plexigl\u00e1s transparente para permitirle ver el reloj en el interior. Ideales para un almacenamiento sin da\u00f1os, se pueden colocar tanto en una caja fuerte como en cualquier rinc\u00f3n.<\/p>","protected":false},"featured_media":478,"template":"","meta":{"neve_meta_sidebar":"","neve_meta_container":"","neve_meta_enable_content_width":"off","neve_meta_content_width":100,"neve_meta_title_alignment":"","neve_meta_author_avatar":"","neve_post_elements_order":"","neve_meta_disable_header":"","neve_meta_disable_footer":"","neve_meta_disable_title":"","_joinchat":[]},"product_brand":[],"product_cat":[24],"product_tag":[],"class_list":{"0":"post-470","1":"product","2":"type-product","3":"status-publish","4":"has-post-thumbnail","6":"product_cat-zip-porta-orologi","8":"first","9":"instock","10":"shipping-taxable","11":"purchasable","12":"product-type-simple"},"yoast_head":"<!-- This site is optimized with the Yoast SEO plugin v27.4 - https:\/\/yoast.com\/product\/yoast-seo-wordpress\/ -->\n<title>ZIP 1 POSTO PELLE CON FINESTRA - PERGHER MILANO<\/title>\n<meta name=\"robots\" content=\"index, follow, max-snippet:-1, max-image-preview:large, max-video-preview:-1\" \/>\n<link rel=\"canonical\" href=\"https:\/\/perghermilano.com\/es\/product\/zip-1-posto-pelle-con-finestra\/\" \/>\n<meta property=\"og:locale\" content=\"es_ES\" \/>\n<meta property=\"og:type\" content=\"article\" \/>\n<meta property=\"og:title\" content=\"ZIP 1 POSTO PELLE CON FINESTRA - PERGHER MILANO\" \/>\n<meta property=\"og:description\" content=\"Zip da 1 posto con apertura a cerniera. Interno in velluto con ferma orologio ad eslastica, eterno in pellami di diverso materiele e colore. Dotato di finestrella rotonda in plexi trasparente per permettere di vedere l&#8217;orologio all&#8217;interno. Ideale per una conservazione senza danni, posizionabili sia in cassaforte che in qualsiasi anfratto\" \/>\n<meta property=\"og:url\" content=\"https:\/\/perghermilano.com\/es\/product\/zip-1-posto-pelle-con-finestra\/\" \/>\n<meta property=\"og:site_name\" content=\"PERGHER MILANO\" \/>\n<meta property=\"article:modified_time\" content=\"2024-05-08T10:34:18+00:00\" \/>\n<meta property=\"og:image\" content=\"https:\/\/perghermilano.com\/wp-content\/uploads\/2024\/04\/ZIP-1-POSTO-PELLE-CON-FINESTRA.jpg\" \/>\n\t<meta property=\"og:image:width\" content=\"900\" \/>\n\t<meta property=\"og:image:height\" content=\"1200\" \/>\n\t<meta property=\"og:image:type\" content=\"image\/jpeg\" \/>\n<meta name=\"twitter:card\" content=\"summary_large_image\" \/>\n<meta name=\"twitter:label1\" content=\"Tiempo de lectura\" \/>\n\t<meta name=\"twitter:data1\" content=\"1 minuto\" \/>\n<script type=\"application\/ld+json\" class=\"yoast-schema-graph\">{\"@context\":\"https:\\\/\\\/schema.org\",\"@graph\":[{\"@type\":\"WebPage\",\"@id\":\"https:\\\/\\\/perghermilano.com\\\/product\\\/zip-1-posto-pelle-con-finestra\\\/\",\"url\":\"https:\\\/\\\/perghermilano.com\\\/product\\\/zip-1-posto-pelle-con-finestra\\\/\",\"name\":\"ZIP 1 POSTO PELLE CON FINESTRA - PERGHER MILANO\",\"isPartOf\":{\"@id\":\"https:\\\/\\\/perghermilano.com\\\/#website\"},\"primaryImageOfPage\":{\"@id\":\"https:\\\/\\\/perghermilano.com\\\/product\\\/zip-1-posto-pelle-con-finestra\\\/#primaryimage\"},\"image\":{\"@id\":\"https:\\\/\\\/perghermilano.com\\\/product\\\/zip-1-posto-pelle-con-finestra\\\/#primaryimage\"},\"thumbnailUrl\":\"https:\\\/\\\/perghermilano.com\\\/wp-content\\\/uploads\\\/2024\\\/04\\\/ZIP-1-POSTO-PELLE-CON-FINESTRA.jpg\",\"datePublished\":\"2024-04-03T19:19:33+00:00\",\"dateModified\":\"2024-05-08T10:34:18+00:00\",\"breadcrumb\":{\"@id\":\"https:\\\/\\\/perghermilano.com\\\/product\\\/zip-1-posto-pelle-con-finestra\\\/#breadcrumb\"},\"inLanguage\":\"es\",\"potentialAction\":[{\"@type\":\"ReadAction\",\"target\":[\"https:\\\/\\\/perghermilano.com\\\/product\\\/zip-1-posto-pelle-con-finestra\\\/\"]}]},{\"@type\":\"ImageObject\",\"inLanguage\":\"es\",\"@id\":\"https:\\\/\\\/perghermilano.com\\\/product\\\/zip-1-posto-pelle-con-finestra\\\/#primaryimage\",\"url\":\"https:\\\/\\\/perghermilano.com\\\/wp-content\\\/uploads\\\/2024\\\/04\\\/ZIP-1-POSTO-PELLE-CON-FINESTRA.jpg\",\"contentUrl\":\"https:\\\/\\\/perghermilano.com\\\/wp-content\\\/uploads\\\/2024\\\/04\\\/ZIP-1-POSTO-PELLE-CON-FINESTRA.jpg\",\"width\":900,\"height\":1200},{\"@type\":\"BreadcrumbList\",\"@id\":\"https:\\\/\\\/perghermilano.com\\\/product\\\/zip-1-posto-pelle-con-finestra\\\/#breadcrumb\",\"itemListElement\":[{\"@type\":\"ListItem\",\"position\":1,\"name\":\"Inici\",\"item\":\"https:\\\/\\\/perghermilano.com\\\/\"},{\"@type\":\"ListItem\",\"position\":2,\"name\":\"Prodotti\",\"item\":\"https:\\\/\\\/perghermilano.com\\\/shop\\\/\"},{\"@type\":\"ListItem\",\"position\":3,\"name\":\"ZIP 1 POSTO PELLE CON FINESTRA\"}]},{\"@type\":\"WebSite\",\"@id\":\"https:\\\/\\\/perghermilano.com\\\/#website\",\"url\":\"https:\\\/\\\/perghermilano.com\\\/\",\"name\":\"PERGHER MILANO\",\"description\":\"Eleganza in ogni secondo, accessori che definiscono il tuo stile\",\"publisher\":{\"@id\":\"https:\\\/\\\/perghermilano.com\\\/#organization\"},\"potentialAction\":[{\"@type\":\"SearchAction\",\"target\":{\"@type\":\"EntryPoint\",\"urlTemplate\":\"https:\\\/\\\/perghermilano.com\\\/?s={search_term_string}\"},\"query-input\":{\"@type\":\"PropertyValueSpecification\",\"valueRequired\":true,\"valueName\":\"search_term_string\"}}],\"inLanguage\":\"es\"},{\"@type\":\"Organization\",\"@id\":\"https:\\\/\\\/perghermilano.com\\\/#organization\",\"name\":\"PERGHER MILANO\",\"url\":\"https:\\\/\\\/perghermilano.com\\\/\",\"logo\":{\"@type\":\"ImageObject\",\"inLanguage\":\"es\",\"@id\":\"https:\\\/\\\/perghermilano.com\\\/#\\\/schema\\\/logo\\\/image\\\/\",\"url\":\"https:\\\/\\\/perghermilano.com\\\/wp-content\\\/uploads\\\/2024\\\/03\\\/logoNeg@114.png\",\"contentUrl\":\"https:\\\/\\\/perghermilano.com\\\/wp-content\\\/uploads\\\/2024\\\/03\\\/logoNeg@114.png\",\"width\":528,\"height\":114,\"caption\":\"PERGHER MILANO\"},\"image\":{\"@id\":\"https:\\\/\\\/perghermilano.com\\\/#\\\/schema\\\/logo\\\/image\\\/\"}}]}<\/script>\n<!-- \/ Yoast SEO plugin. -->","yoast_head_json":{"title":"ZIP 1 POSTO PELLE CON FINESTRA - PERGHER MILANO","robots":{"index":"index","follow":"follow","max-snippet":"max-snippet:-1","max-image-preview":"max-image-preview:large","max-video-preview":"max-video-preview:-1"},"canonical":"https:\/\/perghermilano.com\/es\/product\/zip-1-posto-pelle-con-finestra\/","og_locale":"es_ES","og_type":"article","og_title":"ZIP 1 POSTO PELLE CON FINESTRA - PERGHER MILANO","og_description":"Zip da 1 posto con apertura a cerniera. Interno in velluto con ferma orologio ad eslastica, eterno in pellami di diverso materiele e colore. Dotato di finestrella rotonda in plexi trasparente per permettere di vedere l&#8217;orologio all&#8217;interno. Ideale per una conservazione senza danni, posizionabili sia in cassaforte che in qualsiasi anfratto","og_url":"https:\/\/perghermilano.com\/es\/product\/zip-1-posto-pelle-con-finestra\/","og_site_name":"PERGHER MILANO","article_modified_time":"2024-05-08T10:34:18+00:00","og_image":[{"width":900,"height":1200,"url":"https:\/\/perghermilano.com\/wp-content\/uploads\/2024\/04\/ZIP-1-POSTO-PELLE-CON-FINESTRA.jpg","type":"image\/jpeg"}],"twitter_card":"summary_large_image","twitter_misc":{"Tiempo de lectura":"1 minuto"},"schema":{"@context":"https:\/\/schema.org","@graph":[{"@type":"WebPage","@id":"https:\/\/perghermilano.com\/product\/zip-1-posto-pelle-con-finestra\/","url":"https:\/\/perghermilano.com\/product\/zip-1-posto-pelle-con-finestra\/","name":"ZIP 1 POSTO PELLE CON FINESTRA - PERGHER MILANO","isPartOf":{"@id":"https:\/\/perghermilano.com\/#website"},"primaryImageOfPage":{"@id":"https:\/\/perghermilano.com\/product\/zip-1-posto-pelle-con-finestra\/#primaryimage"},"image":{"@id":"https:\/\/perghermilano.com\/product\/zip-1-posto-pelle-con-finestra\/#primaryimage"},"thumbnailUrl":"https:\/\/perghermilano.com\/wp-content\/uploads\/2024\/04\/ZIP-1-POSTO-PELLE-CON-FINESTRA.jpg","datePublished":"2024-04-03T19:19:33+00:00","dateModified":"2024-05-08T10:34:18+00:00","breadcrumb":{"@id":"https:\/\/perghermilano.com\/product\/zip-1-posto-pelle-con-finestra\/#breadcrumb"},"inLanguage":"es","potentialAction":[{"@type":"ReadAction","target":["https:\/\/perghermilano.com\/product\/zip-1-posto-pelle-con-finestra\/"]}]},{"@type":"ImageObject","inLanguage":"es","@id":"https:\/\/perghermilano.com\/product\/zip-1-posto-pelle-con-finestra\/#primaryimage","url":"https:\/\/perghermilano.com\/wp-content\/uploads\/2024\/04\/ZIP-1-POSTO-PELLE-CON-FINESTRA.jpg","contentUrl":"https:\/\/perghermilano.com\/wp-content\/uploads\/2024\/04\/ZIP-1-POSTO-PELLE-CON-FINESTRA.jpg","width":900,"height":1200},{"@type":"BreadcrumbList","@id":"https:\/\/perghermilano.com\/product\/zip-1-posto-pelle-con-finestra\/#breadcrumb","itemListElement":[{"@type":"ListItem","position":1,"name":"Inici","item":"https:\/\/perghermilano.com\/"},{"@type":"ListItem","position":2,"name":"Prodotti","item":"https:\/\/perghermilano.com\/shop\/"},{"@type":"ListItem","position":3,"name":"ZIP 1 POSTO PELLE CON FINESTRA"}]},{"@type":"WebSite","@id":"https:\/\/perghermilano.com\/#website","url":"https:\/\/perghermilano.com\/","name":"PERGHER MILANO","description":"Elegancia en cada segundo, accesorios que definen tu estilo","publisher":{"@id":"https:\/\/perghermilano.com\/#organization"},"potentialAction":[{"@type":"SearchAction","target":{"@type":"EntryPoint","urlTemplate":"https:\/\/perghermilano.com\/?s={search_term_string}"},"query-input":{"@type":"PropertyValueSpecification","valueRequired":true,"valueName":"search_term_string"}}],"inLanguage":"es"},{"@type":"Organization","@id":"https:\/\/perghermilano.com\/#organization","name":"PERGHER MILANO","url":"https:\/\/perghermilano.com\/","logo":{"@type":"ImageObject","inLanguage":"es","@id":"https:\/\/perghermilano.com\/#\/schema\/logo\/image\/","url":"https:\/\/perghermilano.com\/wp-content\/uploads\/2024\/03\/logoNeg@114.png","contentUrl":"https:\/\/perghermilano.com\/wp-content\/uploads\/2024\/03\/logoNeg@114.png","width":528,"height":114,"caption":"PERGHER MILANO"},"image":{"@id":"https:\/\/perghermilano.com\/#\/schema\/logo\/image\/"}}]}},"_links":{"self":[{"href":"https:\/\/perghermilano.com\/es\/wp-json\/wp\/v2\/product\/470","targetHints":{"allow":["GET"]}}],"collection":[{"href":"https:\/\/perghermilano.com\/es\/wp-json\/wp\/v2\/product"}],"about":[{"href":"https:\/\/perghermilano.com\/es\/wp-json\/wp\/v2\/types\/product"}],"wp:featuredmedia":[{"embeddable":true,"href":"https:\/\/perghermilano.com\/es\/wp-json\/wp\/v2\/media\/478"}],"wp:attachment":[{"href":"https:\/\/perghermilano.com\/es\/wp-json\/wp\/v2\/media?parent=470"}],"wp:term":[{"taxonomy":"product_brand","embeddable":true,"href":"https:\/\/perghermilano.com\/es\/wp-json\/wp\/v2\/product_brand?post=470"},{"taxonomy":"product_cat","embeddable":true,"href":"https:\/\/perghermilano.com\/es\/wp-json\/wp\/v2\/product_cat?post=470"},{"taxonomy":"product_tag","embeddable":true,"href":"https:\/\/perghermilano.com\/es\/wp-json\/wp\/v2\/product_tag?post=470"}],"curies":[{"name":"wp","href":"https:\/\/api.w.org\/{rel}","templated":true}]}}